{"id":27567,"date":"2022-10-21T12:45:18","date_gmt":"2022-10-21T10:45:18","guid":{"rendered":"https:\/\/poll-berlin.de\/galerie\/?page_id=27567"},"modified":"2025-02-18T13:13:04","modified_gmt":"2025-02-18T12:13:04","slug":"audio-video","status":"publish","type":"page","link":"https:\/\/poll-berlin.de\/galerie\/ausstellungen\/archiv\/goeran-gnaudschun\/audio-video\/","title":{"rendered":"Audio \/ Video"},"content":{"rendered":"\n<p>Anl\u00e4sslich der Ausstellung f\u00fchrte <a href=\"https:\/\/www.juliarosenbaum.com\/?page_id=109\">Julia Rosenbaum<\/a> ein K\u00fcnstlergespr\u00e4ch, das hier nachzuh\u00f6ren ist (dt., Dauer: ca. 1 Std.):<\/p>\n\n\n\n<figure class=\"wp-block-image size-full\"><a href=\"https:\/\/soundcloud.com\/jochen-stoeckmann\/goran-gnaudschun-fotoportrats-galerie-poll-gesprach-mit-julia-rosenbaum\" target=\"_blank\" rel=\"noreferrer noopener\"><img loading=\"lazy\" decoding=\"async\" width=\"200\" height=\"23\" src=\"https:\/\/poll-berlin.de\/galerie\/wp-content\/uploads\/Soundcloud_Logo.gif\" alt=\"\" class=\"wp-image-2556\"\/><\/a><\/figure>\n\n\n\n<div style=\"height:10px\" aria-hidden=\"true\" class=\"wp-block-spacer\"><\/div>\n\n\n\n<figure class=\"wp-block-image size-large is-resized\"><img loading=\"lazy\" decoding=\"async\" width=\"800\" height=\"800\" src=\"https:\/\/poll-berlin.de\/galerie\/wp-content\/uploads\/GG-JR_Foto-Nana-Poll_web-800x800.jpg\" alt=\"\" class=\"wp-image-36858\" style=\"width:400px\" srcset=\"https:\/\/poll-berlin.de\/galerie\/wp-content\/uploads\/GG-JR_Foto-Nana-Poll_web-800x800.jpg 800w, https:\/\/poll-berlin.de\/galerie\/wp-content\/uploads\/GG-JR_Foto-Nana-Poll_web-300x300.jpg 300w, https:\/\/poll-berlin.de\/galerie\/wp-content\/uploads\/GG-JR_Foto-Nana-Poll_web-150x150.jpg 150w, https:\/\/poll-berlin.de\/galerie\/wp-content\/uploads\/GG-JR_Foto-Nana-Poll_web-768x768.jpg 768w, https:\/\/poll-berlin.de\/galerie\/wp-content\/uploads\/GG-JR_Foto-Nana-Poll_web.jpg 1500w\" sizes=\"auto, (max-width: 800px) 100vw, 800px\" \/><\/figure>\n","protected":false},"excerpt":{"rendered":"<p>Anl\u00e4sslich der Ausstellung f\u00fchrte Julia Rosenbaum ein K\u00fcnstlergespr\u00e4ch, das hier nachzuh\u00f6ren ist (dt., Dauer: ca. 1 Std.):<\/p>\n","protected":false},"author":1,"featured_media":0,"parent":27561,"menu_order":4,"comment_status":"closed","ping_status":"closed","template":"ausstellen-text.php","meta":{"_acf_changed":false,"footnotes":""},"class_list":["post-27567","page","type-page","status-publish","hentry"],"acf":[],"_links":{"self":[{"href":"https:\/\/poll-berlin.de\/galerie\/wp-json\/wp\/v2\/pages\/27567","targetHints":{"allow":["GET"]}}],"collection":[{"href":"https:\/\/poll-berlin.de\/galerie\/wp-json\/wp\/v2\/pages"}],"about":[{"href":"https:\/\/poll-berlin.de\/galerie\/wp-json\/wp\/v2\/types\/page"}],"author":[{"embeddable":true,"href":"https:\/\/poll-berlin.de\/galerie\/wp-json\/wp\/v2\/users\/1"}],"replies":[{"embeddable":true,"href":"https:\/\/poll-berlin.de\/galerie\/wp-json\/wp\/v2\/comments?post=27567"}],"version-history":[{"count":18,"href":"https:\/\/poll-berlin.de\/galerie\/wp-json\/wp\/v2\/pages\/27567\/revisions"}],"predecessor-version":[{"id":41112,"href":"https:\/\/poll-berlin.de\/galerie\/wp-json\/wp\/v2\/pages\/27567\/revisions\/41112"}],"up":[{"embeddable":true,"href":"https:\/\/poll-berlin.de\/galerie\/wp-json\/wp\/v2\/pages\/27561"}],"wp:attachment":[{"href":"https:\/\/poll-berlin.de\/galerie\/wp-json\/wp\/v2\/media?parent=27567"}],"curies":[{"name":"wp","href":"https:\/\/api.w.org\/{rel}","templated":true}]}}