{"id":27561,"date":"2022-06-25T13:18:18","date_gmt":"2022-06-25T11:18:18","guid":{"rendered":"https:\/\/poll-berlin.de\/galerie\/?page_id=27561"},"modified":"2025-03-18T18:10:38","modified_gmt":"2025-03-18T17:10:38","slug":"goeran-gnaudschun","status":"publish","type":"page","link":"https:\/\/poll-berlin.de\/galerie\/ausstellungen\/archiv\/goeran-gnaudschun\/","title":{"rendered":"G\u00f6ran Gnaudschun<\/br>2. September \u2013 22. Oktober 2022"},"content":{"rendered":"\n<p><strong>G\u00f6ran Gnaudschun<\/strong>.<br><strong>Junge Frau mit Unendlichkeitskette<\/strong><br><strong>Portr\u00e4ts 1981-2022<\/strong><br>2. September \u2013 22. Oktober 2022, <mark style=\"background-color:rgba(0, 0, 0, 0)\" class=\"has-inline-color has-black-color\">Er\u00f6ffnung: 1. September, 18-21 Uhr<\/mark><br>K\u00fcnstlergespr\u00e4ch mit Julia Rosenbaum am 22. September um 19 Uhr<\/p>\n","protected":false},"excerpt":{"rendered":"<p>G\u00f6ran Gnaudschun.Junge Frau mit UnendlichkeitskettePortr\u00e4ts 1981-20222. September \u2013 22. Oktober 2022, Er\u00f6ffnung: 1. September, 18-21 UhrK\u00fcnstlergespr\u00e4ch mit Julia Rosenbaum am 22. September um 19 Uhr<\/p>\n","protected":false},"author":2,"featured_media":27484,"parent":440,"menu_order":21,"comment_status":"closed","ping_status":"closed","template":"ausstellen-austellung.php","meta":{"_acf_changed":false,"footnotes":""},"class_list":["post-27561","page","type-page","status-publish","has-post-thumbnail","hentry"],"acf":[],"_links":{"self":[{"href":"https:\/\/poll-berlin.de\/galerie\/wp-json\/wp\/v2\/pages\/27561","targetHints":{"allow":["GET"]}}],"collection":[{"href":"https:\/\/poll-berlin.de\/galerie\/wp-json\/wp\/v2\/pages"}],"about":[{"href":"https:\/\/poll-berlin.de\/galerie\/wp-json\/wp\/v2\/types\/page"}],"author":[{"embeddable":true,"href":"https:\/\/poll-berlin.de\/galerie\/wp-json\/wp\/v2\/users\/2"}],"replies":[{"embeddable":true,"href":"https:\/\/poll-berlin.de\/galerie\/wp-json\/wp\/v2\/comments?post=27561"}],"version-history":[{"count":11,"href":"https:\/\/poll-berlin.de\/galerie\/wp-json\/wp\/v2\/pages\/27561\/revisions"}],"predecessor-version":[{"id":41691,"href":"https:\/\/poll-berlin.de\/galerie\/wp-json\/wp\/v2\/pages\/27561\/revisions\/41691"}],"up":[{"embeddable":true,"href":"https:\/\/poll-berlin.de\/galerie\/wp-json\/wp\/v2\/pages\/440"}],"wp:featuredmedia":[{"embeddable":true,"href":"https:\/\/poll-berlin.de\/galerie\/wp-json\/wp\/v2\/media\/27484"}],"wp:attachment":[{"href":"https:\/\/poll-berlin.de\/galerie\/wp-json\/wp\/v2\/media?parent=27561"}],"curies":[{"name":"wp","href":"https:\/\/api.w.org\/{rel}","templated":true}]}}