{"id":274,"date":"2021-05-07T12:52:41","date_gmt":"2021-05-07T10:52:41","guid":{"rendered":"https:\/\/poll-berlin.de\/galerie\/?page_id=274"},"modified":"2025-12-07T19:08:32","modified_gmt":"2025-12-07T18:08:32","slug":"werke-in-sammlungen","status":"publish","type":"page","link":"https:\/\/poll-berlin.de\/galerie\/kuenstler-der-galerie\/ralf-kerbach\/werke-in-sammlungen\/","title":{"rendered":"Werke in Sammlungen"},"content":{"rendered":"\n<p><strong>Werke in Sammlungen<\/strong><\/p>\n\n\n\n<p>Berlinische Galerie &#8211; Museum f\u00fcr Moderne Kunst<br>Kunststiftung Poll, Berlin<br>Kupferstichkabinett der Staatlichen Museen zu Berlin<br>The Lilly Library, Indiana University, Bloomington (USA)<br>Vorarlberger Landesbibliothek, Bregenz<br>dkw. Kunstmuseum Dieselkraftwerk Cottbus<br>Hessisches Landesmuseum Darmstadt<br>Museum No Hero, Delden (Niederlande)<br>Albertinum der Staatlichen Kunstsammlungen Dresden<br>Kunstfonds der Staatlichen Kunstsammlungen Dresden<br>Kupferstich-Kabinett der Staatlichen Kunstsammlungen Dresden<br>S\u00e4chsische Landesbibliothek Dresden<br>St\u00e4dtische Galerie Dresden<br>Museum der bildenden K\u00fcnste Leipzig<br>Biblioth\u00e8que nationale du Luxembourg<br>Stiftung Lyrik Kabinett, M\u00fcnchen<br>Special Collections, Columbia University Libraries, New York City<br>Sammlung Hasso Plattner, Potsdam<br>Landesbibliothek Mecklenburg-Vorpommern, Schwerin<br>Green Library, Stanford University (USA)<\/p>\n\n\n\n<p><\/p>\n","protected":false},"excerpt":{"rendered":"<p>Werke in Sammlungen Berlinische Galerie &#8211; Museum f\u00fcr Moderne KunstKunststiftung Poll, BerlinKupferstichkabinett der Staatlichen Museen zu BerlinThe Lilly Library, Indiana University, Bloomington (USA)Vorarlberger Landesbibliothek, Bregenzdkw. Kunstmuseum Dieselkraftwerk CottbusHessisches Landesmuseum DarmstadtMuseum No Hero, Delden (Niederlande)Albertinum der Staatlichen Kunstsammlungen DresdenKunstfonds der Staatlichen Kunstsammlungen DresdenKupferstich-Kabinett der Staatlichen Kunstsammlungen DresdenS\u00e4chsische Landesbibliothek DresdenSt\u00e4dtische Galerie DresdenMuseum der bildenden K\u00fcnste LeipzigBiblioth\u00e8que nationale [&hellip;]<\/p>\n","protected":false},"author":2,"featured_media":0,"parent":186,"menu_order":2,"comment_status":"closed","ping_status":"closed","template":"kuenstler-text.php","meta":{"_acf_changed":false,"footnotes":""},"class_list":["post-274","page","type-page","status-publish","hentry"],"acf":[],"_links":{"self":[{"href":"https:\/\/poll-berlin.de\/galerie\/wp-json\/wp\/v2\/pages\/274","targetHints":{"allow":["GET"]}}],"collection":[{"href":"https:\/\/poll-berlin.de\/galerie\/wp-json\/wp\/v2\/pages"}],"about":[{"href":"https:\/\/poll-berlin.de\/galerie\/wp-json\/wp\/v2\/types\/page"}],"author":[{"embeddable":true,"href":"https:\/\/poll-berlin.de\/galerie\/wp-json\/wp\/v2\/users\/2"}],"replies":[{"embeddable":true,"href":"https:\/\/poll-berlin.de\/galerie\/wp-json\/wp\/v2\/comments?post=274"}],"version-history":[{"count":15,"href":"https:\/\/poll-berlin.de\/galerie\/wp-json\/wp\/v2\/pages\/274\/revisions"}],"predecessor-version":[{"id":44863,"href":"https:\/\/poll-berlin.de\/galerie\/wp-json\/wp\/v2\/pages\/274\/revisions\/44863"}],"up":[{"embeddable":true,"href":"https:\/\/poll-berlin.de\/galerie\/wp-json\/wp\/v2\/pages\/186"}],"wp:attachment":[{"href":"https:\/\/poll-berlin.de\/galerie\/wp-json\/wp\/v2\/media?parent=274"}],"curies":[{"name":"wp","href":"https:\/\/api.w.org\/{rel}","templated":true}]}}