{"id":269,"date":"2021-05-07T12:43:23","date_gmt":"2021-05-07T10:43:23","guid":{"rendered":"https:\/\/poll-berlin.de\/galerie\/?page_id=269"},"modified":"2025-10-14T18:19:47","modified_gmt":"2025-10-14T16:19:47","slug":"biografie","status":"publish","type":"page","link":"https:\/\/poll-berlin.de\/galerie\/kuenstler-der-galerie\/ralf-kerbach\/biografie\/","title":{"rendered":"Biografie"},"content":{"rendered":"\n<p><strong>Biografie<\/strong><\/p>\n\n\n\n<div style=\"height:10px\" aria-hidden=\"true\" class=\"wp-block-spacer\"><\/div>\n\n\n\n<figure class=\"wp-block-table\"><table><tbody><tr><td>1956<\/td><td>geboren in Dresden<\/td><\/tr><tr><td>1977-1979<\/td><td>Studium der Malerei und Grafik an der Hochschule f\u00fcr Bildende K\u00fcnste Dresden bei Prof. Gerhard Kettner<\/td><\/tr><tr><td>1979<\/td><td>Exmatrikulation, Mitbegr\u00fcnder der Dresdner Punkband \u201eZwitschermaschine\u201c (mit Cornelia Schleime, Matthias Zeidler u. a.)<\/td><\/tr><tr><td>1982<\/td><td>gezwungen die DDR zu verlassen, \u00dcbersiedlung nach West-Berlin<\/td><\/tr><tr><td>1983-1985<\/td><td>Atelier im K\u00fcnstlerhaus Bethanien, Berlin<\/td><\/tr><tr><td>1988<\/td><td>l\u00e4ngerer Aufenthalt in Paris<\/td><\/tr><tr><td>1988-1990<\/td><td>Atelier in Valqui\u00e8res bei Montpellier (Frankreich)<\/td><\/tr><tr><td>1992-2023<\/td><td>Professur f\u00fcr Malerei und Grafik an der Hochschule f\u00fcr Bildende K\u00fcnste Dresden<\/td><\/tr><tr><td>seit 2010<\/td><td>Mitglied der S\u00e4chsischen Akademie der K\u00fcnste<\/td><\/tr><\/tbody><\/table><\/figure>\n\n\n\n<p>Ralf Kerbach lebt und arbeitet bei Dresden.<\/p>\n\n\n\n<div style=\"height:10px\" aria-hidden=\"true\" class=\"wp-block-spacer\"><\/div>\n\n\n\n<p><strong>Preise und Stipendien<\/strong><\/p>\n\n\n\n<div style=\"height:10px\" aria-hidden=\"true\" class=\"wp-block-spacer\"><\/div>\n\n\n\n<figure class=\"wp-block-table\"><table><tbody><tr><td>1991<\/td><td>Stipendium der Deutsch-Brasilianischen Sommerakademie in Jo\u00e3o Pessoa (Brasilien)<\/td><\/tr><tr><td>1986-1987<\/td><td>Casa-Baldi-Stipendium der Deutschen Akademie Rom, Olevano<\/td><\/tr><tr><td>1983-1984<\/td><td>Arbeitsstipendium des Senators f\u00fcr Kulturelle Angelegenheiten, Berlin<\/td><\/tr><\/tbody><\/table><\/figure>\n","protected":false},"excerpt":{"rendered":"<p>Biografie 1956 geboren in Dresden 1977-1979 Studium der Malerei und Grafik an der Hochschule f\u00fcr Bildende K\u00fcnste Dresden bei Prof. Gerhard Kettner 1979 Exmatrikulation, Mitbegr\u00fcnder der Dresdner Punkband \u201eZwitschermaschine\u201c (mit Cornelia Schleime, Matthias Zeidler u. a.) 1982 gezwungen die DDR zu verlassen, \u00dcbersiedlung nach West-Berlin 1983-1985 Atelier im K\u00fcnstlerhaus Bethanien, Berlin 1988 l\u00e4ngerer Aufenthalt in [&hellip;]<\/p>\n","protected":false},"author":2,"featured_media":0,"parent":186,"menu_order":0,"comment_status":"closed","ping_status":"closed","template":"kuenstler-text.php","meta":{"_acf_changed":false,"footnotes":""},"class_list":["post-269","page","type-page","status-publish","hentry"],"acf":[],"_links":{"self":[{"href":"https:\/\/poll-berlin.de\/galerie\/wp-json\/wp\/v2\/pages\/269","targetHints":{"allow":["GET"]}}],"collection":[{"href":"https:\/\/poll-berlin.de\/galerie\/wp-json\/wp\/v2\/pages"}],"about":[{"href":"https:\/\/poll-berlin.de\/galerie\/wp-json\/wp\/v2\/types\/page"}],"author":[{"embeddable":true,"href":"https:\/\/poll-berlin.de\/galerie\/wp-json\/wp\/v2\/users\/2"}],"replies":[{"embeddable":true,"href":"https:\/\/poll-berlin.de\/galerie\/wp-json\/wp\/v2\/comments?post=269"}],"version-history":[{"count":14,"href":"https:\/\/poll-berlin.de\/galerie\/wp-json\/wp\/v2\/pages\/269\/revisions"}],"predecessor-version":[{"id":44354,"href":"https:\/\/poll-berlin.de\/galerie\/wp-json\/wp\/v2\/pages\/269\/revisions\/44354"}],"up":[{"embeddable":true,"href":"https:\/\/poll-berlin.de\/galerie\/wp-json\/wp\/v2\/pages\/186"}],"wp:attachment":[{"href":"https:\/\/poll-berlin.de\/galerie\/wp-json\/wp\/v2\/media?parent=269"}],"curies":[{"name":"wp","href":"https:\/\/api.w.org\/{rel}","templated":true}]}}