{"id":26439,"date":"2022-04-29T16:54:26","date_gmt":"2022-04-29T14:54:26","guid":{"rendered":"https:\/\/poll-berlin.de\/galerie\/ausstellungen\/vorschau\/martina-altschaefer-matthias-beckmann-peer-boehm-orlando\/information\/"},"modified":"2025-02-05T16:10:56","modified_gmt":"2025-02-05T15:10:56","slug":"information","status":"publish","type":"page","link":"https:\/\/poll-berlin.de\/galerie\/ausstellungen\/archiv\/martina-altschaefer-matthias-beckmann-peer-boehm-orlando\/information\/","title":{"rendered":"Information"},"content":{"rendered":"\n<p>\u201eZeichnungen sind Aufzeichnungen, Notizen, wie Tagebucheintragungen nicht auf Perfektion in der einzelnen Bemerkung angelegt, sondern auf Fortsetzung, Weiterarbeit, als \u00dcbung der Aufmerksamkeit und Sch\u00e4rfung der Wahrnehmung zum Begriff.\u201c (Hannes B\u00f6hringer)<\/p>\n\n\n\n<p>Mit Blick auf \u201eAufmerksamkeit\u201c und \u201eWahrnehmung\u201c stellt die Galerie Poll regelm\u00e4\u00dfig zeitgen\u00f6ssische Positionen der Zeichen\u00ad- und Druckkunst vor. Die Ausstellung \u201eChercher la v\u00e9rit\u00e9\u201c bringt Zeichnungen und Graphiken von vier K\u00fcnstlerinnen und K\u00fcnstlern der Galerie zusammen, die in B\u00f6hringers Sinn an den Themen Erinnerung, Reisen, Natur oder Literatur \u201eweiterarbeiten\u201c.<\/p>\n\n\n\n<p>In j\u00fcngster Zeit war das Reisen durch die Corona-Pandemie nur eingeschr\u00e4nkt m\u00f6glich. Martina Altsch\u00e4fer hat sich deshalb mit 80 Zeichnungen kurzerhand auf eine Reise um die Welt begeben. Als Stationen w\u00e4hlte die K\u00fcnstlerin Orte aus, an denen sich etwas Beson\u00adderes zugetragen hat oder herausragende Architektur im Mittelpunkt steht. Auf klein\u00adformatigen Kartons hat sie u. a. den Brand in der gotischen Kathedrale Notre-Dame in Paris, die Sprengung von Trump Plaza in Atlantic City, die Testrennstrecke auf dem Dach der Fiat-Fabrik im Turiner Stadtteil Lingotto oder die Br\u00fccke \u00fcber die tiefe Schlucht der andalusischen Stadt Ronda mit Graphitstiften gezeichnet.<\/p>\n\n\n\n<p>In streng linearen Zeichnungen nimmt Matthias Beckmann alles Individuelle, Hand\u00adschrift\u00adliche zur\u00fcck. Der K\u00fcnstler spielt stattdessen mit formalen Gestaltungs\u00admitteln. Virtuos wechselt er die Perspektive, springt zwischen Totale und Detail hin und her und umkreist seine Bildgegenst\u00e4nde in einer Art Kamerafahrt. 2019 und 2020 ist Beckmann durch Berlin gelaufen, um nach Motiven zur Illustration von Walter Benjamins \u201ePassagen-Werk\u201c Aus\u00adschau zu halten. 30 davon sind in der Ausstellung zu sehen.<\/p>\n\n\n\n<p>Peer Boehms zentrales Thema ist das Erinnern. Erlebnisse in der Kindheit, Reiseerfahrungen oder politische Ereignisse speichert unser Ged\u00e4chtnis gleicherma\u00dfen als ungeordnete, oft schemenhafte Eindr\u00fccke. Dieses kollektive, individuell jedoch ganz unterschiedlich veranker\u00adte Bilderreservoir ruft der K\u00fcnstler in seinen Kugelschreiberzeichnungen und Aquarellen auf. Grundlage sind fotografische Fundst\u00fccke aus Alben, Magazinen oder dem Internet. Diese Motive werden stark reduziert und auf bedruckten Papieren wie Seekarten, Kontobuch\u00adsei\u00adten oder Briefb\u00f6gen aufgetragen. Boehms Bildsprache beruht auf dem Prinzip der Ausspa\u00adrung, helle und dunkle Fl\u00e4chen werden nebeneinandergestellt.<\/p>\n\n\n\n<p>ORLANDO beobachtet w\u00e4hrend ihrer Spazierg\u00e4nge und auf tagelangen Wanderungen die Natur. Sensibel nimmt sie verschiedene Stimmungen und Lichtverh\u00e4ltnisse wahr und bannt die Bewegungen von Wogen und Wolken sowie Licht und Schatten Zustand um Zustand auf Druckplatte und Papier. Martina Altsch\u00e4fer und Matthias Beckmann haben sich der Zeichnung verschrieben, ORLANDO spezialisiert sich in ihrem k\u00fcnstlerischen Schaffen auf druckgraphische Techniken, zeichnet ihre Motive aber auch mit scheinbar unendlich vielen nebeneinander gesetzten kurzen Kugelschreiberstrichen. In der Ausstellung zeigt sie die Linolschnitte \u201eSchwere See I-IV\u201c und die tiefschwarze Mezzotinto-Radierung \u201eHarzwald II\u201c sowie die Kugelschreiberzeichnung \u201eWogen V\u201c.<\/p>\n\n\n\n<p><strong>Martina Altsch\u00e4fer,<\/strong> 1960 geboren in R\u00fcsselsheim, schloss ihr Studium an der Kunstakademie D\u00fcsseldorf 1991 als Meistersch\u00fclerin von Prof. Konrad Klapheck ab. Sie hat zahlreiche Stipendien erhalten und wurde mehr\u00adfach mit Preisen ausgezeichnet. Arbeiten der K\u00fcnstlerin befinden sich in privaten und \u00f6ffentlichen Sammlungen, u. a. in den Sammlungen der Deutschen Bank, des Kunstmuseums Albstadt und des Landesmuseums Mainz. Sie lebt als Zeichnerin und Schriftstellerin in R\u00fcsselsheim.<\/p>\n\n\n\n<p><strong>Matthias Beckmann,<\/strong> 1965 geboren in Arnsberg, studierte an der Kunstakademie D\u00fcsseldorf bei Prof. Franz Eggenschwiler und an der Staatlichen Akademie der Bildenden K\u00fcnste Stuttgart bei Prof. Rudolf Schoofs. Seit 1995 ist er Mitglied der K\u00fcnstlergruppe \u201eDie Weissenhofer\u201c. Die Zeichnung bildet den Schwerpunkt der Arbeit des in Berlin lebenden K\u00fcnstlers. Dabei ist die einzelne Zeichnung zumeist Teil einer umfangreichen Serie, die sich mit einem Ort oder Themenkomplex besch\u00e4ftigt. Mehrfach hat Matthias Beckmann B\u00fccher illustriert. Er erhielt zahlreiche Stipendien und Preise. Seine Arbeiten befinden sich in vielen deutschen Museums\u00ad\u00adsamm\u00adlungen.<\/p>\n\n\n\n<p><strong>Peer Boehm,<\/strong> 1968 geboren in K\u00f6ln, studierte von 1990 bis 1994 Kunstgeschichte, Arch\u00e4ologie und Germanistik an der Universit\u00e4t zu K\u00f6ln. Im Jahr 1997 war er Mitbegr\u00fcnder der Produzenten\u00adgalerie \u201eKunstgewinn\u201c und 1999 der K\u00fcnstlergruppe \u201eitinerarti\u201d in K\u00f6ln. 2006 rief er die K\u00fcnstlergruppe \u201eDie Kunstkreditkarte \u2013 Was Sch\u00f6nes f\u00fcr unterwegs\u201c ins Leben. Peer Boehms Arbeiten befinden sich in internationalen Privat\u00adsammlun\u00adgen. Er lebt und arbeitet in K\u00f6ln.<\/p>\n\n\n\n<p><strong>ORLANDO,<\/strong> 1984 geboren in Quedlinburg, schloss ihr Studium an der Hochschule f\u00fcr Bildende K\u00fcnste Dresden 2013 als Meistersch\u00fclerin von Prof. Peter B\u00f6mmels ab. Sie wurde mit mehreren Stipendien und Preisen ausgezeichnet, darunter der 1. Preis im Druckgrafik-Wettbewerb der Leipziger Buchmesse 2014. Werke befinden sich u. a. in den Kupferstichka\u00adbinetten der Staatlichen Museen zu Berlin und der Staatlichen Kunstsammlungen Dresden. ORLANDO lebt und arbeitet in Berlin.<\/p>\n","protected":false},"excerpt":{"rendered":"<p>\u201eZeichnungen sind Aufzeichnungen, Notizen, wie Tagebucheintragungen nicht auf Perfektion in der einzelnen Bemerkung angelegt, sondern auf Fortsetzung, Weiterarbeit, als \u00dcbung der Aufmerksamkeit und Sch\u00e4rfung der Wahrnehmung zum Begriff.\u201c (Hannes B\u00f6hringer) Mit Blick auf \u201eAufmerksamkeit\u201c und \u201eWahrnehmung\u201c stellt die Galerie Poll regelm\u00e4\u00dfig zeitgen\u00f6ssische Positionen der Zeichen\u00ad- und Druckkunst vor. Die Ausstellung \u201eChercher la v\u00e9rit\u00e9\u201c bringt Zeichnungen [&hellip;]<\/p>\n","protected":false},"author":1,"featured_media":0,"parent":26437,"menu_order":0,"comment_status":"closed","ping_status":"closed","template":"ausstellen-text.php","meta":{"_acf_changed":false,"footnotes":""},"class_list":["post-26439","page","type-page","status-publish","hentry"],"acf":[],"_links":{"self":[{"href":"https:\/\/poll-berlin.de\/galerie\/wp-json\/wp\/v2\/pages\/26439","targetHints":{"allow":["GET"]}}],"collection":[{"href":"https:\/\/poll-berlin.de\/galerie\/wp-json\/wp\/v2\/pages"}],"about":[{"href":"https:\/\/poll-berlin.de\/galerie\/wp-json\/wp\/v2\/types\/page"}],"author":[{"embeddable":true,"href":"https:\/\/poll-berlin.de\/galerie\/wp-json\/wp\/v2\/users\/1"}],"replies":[{"embeddable":true,"href":"https:\/\/poll-berlin.de\/galerie\/wp-json\/wp\/v2\/comments?post=26439"}],"version-history":[{"count":8,"href":"https:\/\/poll-berlin.de\/galerie\/wp-json\/wp\/v2\/pages\/26439\/revisions"}],"predecessor-version":[{"id":41029,"href":"https:\/\/poll-berlin.de\/galerie\/wp-json\/wp\/v2\/pages\/26439\/revisions\/41029"}],"up":[{"embeddable":true,"href":"https:\/\/poll-berlin.de\/galerie\/wp-json\/wp\/v2\/pages\/26437"}],"wp:attachment":[{"href":"https:\/\/poll-berlin.de\/galerie\/wp-json\/wp\/v2\/media?parent=26439"}],"curies":[{"name":"wp","href":"https:\/\/api.w.org\/{rel}","templated":true}]}}