{"id":26437,"date":"2022-04-29T16:54:26","date_gmt":"2022-04-29T14:54:26","guid":{"rendered":"https:\/\/poll-berlin.de\/galerie\/?page_id=26437"},"modified":"2025-03-19T14:41:15","modified_gmt":"2025-03-19T13:41:15","slug":"martina-altschaefer-matthias-beckmann-peer-boehm-orlando","status":"publish","type":"page","link":"https:\/\/poll-berlin.de\/galerie\/ausstellungen\/archiv\/martina-altschaefer-matthias-beckmann-peer-boehm-orlando\/","title":{"rendered":"Martina Altsch\u00e4fer, Matthias Beckmann, Peer Boehm, ORLANDO <br>17. Juni \u2013 30. Juli 2022"},"content":{"rendered":"\n<p><strong>Chercher la v\u00e9rit\u00e9<\/strong><br><strong>Martina Altsch\u00e4fer, Matthias Beckmann, Peer Boehm, ORLANDO<\/strong><br><strong>Zeichnungen und Druckgraphik<\/strong><br>17. Juni \u2013 30. Juli 2022, <mark style=\"background-color:rgba(0, 0, 0, 0)\" class=\"has-inline-color has-black-color\">Er\u00f6ffnung: 16. Juni, 18-21 Uhr<\/mark><\/p>\n","protected":false},"excerpt":{"rendered":"<p>Chercher la v\u00e9rit\u00e9Martina Altsch\u00e4fer, Matthias Beckmann, Peer Boehm, ORLANDOZeichnungen und Druckgraphik17. Juni \u2013 30. Juli 2022, Er\u00f6ffnung: 16. Juni, 18-21 Uhr<\/p>\n","protected":false},"author":2,"featured_media":27189,"parent":440,"menu_order":23,"comment_status":"closed","ping_status":"closed","template":"ausstellen-austellung.php","meta":{"_acf_changed":false,"footnotes":""},"class_list":["post-26437","page","type-page","status-publish","has-post-thumbnail","hentry"],"acf":[],"_links":{"self":[{"href":"https:\/\/poll-berlin.de\/galerie\/wp-json\/wp\/v2\/pages\/26437","targetHints":{"allow":["GET"]}}],"collection":[{"href":"https:\/\/poll-berlin.de\/galerie\/wp-json\/wp\/v2\/pages"}],"about":[{"href":"https:\/\/poll-berlin.de\/galerie\/wp-json\/wp\/v2\/types\/page"}],"author":[{"embeddable":true,"href":"https:\/\/poll-berlin.de\/galerie\/wp-json\/wp\/v2\/users\/2"}],"replies":[{"embeddable":true,"href":"https:\/\/poll-berlin.de\/galerie\/wp-json\/wp\/v2\/comments?post=26437"}],"version-history":[{"count":7,"href":"https:\/\/poll-berlin.de\/galerie\/wp-json\/wp\/v2\/pages\/26437\/revisions"}],"predecessor-version":[{"id":41806,"href":"https:\/\/poll-berlin.de\/galerie\/wp-json\/wp\/v2\/pages\/26437\/revisions\/41806"}],"up":[{"embeddable":true,"href":"https:\/\/poll-berlin.de\/galerie\/wp-json\/wp\/v2\/pages\/440"}],"wp:featuredmedia":[{"embeddable":true,"href":"https:\/\/poll-berlin.de\/galerie\/wp-json\/wp\/v2\/media\/27189"}],"wp:attachment":[{"href":"https:\/\/poll-berlin.de\/galerie\/wp-json\/wp\/v2\/media?parent=26437"}],"curies":[{"name":"wp","href":"https:\/\/api.w.org\/{rel}","templated":true}]}}