{"id":259,"date":"2021-05-07T12:40:12","date_gmt":"2021-05-07T10:40:12","guid":{"rendered":"https:\/\/poll-berlin.de\/galerie\/?page_id=259"},"modified":"2026-03-11T13:09:00","modified_gmt":"2026-03-11T12:09:00","slug":"ausstellungen","status":"publish","type":"page","link":"https:\/\/poll-berlin.de\/galerie\/kuenstler-der-galerie\/eric-keller\/ausstellungen\/","title":{"rendered":"Ausstellungen"},"content":{"rendered":"\n<p><strong>Einzelausstellungen (Auswahl)<\/strong><\/p>\n\n\n\n<div style=\"height:10px\" aria-hidden=\"true\" class=\"wp-block-spacer\"><\/div>\n\n\n\n<figure class=\"wp-block-table\"><table><tbody><tr><td>2025<\/td><td>Laheen Gallery, Seoul (mit GJ Kimsunken)<\/td><\/tr><tr><td>2023<\/td><td>Galerie Poll, Berlin<br>Galerie Wellemeyer, Plau am See (mit Lutz Bleidorn)<\/td><\/tr><tr><td>2022<\/td><td>Galerie Leuenroth, Frankfurt am Main (mit Kathrin Thiele)<\/td><\/tr><tr><td>2021<\/td><td>Schaulager der Galerie Poll, Berlin<\/td><\/tr><tr><td>2020-2021<\/td><td>Galerie Poll, Berlin<\/td><\/tr><tr><td>2020<\/td><td>AG Galerie, Schwerin<\/td><\/tr><tr><td>2019<\/td><td>plan.d., D\u00fcsseldorf (mit Carolin Israel)<br>Galerie Stephanie Kelly, Dresden (mit Katar\u00edna Dubovsk\u00e1)<\/td><\/tr><tr><td>2018<\/td><td>Schloss Klippenstein, Radeberg (mit Michael Klipphahn)<br>Galerie Poll, Berlin<\/td><\/tr><tr><td>2017<\/td><td>Galerie Leuenroth, Frankfurt am Main<br>Kunztraum Dresden (mit Michael Klipphahn)<\/td><\/tr><tr><td>2015<\/td><td>Albertinum der Staatlichen Kunstsammlungen Dresden<br>galerie baer, Dresden<\/td><\/tr><tr><td>2014<\/td><td>galerie baer, Dresden<\/td><\/tr><tr><td>2013<\/td><td>Galerie Poll, Berlin (mit Simon Rosenthal)<\/td><\/tr><tr><td>2012<\/td><td>Hochschule f\u00fcr Bildende K\u00fcnste Dresden (mit Carolin Israel)<br>Galerie Irrgang, Leipzig<\/td><\/tr><tr><td>2011<\/td><td>Galerie Irrgang, Berlin (mit Andreas Wachter)<\/td><\/tr><\/tbody><\/table><\/figure>\n\n\n\n<div style=\"height:10px\" aria-hidden=\"true\" class=\"wp-block-spacer\"><\/div>\n\n\n\n<p><strong>Gruppenausstellungen (Auswahl)<\/strong><\/p>\n\n\n\n<div style=\"height:10px\" aria-hidden=\"true\" class=\"wp-block-spacer\"><\/div>\n\n\n\n<figure class=\"wp-block-table\"><table><tbody><tr><td>2025-2026<\/td><td>Galerie Poll, Berlin<\/td><\/tr><tr><td>2024-2025<\/td><td>St\u00e4dtische Galerie Dresden<\/td><\/tr><tr><td>2024<\/td><td>Galerie Biesenbach, K\u00f6ln<br>Galerie Leuenroth, Frankfurt am Main<\/td><\/tr><tr><td>2022<\/td><td>Galerie Wellemeyer, Plau am See<br>Motorenhalle, Dresden<br>Palais des Beaux Artes, Paris <\/td><\/tr><tr><td>2021<\/td><td>St\u00e4dtische Galerie Dresden<\/td><\/tr><tr><td>2020<\/td><td>Kunsthalle der Sparkasse Leipzig<br>Tapetenwerk, Leipzig<\/td><\/tr><tr><td>2019<\/td><td>Galerie Leuenroth, Frankfurt am Main<br>Galerie Holger John, Dresden<br>Galerie Irrgang, Leipzig<br>Halle 14, Leipziger Baumwollspinnerei<br>S\u00e4chsische Landesvertretung, Berlin<\/td><\/tr><tr><td>2018<\/td><td>Volksbank eG, Gera<br>Galerie Evelyn Drewes, Hamburg<br>Oktogon der Hochschule f\u00fcr Bildende K\u00fcnste Dresden<br>Hochschule f\u00fcr Grafik und Buchkunst Leipzig<br>Galerie Rothamel, Erfurt<br>LAZ Galerie, Z\u00fcrich<\/td><\/tr><tr><td>2017<\/td><td>Kunztraum, Dresden<br>Galerie Leuenroth, Frankfurt am Main<br>Tapetenwerk, Leipzig<br>Galerie Ursula Walter, Dresden<br>Kunstverein Sulzfeld<br>Barlachhalle, Hamburg<br>objekt klein a, Dresden<\/td><\/tr><tr><td>2016<\/td><td>Galerie Pilsen und Museum Cheb, Tschechien<br>Galerie Junge Zeitgen\u00f6ssische Kunst, Chemnitz<br>Galerie Hoffschild, L\u00fcbeck<br>Galerie ff15, Leipzig<br>KOMMUNALKA, Leipzig<br>Galerie Leuenroth, Frankfurt am Main<\/td><\/tr><tr><td>2014<\/td><td>Galerie Poll, Berlin<br>Kunstverein Freunde Aktueller Kunst, Zwickau<br>HELLERAU \u2013 Europ\u00e4isches Zentrum der K\u00fcnste, Dresden<br>Hochschule f\u00fcr Bildende K\u00fcnste Dresden<br>DOX \u2013 Centre for Contemporary Art, Prag<br>Art in Perpetuity Trust \u2013 A.P.T. Gallery, London<br>Delikatessenhaus Leipzig<br>galerie baer, Dresden<\/td><\/tr><tr><td>2013<\/td><td>Kunstraum GEH8, Dresden<br>galerie baer, Dresden<br>Galerie Irrgang, Leipzig und Berlin<\/td><\/tr><tr><td>2012<\/td><td>Galerie Poll, Berlin<br>F14 \u2013 Raum f\u00fcr zeitgen\u00f6ssische Kunst, Dresden<br>galerie baer, Dresden<\/td><\/tr><tr><td>2011<\/td><td>\u201eKellerausstellung\u201c der Gruppe ZWANZIGZEHN, Dresden<br>Galerie Irrgang, Berlin und Leipzig<br>Galerie ZanderKasten, Dresden<\/td><\/tr><tr><td>2010<\/td><td>Galerie Irrgang, Leipzig<\/td><\/tr><\/tbody><\/table><\/figure>\n","protected":false},"excerpt":{"rendered":"<p>Einzelausstellungen (Auswahl) 2025 Laheen Gallery, Seoul (mit GJ Kimsunken) 2023 Galerie Poll, BerlinGalerie Wellemeyer, Plau am See (mit Lutz Bleidorn) 2022 Galerie Leuenroth, Frankfurt am Main (mit Kathrin Thiele) 2021 Schaulager der Galerie Poll, Berlin 2020-2021 Galerie Poll, Berlin 2020 AG Galerie, Schwerin 2019 plan.d., D\u00fcsseldorf (mit Carolin Israel)Galerie Stephanie Kelly, Dresden (mit Katar\u00edna Dubovsk\u00e1) [&hellip;]<\/p>\n","protected":false},"author":2,"featured_media":0,"parent":184,"menu_order":1,"comment_status":"closed","ping_status":"closed","template":"kuenstler-text.php","meta":{"_acf_changed":false,"footnotes":""},"class_list":["post-259","page","type-page","status-publish","hentry"],"acf":[],"_links":{"self":[{"href":"https:\/\/poll-berlin.de\/galerie\/wp-json\/wp\/v2\/pages\/259","targetHints":{"allow":["GET"]}}],"collection":[{"href":"https:\/\/poll-berlin.de\/galerie\/wp-json\/wp\/v2\/pages"}],"about":[{"href":"https:\/\/poll-berlin.de\/galerie\/wp-json\/wp\/v2\/types\/page"}],"author":[{"embeddable":true,"href":"https:\/\/poll-berlin.de\/galerie\/wp-json\/wp\/v2\/users\/2"}],"replies":[{"embeddable":true,"href":"https:\/\/poll-berlin.de\/galerie\/wp-json\/wp\/v2\/comments?post=259"}],"version-history":[{"count":25,"href":"https:\/\/poll-berlin.de\/galerie\/wp-json\/wp\/v2\/pages\/259\/revisions"}],"predecessor-version":[{"id":45423,"href":"https:\/\/poll-berlin.de\/galerie\/wp-json\/wp\/v2\/pages\/259\/revisions\/45423"}],"up":[{"embeddable":true,"href":"https:\/\/poll-berlin.de\/galerie\/wp-json\/wp\/v2\/pages\/184"}],"wp:attachment":[{"href":"https:\/\/poll-berlin.de\/galerie\/wp-json\/wp\/v2\/media?parent=259"}],"curies":[{"name":"wp","href":"https:\/\/api.w.org\/{rel}","templated":true}]}}