{"id":257,"date":"2021-05-07T12:39:31","date_gmt":"2021-05-07T10:39:31","guid":{"rendered":"https:\/\/poll-berlin.de\/galerie\/?page_id=257"},"modified":"2023-08-22T13:11:20","modified_gmt":"2023-08-22T11:11:20","slug":"biografie","status":"publish","type":"page","link":"https:\/\/poll-berlin.de\/galerie\/kuenstler-der-galerie\/eric-keller\/biografie\/","title":{"rendered":"Biografie"},"content":{"rendered":"\n<p><strong>Biografie<\/strong><\/p>\n\n\n\n<div style=\"height:10px\" aria-hidden=\"true\" class=\"wp-block-spacer\"><\/div>\n\n\n\n<figure class=\"wp-block-table\"><table><tbody><tr><td>1985<\/td><td>in Grimma geboren<\/td><\/tr><tr><td>2006-2008<\/td><td>Studium der Bildenden Kunst an der Akademie der Bildenden K\u00fcnste N\u00fcrnberg bei Prof. Rolf-Gunter Dienst<\/td><\/tr><tr><td>2008-2014<\/td><td>Studium der Malerei an der Hochschule f\u00fcr Bildende K\u00fcnste Dresden bei Prof. Elke Hopfe und Prof. Ralf Kerbach<\/td><\/tr><tr><td>2016-2018<\/td><td>Meistersch\u00fcler an der Hochschule f\u00fcr Grafik und Buchkunst Leipzig bei Prof. Annette Schr\u00f6ter<\/td><\/tr><\/tbody><\/table><\/figure>\n\n\n\n<p>Eric Keller lebt und arbeitet in Dresden und Berlin.<\/p>\n","protected":false},"excerpt":{"rendered":"<p>Biografie 1985 in Grimma geboren 2006-2008 Studium der Bildenden Kunst an der Akademie der Bildenden K\u00fcnste N\u00fcrnberg bei Prof. Rolf-Gunter Dienst 2008-2014 Studium der Malerei an der Hochschule f\u00fcr Bildende K\u00fcnste Dresden bei Prof. Elke Hopfe und Prof. Ralf Kerbach 2016-2018 Meistersch\u00fcler an der Hochschule f\u00fcr Grafik und Buchkunst Leipzig bei Prof. Annette Schr\u00f6ter Eric [&hellip;]<\/p>\n","protected":false},"author":2,"featured_media":0,"parent":184,"menu_order":0,"comment_status":"closed","ping_status":"closed","template":"kuenstler-text.php","meta":{"_acf_changed":false,"footnotes":""},"class_list":["post-257","page","type-page","status-publish","hentry"],"acf":[],"_links":{"self":[{"href":"https:\/\/poll-berlin.de\/galerie\/wp-json\/wp\/v2\/pages\/257","targetHints":{"allow":["GET"]}}],"collection":[{"href":"https:\/\/poll-berlin.de\/galerie\/wp-json\/wp\/v2\/pages"}],"about":[{"href":"https:\/\/poll-berlin.de\/galerie\/wp-json\/wp\/v2\/types\/page"}],"author":[{"embeddable":true,"href":"https:\/\/poll-berlin.de\/galerie\/wp-json\/wp\/v2\/users\/2"}],"replies":[{"embeddable":true,"href":"https:\/\/poll-berlin.de\/galerie\/wp-json\/wp\/v2\/comments?post=257"}],"version-history":[{"count":11,"href":"https:\/\/poll-berlin.de\/galerie\/wp-json\/wp\/v2\/pages\/257\/revisions"}],"predecessor-version":[{"id":33911,"href":"https:\/\/poll-berlin.de\/galerie\/wp-json\/wp\/v2\/pages\/257\/revisions\/33911"}],"up":[{"embeddable":true,"href":"https:\/\/poll-berlin.de\/galerie\/wp-json\/wp\/v2\/pages\/184"}],"wp:attachment":[{"href":"https:\/\/poll-berlin.de\/galerie\/wp-json\/wp\/v2\/media?parent=257"}],"curies":[{"name":"wp","href":"https:\/\/api.w.org\/{rel}","templated":true}]}}