{"id":25160,"date":"2022-02-28T14:36:17","date_gmt":"2022-02-28T13:36:17","guid":{"rendered":"https:\/\/poll-berlin.de\/galerie\/?page_id=25160"},"modified":"2025-02-05T13:19:43","modified_gmt":"2025-02-05T12:19:43","slug":"information","status":"publish","type":"page","link":"https:\/\/poll-berlin.de\/galerie\/ausstellungen\/archiv\/andreas-silbermann\/information\/","title":{"rendered":"Information"},"content":{"rendered":"\n<p>Mit \u201eTour imaginaire\u201c stellt die Galerie Poll erstmals Arbeiten von Andreas Silbermann in einer Einzelausstellung vor. Motive der zwischen 2020 und 2022 entstandenen \u00d6lbilder und Bleistiftzeichnungen sind die Stationen einer Fahrt von Norddeutschland nach S\u00fcditalien. Das Ungew\u00f6hnliche an dieser Reise: Der K\u00fcnstler musste seinen Heimatort nicht verlassen. Silbermanns Fortbewegung war einzig und allein angetrieben durch seine Einbildungskraft, die Imagination.<\/p>\n\n\n\n<p>Ausgangspunkt der \u201eTour imaginaire\u201c war ein Wunsch nach Ortsver\u00e4nderung w\u00e4hrend des Lockdowns. Deshalb entstanden die insgesamt 58 kleinformatigen Zeichnungen nicht im Atelier, sondern auf Silbermanns vor Wilhelmshaven ankernden, mit den Wellen sanft schaukelnden Segelboot. Sp\u00e4ter im Atelier dienten die nur 14,8 x 21 cm gro\u00dfen Zeichnungen teils wieder als Vorlage f\u00fcr \u00d6lgem\u00e4lde.<\/p>\n\n\n\n<p>Die von Andreas Silbermann ins Bild gesetzten Stationen seiner fiktionalen Reise sind unspektakul\u00e4r, \u201esehensw\u00fcrdig\u201c werden sie allein durch seine Art der Darstellung. Die Motive beruhen gr\u00f6\u00dftenteils auf eigenen Fotos, hinzu kommen im Internet recherchierte Abbildungen: \u201eKiosk in Bremerhaven\u201c, \u201eEisenbahnbr\u00fccke\u201c, \u201eKleiner Wohnwagen\u201c oder \u201eKleines Haus mit Katzenklappe\u201c<em>. <\/em>Die von ihm gezeichneten oder gemalten Tankstellen (\u201eKleine wei\u00dfe Tankstelle\u201c), Lagerhallen (\u201eHalle 4\u201c), Schuppen (\u201eRoter Schuppen\u201c) oder Container (\u201eEVERGREEN\u201c) liegen am Wegesrand, ihre genauen Standorte bleiben unerfindlich. Seine genaue Reiseroute gibt der K\u00fcnstler nicht preis. Deutlich wird aber, dass er sich bei der Ermittlung der exakten \u201evirtuellen\u201c Strecke im Internet zu Umwegen hat verf\u00fchren lassen. An \u201eFood\u2019n Stop\u201c und \u201e24 Hr Service\u201c f\u00fchrt der Weg von Wilhelmshaven nach Sizilien kaum vorbei, diese Stationen befinden sich offensichtlich in Amerika. Silbermann liebt den heimlichen Perspektivwechsel, seine Kunst des Umwegs macht es m\u00f6glich: auch \u201eHelgoland\u201c und \u201eWangerooge\u201c liegen, anders als das Val di Chiana oder Apulien, nicht auf der Strecke. Ebenso wenig wie Kohleabbaugebiete in der Lausitz.<\/p>\n\n\n\n<p>Silbermann erfindet in seinen von starken Hell-Dunkel-Kontrasten gepr\u00e4gten Zeichnungen und den aus einem reizvollen Spiel mit Farben heraus komponierten \u00d6lgem\u00e4lden eigenartige Stimmungen und wechselndes Licht. Seine \u201eOrtsver\u00e4nderung\u201c verwandelt noch so banale Motive in Schaupl\u00e4tze der Imagination.<\/p>\n\n\n\n<p><strong>Andreas Silbermann,<\/strong> geboren 1964 in Wilhelmshaven, Studium der Malerei an der Hochschule der K\u00fcnste Braunschweig bei Prof. Hermann Albert, lebt und arbeitet in Berlin.<\/p>\n","protected":false},"excerpt":{"rendered":"<p>Mit \u201eTour imaginaire\u201c stellt die Galerie Poll erstmals Arbeiten von Andreas Silbermann in einer Einzelausstellung vor. Motive der zwischen 2020 und 2022 entstandenen \u00d6lbilder und Bleistiftzeichnungen sind die Stationen einer Fahrt von Norddeutschland nach S\u00fcditalien. Das Ungew\u00f6hnliche an dieser Reise: Der K\u00fcnstler musste seinen Heimatort nicht verlassen. Silbermanns Fortbewegung war einzig und allein angetrieben durch [&hellip;]<\/p>\n","protected":false},"author":2,"featured_media":0,"parent":25164,"menu_order":0,"comment_status":"closed","ping_status":"closed","template":"ausstellen-text.php","meta":{"_acf_changed":false,"footnotes":""},"class_list":["post-25160","page","type-page","status-publish","hentry"],"acf":[],"_links":{"self":[{"href":"https:\/\/poll-berlin.de\/galerie\/wp-json\/wp\/v2\/pages\/25160","targetHints":{"allow":["GET"]}}],"collection":[{"href":"https:\/\/poll-berlin.de\/galerie\/wp-json\/wp\/v2\/pages"}],"about":[{"href":"https:\/\/poll-berlin.de\/galerie\/wp-json\/wp\/v2\/types\/page"}],"author":[{"embeddable":true,"href":"https:\/\/poll-berlin.de\/galerie\/wp-json\/wp\/v2\/users\/2"}],"replies":[{"embeddable":true,"href":"https:\/\/poll-berlin.de\/galerie\/wp-json\/wp\/v2\/comments?post=25160"}],"version-history":[{"count":5,"href":"https:\/\/poll-berlin.de\/galerie\/wp-json\/wp\/v2\/pages\/25160\/revisions"}],"predecessor-version":[{"id":40918,"href":"https:\/\/poll-berlin.de\/galerie\/wp-json\/wp\/v2\/pages\/25160\/revisions\/40918"}],"up":[{"embeddable":true,"href":"https:\/\/poll-berlin.de\/galerie\/wp-json\/wp\/v2\/pages\/25164"}],"wp:attachment":[{"href":"https:\/\/poll-berlin.de\/galerie\/wp-json\/wp\/v2\/media?parent=25160"}],"curies":[{"name":"wp","href":"https:\/\/api.w.org\/{rel}","templated":true}]}}