{"id":249,"date":"2021-05-07T12:36:43","date_gmt":"2021-05-07T10:36:43","guid":{"rendered":"https:\/\/poll-berlin.de\/galerie\/?page_id=249"},"modified":"2025-12-10T12:31:00","modified_gmt":"2025-12-10T11:31:00","slug":"werke-in-sammlungen","status":"publish","type":"page","link":"https:\/\/poll-berlin.de\/galerie\/kuenstler-der-galerie\/goeran-gnaudschun\/werke-in-sammlungen\/","title":{"rendered":"Werke in Sammlungen"},"content":{"rendered":"\n<p><strong>Werke in Sammlungen<\/strong><\/p>\n\n\n\n<p>Lindenau-Museum Altenburg<br>Berlinische Galerie &#8211; Museum f\u00fcr Moderne Kunst<br>Deutsches Historisches Museum, Berlin<br>Kunststiftung Poll, Berlin<br>Kupferstichkabinett der Staatlichen Museen zu Berlin<br>Weserburg Museum f\u00fcr moderne Kunst, Bremen<br>Brandenburgische Kunstsammlungen Cottbus<br>Rijksmuseum de Gevangenpoort, Den Haag<br>Kunstfonds der Staatlichen Kunstsammlungen Dresden<br>Museum Folkwang, Essen<br>Art Collection Deutsche B\u00f6rse, Frankfurt am Main<br>Museum f\u00fcr Angewandte Kunst, Gera<br>Museum f\u00fcr Kunst und Gewerbe Hamburg<br>Stadtmuseum Jena<br>Sammlung W\u00fcrth, K\u00fcnzelsau<br>Museen f\u00fcr Kunst und Kulturgeschichte der Hansestadt L\u00fcbeck<br>The Ruth und Marvin Sackner Archive, Miami<br>Biblioth\u00e8que nationale de France, Paris<br>Potsdam Museum &#8211; Forum f\u00fcr Kunst und Geschichte<br>Museum der Moderne Salzburg (Rupertinum)<br>Graphische Sammlung der ETH Z\u00fcrich<\/p>\n","protected":false},"excerpt":{"rendered":"<p>Werke in Sammlungen Lindenau-Museum AltenburgBerlinische Galerie &#8211; Museum f\u00fcr Moderne KunstDeutsches Historisches Museum, BerlinKunststiftung Poll, BerlinKupferstichkabinett der Staatlichen Museen zu BerlinWeserburg Museum f\u00fcr moderne Kunst, BremenBrandenburgische Kunstsammlungen CottbusRijksmuseum de Gevangenpoort, Den HaagKunstfonds der Staatlichen Kunstsammlungen DresdenMuseum Folkwang, EssenArt Collection Deutsche B\u00f6rse, Frankfurt am MainMuseum f\u00fcr Angewandte Kunst, GeraMuseum f\u00fcr Kunst und Gewerbe HamburgStadtmuseum JenaSammlung W\u00fcrth, [&hellip;]<\/p>\n","protected":false},"author":2,"featured_media":0,"parent":182,"menu_order":2,"comment_status":"closed","ping_status":"closed","template":"kuenstler-text.php","meta":{"_acf_changed":false,"footnotes":""},"class_list":["post-249","page","type-page","status-publish","hentry"],"acf":[],"_links":{"self":[{"href":"https:\/\/poll-berlin.de\/galerie\/wp-json\/wp\/v2\/pages\/249","targetHints":{"allow":["GET"]}}],"collection":[{"href":"https:\/\/poll-berlin.de\/galerie\/wp-json\/wp\/v2\/pages"}],"about":[{"href":"https:\/\/poll-berlin.de\/galerie\/wp-json\/wp\/v2\/types\/page"}],"author":[{"embeddable":true,"href":"https:\/\/poll-berlin.de\/galerie\/wp-json\/wp\/v2\/users\/2"}],"replies":[{"embeddable":true,"href":"https:\/\/poll-berlin.de\/galerie\/wp-json\/wp\/v2\/comments?post=249"}],"version-history":[{"count":15,"href":"https:\/\/poll-berlin.de\/galerie\/wp-json\/wp\/v2\/pages\/249\/revisions"}],"predecessor-version":[{"id":44893,"href":"https:\/\/poll-berlin.de\/galerie\/wp-json\/wp\/v2\/pages\/249\/revisions\/44893"}],"up":[{"embeddable":true,"href":"https:\/\/poll-berlin.de\/galerie\/wp-json\/wp\/v2\/pages\/182"}],"wp:attachment":[{"href":"https:\/\/poll-berlin.de\/galerie\/wp-json\/wp\/v2\/media?parent=249"}],"curies":[{"name":"wp","href":"https:\/\/api.w.org\/{rel}","templated":true}]}}