{"id":245,"date":"2021-05-07T12:35:16","date_gmt":"2021-05-07T10:35:16","guid":{"rendered":"https:\/\/poll-berlin.de\/galerie\/?page_id=245"},"modified":"2024-03-12T15:26:58","modified_gmt":"2024-03-12T14:26:58","slug":"biografie","status":"publish","type":"page","link":"https:\/\/poll-berlin.de\/galerie\/kuenstler-der-galerie\/goeran-gnaudschun\/biografie\/","title":{"rendered":"Biografie"},"content":{"rendered":"\n<p><strong>Biografie<\/strong><\/p>\n\n\n\n<div style=\"height:10px\" aria-hidden=\"true\" class=\"wp-block-spacer\"><\/div>\n\n\n\n<figure class=\"wp-block-table\"><table><tbody><tr><td>1971<\/td><td>geboren in Potsdam<\/td><\/tr><tr><td>1994-2003<\/td><td>Studium der K\u00fcnstlerischen Fotografie (Diplom) und Bildenden Kunst (Meistersch\u00fcler) an der Hochschule f\u00fcr Grafik und Buchkunst Leipzig bei Prof. Timm Rautert<\/td><\/tr><tr><td>2002<\/td><td>berufenes Mitglied der Deutschen Fotografischen Akademie<\/td><\/tr><tr><td>2004-2009<\/td><td>Dozent f\u00fcr Fotografie an der Alice-Salomon-Fachhochschule Berlin<\/td><\/tr><tr><td>seit 2008<\/td><td>Mitglied bei BerlinPhotoWorkshops, seit 2012 Initiator, seitdem regelm\u00e4\u00dfige Lehrt\u00e4tigkeit in Form von Workshops<\/td><\/tr><tr><td>2009-2013<\/td><td>Dozent f\u00fcr Fotografie an der Universit\u00e4t Potsdam<\/td><\/tr><tr><td>2010\/2014<\/td><td>Dozent f\u00fcr Fotografie an der Fachhochschule Potsdam<\/td><\/tr><tr><td>seit 2018<\/td><td>Lehrauftrag an der Ostkreuzschule f\u00fcr Fotografie, Berlin<\/td><\/tr><tr><td>seit 2022<\/td><td>Lehrauftrag f\u00fcr Fotografie an der Fachhochschule Potsdam<\/td><\/tr><\/tbody><\/table><\/figure>\n\n\n\n<p>G\u00f6ran Gnaudschun lebt und arbeitet in Potsdam.<\/p>\n\n\n\n<div style=\"height:10px\" aria-hidden=\"true\" class=\"wp-block-spacer\"><\/div>\n\n\n\n<p><strong>Preise und Stipendien (Auswahl)<\/strong><\/p>\n\n\n\n<div style=\"height:10px\" aria-hidden=\"true\" class=\"wp-block-spacer\"><\/div>\n\n\n\n<figure class=\"wp-block-table\"><table><tbody><tr><td>2023<\/td><td>NEUSTARTplus Stipendium der Stiftung Kunstfonds, Bonn<\/td><\/tr><tr><td>2021<\/td><td>Arbeitspaket-Stipendium des Landes Brandenburg<br>Neustart Kultur Stipendium der VG Bild-Kunst<\/td><\/tr><tr><td>2018<\/td><td>Brandenburgischer Kunstpreis<\/td><\/tr><tr><td>2016-2017<\/td><td>Rom-Preis der Deutschen Akademie Villa Massimo<\/td><\/tr><tr><td>2015<\/td><td>HannoverShots-Stipendium der Hannover-Stiftung<\/td><\/tr><tr><td>2013<\/td><td>Arbeitsstipendium der Stiftung Kunstfonds, Bonn<\/td><\/tr><tr><td>2012<\/td><td>Lotto-Brandenburg-Kunstpreis<\/td><\/tr><tr><td>2011<\/td><td>Aufenthaltsstipendium im K\u00fcnstlerhaus Schloss Wiepersdorf<\/td><\/tr><tr><td>2008<\/td><td>Arbeitsstipendium des Landes Brandenburg<\/td><\/tr><tr><td>2004<\/td><td>DAAD-Reisestipendium<\/td><\/tr><tr><td>2000-2001<\/td><td>Stipendiat der Barkenhoff-Stiftung, Worpswede<\/td><\/tr><\/tbody><\/table><\/figure>\n","protected":false},"excerpt":{"rendered":"<p>Biografie 1971 geboren in Potsdam 1994-2003 Studium der K\u00fcnstlerischen Fotografie (Diplom) und Bildenden Kunst (Meistersch\u00fcler) an der Hochschule f\u00fcr Grafik und Buchkunst Leipzig bei Prof. Timm Rautert 2002 berufenes Mitglied der Deutschen Fotografischen Akademie 2004-2009 Dozent f\u00fcr Fotografie an der Alice-Salomon-Fachhochschule Berlin seit 2008 Mitglied bei BerlinPhotoWorkshops, seit 2012 Initiator, seitdem regelm\u00e4\u00dfige Lehrt\u00e4tigkeit in Form [&hellip;]<\/p>\n","protected":false},"author":2,"featured_media":0,"parent":182,"menu_order":0,"comment_status":"closed","ping_status":"closed","template":"kuenstler-text.php","meta":{"_acf_changed":false,"footnotes":""},"class_list":["post-245","page","type-page","status-publish","hentry"],"acf":[],"_links":{"self":[{"href":"https:\/\/poll-berlin.de\/galerie\/wp-json\/wp\/v2\/pages\/245","targetHints":{"allow":["GET"]}}],"collection":[{"href":"https:\/\/poll-berlin.de\/galerie\/wp-json\/wp\/v2\/pages"}],"about":[{"href":"https:\/\/poll-berlin.de\/galerie\/wp-json\/wp\/v2\/types\/page"}],"author":[{"embeddable":true,"href":"https:\/\/poll-berlin.de\/galerie\/wp-json\/wp\/v2\/users\/2"}],"replies":[{"embeddable":true,"href":"https:\/\/poll-berlin.de\/galerie\/wp-json\/wp\/v2\/comments?post=245"}],"version-history":[{"count":19,"href":"https:\/\/poll-berlin.de\/galerie\/wp-json\/wp\/v2\/pages\/245\/revisions"}],"predecessor-version":[{"id":36385,"href":"https:\/\/poll-berlin.de\/galerie\/wp-json\/wp\/v2\/pages\/245\/revisions\/36385"}],"up":[{"embeddable":true,"href":"https:\/\/poll-berlin.de\/galerie\/wp-json\/wp\/v2\/pages\/182"}],"wp:attachment":[{"href":"https:\/\/poll-berlin.de\/galerie\/wp-json\/wp\/v2\/media?parent=245"}],"curies":[{"name":"wp","href":"https:\/\/api.w.org\/{rel}","templated":true}]}}