{"id":2418,"date":"2021-07-28T14:15:53","date_gmt":"2021-07-28T12:15:53","guid":{"rendered":"https:\/\/poll-berlin.de\/galerie\/?page_id=2418"},"modified":"2025-04-30T15:39:57","modified_gmt":"2025-04-30T13:39:57","slug":"audio-video","status":"publish","type":"page","link":"https:\/\/poll-berlin.de\/galerie\/ausstellungen\/archiv\/altschaefer\/audio-video\/","title":{"rendered":"Audio \/ Video"},"content":{"rendered":"\n<p>Anl\u00e4sslich der Ausstellung f\u00fchrte Jochen L. St\u00f6ckmann ein K\u00fcnstlergespr\u00e4ch, das hier nachzuh\u00f6ren ist (dt., Dauer: 56 Min.):<\/p>\n\n\n\n<figure class=\"wp-block-image size-full\"><a href=\"https:\/\/soundcloud.com\/jochen-stoeckmann\/martina-altschafer-true-places-ausstellung-galerie-poll-berlin\" target=\"_blank\" rel=\"noopener\"><img loading=\"lazy\" decoding=\"async\" width=\"200\" height=\"23\" src=\"https:\/\/poll-berlin.de\/galerie\/wp-content\/uploads\/Soundcloud_Logo.gif\" alt=\"\" class=\"wp-image-2556\"\/><\/a><\/figure>\n\n\n\n<div style=\"height:10px\" aria-hidden=\"true\" class=\"wp-block-spacer\"><\/div>\n\n\n\n<p>Beitrag von Barbara Wiegand auf Inforadio vom 14. April 2021 (dt., Dauer: ca. 3 Min.):<\/p>\n\n\n\n<figure class=\"wp-block-image size-full is-resized\"><a href=\"https:\/\/poll-berlin.de\/galerie\/wp-content\/uploads\/rbb-Inforadio_14.4.-Galerierundgang_Barbara-Wiegand.mp3\" target=\"_blank\" rel=\"noreferrer noopener\"><img loading=\"lazy\" decoding=\"async\" width=\"200\" height=\"25\" src=\"https:\/\/poll-berlin.de\/galerie\/wp-content\/uploads\/Inforadio_Logo.jpg\" alt=\"\" class=\"wp-image-40679\" style=\"width:auto;height:23px\"\/><\/a><\/figure>\n","protected":false},"excerpt":{"rendered":"<p>Anl\u00e4sslich der Ausstellung f\u00fchrte Jochen L. St\u00f6ckmann ein K\u00fcnstlergespr\u00e4ch, das hier nachzuh\u00f6ren ist (dt., Dauer: 56 Min.): Beitrag von Barbara Wiegand auf Inforadio vom 14. April 2021 (dt., Dauer: ca. 3 Min.):<\/p>\n","protected":false},"author":1,"featured_media":0,"parent":2412,"menu_order":4,"comment_status":"closed","ping_status":"closed","template":"ausstellen-text.php","meta":{"_acf_changed":false,"footnotes":""},"class_list":["post-2418","page","type-page","status-publish","hentry"],"acf":[],"_links":{"self":[{"href":"https:\/\/poll-berlin.de\/galerie\/wp-json\/wp\/v2\/pages\/2418","targetHints":{"allow":["GET"]}}],"collection":[{"href":"https:\/\/poll-berlin.de\/galerie\/wp-json\/wp\/v2\/pages"}],"about":[{"href":"https:\/\/poll-berlin.de\/galerie\/wp-json\/wp\/v2\/types\/page"}],"author":[{"embeddable":true,"href":"https:\/\/poll-berlin.de\/galerie\/wp-json\/wp\/v2\/users\/1"}],"replies":[{"embeddable":true,"href":"https:\/\/poll-berlin.de\/galerie\/wp-json\/wp\/v2\/comments?post=2418"}],"version-history":[{"count":25,"href":"https:\/\/poll-berlin.de\/galerie\/wp-json\/wp\/v2\/pages\/2418\/revisions"}],"predecessor-version":[{"id":42419,"href":"https:\/\/poll-berlin.de\/galerie\/wp-json\/wp\/v2\/pages\/2418\/revisions\/42419"}],"up":[{"embeddable":true,"href":"https:\/\/poll-berlin.de\/galerie\/wp-json\/wp\/v2\/pages\/2412"}],"wp:attachment":[{"href":"https:\/\/poll-berlin.de\/galerie\/wp-json\/wp\/v2\/media?parent=2418"}],"curies":[{"name":"wp","href":"https:\/\/api.w.org\/{rel}","templated":true}]}}