{"id":2393,"date":"2021-09-17T09:28:05","date_gmt":"2021-09-17T07:28:05","guid":{"rendered":"https:\/\/poll-berlin.de\/galerie\/?page_id=2393"},"modified":"2025-04-30T15:02:49","modified_gmt":"2025-04-30T13:02:49","slug":"audio-video","status":"publish","type":"page","link":"https:\/\/poll-berlin.de\/galerie\/ausstellungen\/archiv\/marcus-draper-malerei\/audio-video\/","title":{"rendered":"Audio \/ Video"},"content":{"rendered":"\n<p>Zur Ausstellungser\u00f6ffnung f\u00fchrte Jochen L. St\u00f6ckmann ein K\u00fcnstlergespr\u00e4ch, das hier nachzuh\u00f6ren ist (dt., Dauer: 20 Min.):<\/p>\n\n\n\n<figure class=\"wp-block-image size-full\"><a href=\"https:\/\/soundcloud.com\/jochen-stoeckmann\/markus-draper-more-than-a-story\" target=\"_blank\" rel=\"noreferrer noopener\"><img loading=\"lazy\" decoding=\"async\" width=\"200\" height=\"23\" src=\"https:\/\/poll-berlin.de\/galerie\/wp-content\/uploads\/Soundcloud_Logo.gif\" alt=\"\" class=\"wp-image-2556\"\/><\/a><\/figure>\n\n\n\n<div style=\"height:10px\" aria-hidden=\"true\" class=\"wp-block-spacer\"><\/div>\n\n\n\n<figure class=\"wp-block-image size-full is-resized\"><img loading=\"lazy\" decoding=\"async\" width=\"555\" height=\"500\" src=\"https:\/\/poll-berlin.de\/galerie\/wp-content\/uploads\/Draper-Sto\u0308ckmann.jpg\" alt=\"\" class=\"wp-image-4196\" style=\"width:400px\" srcset=\"https:\/\/poll-berlin.de\/galerie\/wp-content\/uploads\/Draper-Sto\u0308ckmann.jpg 555w, https:\/\/poll-berlin.de\/galerie\/wp-content\/uploads\/Draper-Sto\u0308ckmann-300x270.jpg 300w\" sizes=\"auto, (max-width: 555px) 100vw, 555px\" \/><\/figure>\n","protected":false},"excerpt":{"rendered":"<p>Zur Ausstellungser\u00f6ffnung f\u00fchrte Jochen L. St\u00f6ckmann ein K\u00fcnstlergespr\u00e4ch, das hier nachzuh\u00f6ren ist (dt., Dauer: 20 Min.):<\/p>\n","protected":false},"author":1,"featured_media":0,"parent":2387,"menu_order":4,"comment_status":"closed","ping_status":"closed","template":"ausstellen-text.php","meta":{"_acf_changed":false,"footnotes":""},"class_list":["post-2393","page","type-page","status-publish","hentry"],"acf":[],"_links":{"self":[{"href":"https:\/\/poll-berlin.de\/galerie\/wp-json\/wp\/v2\/pages\/2393","targetHints":{"allow":["GET"]}}],"collection":[{"href":"https:\/\/poll-berlin.de\/galerie\/wp-json\/wp\/v2\/pages"}],"about":[{"href":"https:\/\/poll-berlin.de\/galerie\/wp-json\/wp\/v2\/types\/page"}],"author":[{"embeddable":true,"href":"https:\/\/poll-berlin.de\/galerie\/wp-json\/wp\/v2\/users\/1"}],"replies":[{"embeddable":true,"href":"https:\/\/poll-berlin.de\/galerie\/wp-json\/wp\/v2\/comments?post=2393"}],"version-history":[{"count":15,"href":"https:\/\/poll-berlin.de\/galerie\/wp-json\/wp\/v2\/pages\/2393\/revisions"}],"predecessor-version":[{"id":42414,"href":"https:\/\/poll-berlin.de\/galerie\/wp-json\/wp\/v2\/pages\/2393\/revisions\/42414"}],"up":[{"embeddable":true,"href":"https:\/\/poll-berlin.de\/galerie\/wp-json\/wp\/v2\/pages\/2387"}],"wp:attachment":[{"href":"https:\/\/poll-berlin.de\/galerie\/wp-json\/wp\/v2\/media?parent=2393"}],"curies":[{"name":"wp","href":"https:\/\/api.w.org\/{rel}","templated":true}]}}