{"id":2373,"date":"2021-07-28T19:02:09","date_gmt":"2021-07-28T17:02:09","guid":{"rendered":"https:\/\/poll-berlin.de\/galerie\/?page_id=2373"},"modified":"2025-03-12T13:36:38","modified_gmt":"2025-03-12T12:36:38","slug":"information","status":"publish","type":"page","link":"https:\/\/poll-berlin.de\/galerie\/ausstellungen\/archiv\/schaulager-keller\/information\/","title":{"rendered":"Information"},"content":{"rendered":"\n<p>Im Schaulager der Galerie Poll ist im Juli\/ August aus Anlass des Erscheinens des ersten Kataloges von Eric Keller ein \u201eSommerspecial\u201c mit einer Auswahl seiner Malerei aus den Jahren 2020 und 2021 zu sehen.<\/p>\n\n\n\n<p>Es sind eher unspektakul\u00e4re Bildthemen, denen das malerische Interesse von Eric Keller gilt. <em>Sch\u00f6nbach<\/em> (2021) l\u00e4sst ein hell erleuchtetes Geb\u00e4ude an einer Schnellstra\u00dfe erkennen, leicht verwischt, wie im Vorbeifahren wahrgenommen. <em>Kulturhaus 5<\/em> (2021) zeigt eine leere B\u00fchne mit einem Stuhl und bunten Kulissenelementen, <em>B\u00fchne nachts<\/em> (2021) ein B\u00fchnenornament in Nahaufnahme. Entstanden sind alle Bilder mit den f\u00fcr den K\u00fcnstler charakteristischen gedeckten Grau-, Blau-, Violett- und Ockert\u00f6nen in \u00d6llasurmalerei auf Holz. Ein Parkplatz, ein Bahn\u00fcbergang und Geb\u00e4ude am Stra\u00dfenrand: Momente und Stimmungen, Erlebtes und Erinnertes beim Wahrnehmen solcher Motive ruft Keller mit seinen Bildern auf. Durch \u00dcbermalungen, aber auch das wiederholte Abtragen von Farbe durchl\u00e4uft ein Werk viele Zust\u00e4nde, bis es abgeschlossen ist.<\/p>\n\n\n\n<p><strong>Eric Keller,<\/strong> geboren 1985 in Grimma, hat 2018 sein Meistersch\u00fcler-Studium bei Prof. Annette Schr\u00f6ter an der Hochschule f\u00fcr Grafik und Buchkunst in Leipzig abgeschlossen. Zuvor studierte er Bildende Kunst an der Akademie der Bildenden K\u00fcnste in N\u00fcrnberg bei Rolf-Gunter Dienst und von 2008 bis 2014 Malerei bei Elke Hopfe und Ralf Kerbach an der Hochschule f\u00fcr Bildende K\u00fcnste in Dresden. Arbeiten von Eric Keller befinden sich u.a. in der Galerie Neue Meister der Staatlichen Kunstsammlungen Dresden und in der Sammlung der Osts\u00e4chsischen Sparkasse. Eric Keller lebt und arbeitet in Dresden.<\/p>\n\n\n\n<p>Ausstellung und Katalog werden gef\u00f6rdert durch:<\/p>\n\n\n<div class=\"wp-block-image\">\n<figure class=\"alignleft size-full\"><img loading=\"lazy\" decoding=\"async\" width=\"300\" height=\"59\" src=\"https:\/\/poll-berlin.de\/galerie\/wp-content\/uploads\/Logo_Neustart_300.png\" alt=\"\" class=\"wp-image-3515\"\/><\/figure><\/div>\n\n\n<p><\/p>\n","protected":false},"excerpt":{"rendered":"<p>Im Schaulager der Galerie Poll ist im Juli\/ August aus Anlass des Erscheinens des ersten Kataloges von Eric Keller ein \u201eSommerspecial\u201c mit einer Auswahl seiner Malerei aus den Jahren 2020 und 2021 zu sehen. Es sind eher unspektakul\u00e4re Bildthemen, denen das malerische Interesse von Eric Keller gilt. Sch\u00f6nbach (2021) l\u00e4sst ein hell erleuchtetes Geb\u00e4ude an [&hellip;]<\/p>\n","protected":false},"author":1,"featured_media":0,"parent":463,"menu_order":0,"comment_status":"closed","ping_status":"closed","template":"ausstellen-text.php","meta":{"_acf_changed":false,"footnotes":""},"class_list":["post-2373","page","type-page","status-publish","hentry"],"acf":[],"_links":{"self":[{"href":"https:\/\/poll-berlin.de\/galerie\/wp-json\/wp\/v2\/pages\/2373","targetHints":{"allow":["GET"]}}],"collection":[{"href":"https:\/\/poll-berlin.de\/galerie\/wp-json\/wp\/v2\/pages"}],"about":[{"href":"https:\/\/poll-berlin.de\/galerie\/wp-json\/wp\/v2\/types\/page"}],"author":[{"embeddable":true,"href":"https:\/\/poll-berlin.de\/galerie\/wp-json\/wp\/v2\/users\/1"}],"replies":[{"embeddable":true,"href":"https:\/\/poll-berlin.de\/galerie\/wp-json\/wp\/v2\/comments?post=2373"}],"version-history":[{"count":9,"href":"https:\/\/poll-berlin.de\/galerie\/wp-json\/wp\/v2\/pages\/2373\/revisions"}],"predecessor-version":[{"id":41402,"href":"https:\/\/poll-berlin.de\/galerie\/wp-json\/wp\/v2\/pages\/2373\/revisions\/41402"}],"up":[{"embeddable":true,"href":"https:\/\/poll-berlin.de\/galerie\/wp-json\/wp\/v2\/pages\/463"}],"wp:attachment":[{"href":"https:\/\/poll-berlin.de\/galerie\/wp-json\/wp\/v2\/media?parent=2373"}],"curies":[{"name":"wp","href":"https:\/\/api.w.org\/{rel}","templated":true}]}}