{"id":233,"date":"2021-05-07T12:31:12","date_gmt":"2021-05-07T10:31:12","guid":{"rendered":"https:\/\/poll-berlin.de\/galerie\/?page_id=233"},"modified":"2025-08-27T12:37:07","modified_gmt":"2025-08-27T10:37:07","slug":"ausstellungen","status":"publish","type":"page","link":"https:\/\/poll-berlin.de\/galerie\/kuenstler-der-galerie\/jenoe-gindl\/ausstellungen\/","title":{"rendered":"Ausstellungen"},"content":{"rendered":"\n<p><strong>Einzel- und Gruppenausstellungen (Auswahl)<\/strong><\/p>\n\n\n\n<div style=\"height:10px\" aria-hidden=\"true\" class=\"wp-block-spacer\"><\/div>\n\n\n\n<figure class=\"wp-block-table\"><table><tbody><tr><td>2019<\/td><td>Galerie Poll, Berlin<\/td><\/tr><tr><td>2014<\/td><td>Galerie Poll, Berlin<\/td><\/tr><tr><td>2009<\/td><td>Galerie Poll, Berlin<\/td><\/tr><tr><td>2005<\/td><td>Georg Kolbe Museum, Berlin<br>Neuer Berliner Kunstverein (NBK)<\/td><\/tr><tr><td>2000<\/td><td>Fine Art Gallery Joao Ferreira, Kapstadt<\/td><\/tr><tr><td>1999<\/td><td>Albany-Museum, Grahamstown (S\u00fcdafrika)<\/td><\/tr><tr><td>1993<\/td><td>Projektgalerie SOMA, Berlin<\/td><\/tr><tr><td>1992<\/td><td>Friedrichstra\u00dfe, Berlin<\/td><\/tr><tr><td>1990<\/td><td>Kunsthalle und Fotozentrum \u00d6rebro (Schweden)<\/td><\/tr><\/tbody><\/table><\/figure>\n","protected":false},"excerpt":{"rendered":"<p>Einzel- und Gruppenausstellungen (Auswahl) 2019 Galerie Poll, Berlin 2014 Galerie Poll, Berlin 2009 Galerie Poll, Berlin 2005 Georg Kolbe Museum, BerlinNeuer Berliner Kunstverein (NBK) 2000 Fine Art Gallery Joao Ferreira, Kapstadt 1999 Albany-Museum, Grahamstown (S\u00fcdafrika) 1993 Projektgalerie SOMA, Berlin 1992 Friedrichstra\u00dfe, Berlin 1990 Kunsthalle und Fotozentrum \u00d6rebro (Schweden)<\/p>\n","protected":false},"author":2,"featured_media":0,"parent":180,"menu_order":1,"comment_status":"closed","ping_status":"closed","template":"kuenstler-text.php","meta":{"_acf_changed":false,"footnotes":""},"class_list":["post-233","page","type-page","status-publish","hentry"],"acf":[],"_links":{"self":[{"href":"https:\/\/poll-berlin.de\/galerie\/wp-json\/wp\/v2\/pages\/233","targetHints":{"allow":["GET"]}}],"collection":[{"href":"https:\/\/poll-berlin.de\/galerie\/wp-json\/wp\/v2\/pages"}],"about":[{"href":"https:\/\/poll-berlin.de\/galerie\/wp-json\/wp\/v2\/types\/page"}],"author":[{"embeddable":true,"href":"https:\/\/poll-berlin.de\/galerie\/wp-json\/wp\/v2\/users\/2"}],"replies":[{"embeddable":true,"href":"https:\/\/poll-berlin.de\/galerie\/wp-json\/wp\/v2\/comments?post=233"}],"version-history":[{"count":11,"href":"https:\/\/poll-berlin.de\/galerie\/wp-json\/wp\/v2\/pages\/233\/revisions"}],"predecessor-version":[{"id":43884,"href":"https:\/\/poll-berlin.de\/galerie\/wp-json\/wp\/v2\/pages\/233\/revisions\/43884"}],"up":[{"embeddable":true,"href":"https:\/\/poll-berlin.de\/galerie\/wp-json\/wp\/v2\/pages\/180"}],"wp:attachment":[{"href":"https:\/\/poll-berlin.de\/galerie\/wp-json\/wp\/v2\/media?parent=233"}],"curies":[{"name":"wp","href":"https:\/\/api.w.org\/{rel}","templated":true}]}}