{"id":231,"date":"2021-05-07T12:30:23","date_gmt":"2021-05-07T10:30:23","guid":{"rendered":"https:\/\/poll-berlin.de\/galerie\/?page_id=231"},"modified":"2024-03-12T14:59:05","modified_gmt":"2024-03-12T13:59:05","slug":"biografie","status":"publish","type":"page","link":"https:\/\/poll-berlin.de\/galerie\/kuenstler-der-galerie\/jenoe-gindl\/biografie\/","title":{"rendered":"Biografie"},"content":{"rendered":"\n<p><strong>Biografie<\/strong><\/p>\n\n\n\n<div style=\"height:10px\" aria-hidden=\"true\" class=\"wp-block-spacer\"><\/div>\n\n\n\n<figure class=\"wp-block-table\"><table><tbody><tr><td>1962<\/td><td>geboren in G\u00f6ttingen<\/td><\/tr><tr><td>1981-1984<\/td><td>Studium der Kunstgeschichte und Geschichte an der Freien Universit\u00e4t Berlin<\/td><\/tr><tr><td>1985-1992<\/td><td>Studium an der Hochschule der K\u00fcnste Berlin<\/td><\/tr><tr><td>1992<\/td><td>Meistersch\u00fcler bei Prof. Wolfgang Petrick<\/td><\/tr><tr><td>seit 1989<\/td><td>Zusammenarbeit mit dem Steidl-Verlag G\u00f6ttingen<br>Aufbau und Leitung einer Graphikwerkstatt<br>Konzeption und Realisation von Editionen und Buchprojekten, u. a. G\u00fcnter Grass, A. R. Penck, Richard Serra, Lou Reed, Jim Dine, Karl Lagerfeld<\/td><\/tr><tr><td>1994-1997<\/td><td>Leitung der Lithographie-Werkstatt im K\u00fcnstlerhaus Bethanien, Berlin<\/td><\/tr><tr><td>seit 1994<\/td><td>Studio f\u00fcr Fotografie mit Schwerpunkt auf fotografische Edeldruckverfahren<\/td><\/tr><tr><td>1999<\/td><td>Dozent f\u00fcr Fotografie an der Rhodes University, Grahamstown (S\u00fcdafrika)<\/td><\/tr><\/tbody><\/table><\/figure>\n\n\n\n<p>Jen\u00f6 Gindl lebt und arbeitet in Berlin.<\/p>\n","protected":false},"excerpt":{"rendered":"<p>Biografie 1962 geboren in G\u00f6ttingen 1981-1984 Studium der Kunstgeschichte und Geschichte an der Freien Universit\u00e4t Berlin 1985-1992 Studium an der Hochschule der K\u00fcnste Berlin 1992 Meistersch\u00fcler bei Prof. Wolfgang Petrick seit 1989 Zusammenarbeit mit dem Steidl-Verlag G\u00f6ttingenAufbau und Leitung einer GraphikwerkstattKonzeption und Realisation von Editionen und Buchprojekten, u. a. G\u00fcnter Grass, A. R. Penck, Richard [&hellip;]<\/p>\n","protected":false},"author":2,"featured_media":0,"parent":180,"menu_order":0,"comment_status":"closed","ping_status":"closed","template":"kuenstler-text.php","meta":{"_acf_changed":false,"footnotes":""},"class_list":["post-231","page","type-page","status-publish","hentry"],"acf":[],"_links":{"self":[{"href":"https:\/\/poll-berlin.de\/galerie\/wp-json\/wp\/v2\/pages\/231","targetHints":{"allow":["GET"]}}],"collection":[{"href":"https:\/\/poll-berlin.de\/galerie\/wp-json\/wp\/v2\/pages"}],"about":[{"href":"https:\/\/poll-berlin.de\/galerie\/wp-json\/wp\/v2\/types\/page"}],"author":[{"embeddable":true,"href":"https:\/\/poll-berlin.de\/galerie\/wp-json\/wp\/v2\/users\/2"}],"replies":[{"embeddable":true,"href":"https:\/\/poll-berlin.de\/galerie\/wp-json\/wp\/v2\/comments?post=231"}],"version-history":[{"count":10,"href":"https:\/\/poll-berlin.de\/galerie\/wp-json\/wp\/v2\/pages\/231\/revisions"}],"predecessor-version":[{"id":36382,"href":"https:\/\/poll-berlin.de\/galerie\/wp-json\/wp\/v2\/pages\/231\/revisions\/36382"}],"up":[{"embeddable":true,"href":"https:\/\/poll-berlin.de\/galerie\/wp-json\/wp\/v2\/pages\/180"}],"wp:attachment":[{"href":"https:\/\/poll-berlin.de\/galerie\/wp-json\/wp\/v2\/media?parent=231"}],"curies":[{"name":"wp","href":"https:\/\/api.w.org\/{rel}","templated":true}]}}