{"id":223,"date":"2021-05-07T12:26:34","date_gmt":"2021-05-07T10:26:34","guid":{"rendered":"https:\/\/poll-berlin.de\/galerie\/?page_id=223"},"modified":"2025-06-04T13:51:24","modified_gmt":"2025-06-04T11:51:24","slug":"werke-in-sammlungen","status":"publish","type":"page","link":"https:\/\/poll-berlin.de\/galerie\/kuenstler-der-galerie\/matthias-beckmann\/werke-in-sammlungen\/","title":{"rendered":"Werke in Sammlungen"},"content":{"rendered":"\n<p><strong>Werke in Sammlungen<\/strong><\/p>\n\n\n\n<p>Galerie Albstadt \u2013 St\u00e4dtische Kunstsammlungen<br>Artothek des Neuen Berliner Kunstvereins (NBK)<br>Berlinische Galerie &#8211; Museum f\u00fcr Moderne Kunst<br>Kommunale Galerie Berlin<br>Kunstsammlung des Deutschen Bundestages, Berlin<br>Kunststiftung Poll, Berlin<br>Museum f\u00fcr Asiatische Kunst, Berlin<br>Museum f\u00fcr Kommunikation Berlin<br>Stiftung Stadtmuseum, Berlin<br>Kunstmuseum Bonn<br>Kunsthalle Bremen<br>Hessisches Landesmuseum Darmstadt<br>Museum am Ostwall, Dortmund<br>Stiftung Museum Kunstpalast, D\u00fcsseldorf<br>Stiftung Wilhelm Lehmbruck Museum, Duisburg<br>Stiftung Schloss Friedenstein, Gotha<br>Teylers Museum, Haarlem<br>Artothek des K\u00f6lnischen Stadtmuseums<br>Stadtk\u00f6lnischer Kunstbesitz<br>Ludwiggalerie Schloss Oberhausen<br>St\u00e4dtische Galerie in der Reithalle, Paderborn<br>Columbus Art Foundation, Ravensburg<br>Sammlung W\u00fcrth, Schw\u00e4bisch Hall<br>Daimler Art Collection, Stuttgart<br>Landesbank Baden-W\u00fcrttemberg, Stuttgart<br>Bilderbuchmuseum Burg Wissem, Troisdorf<br>Museum der Stadt Waiblingen<br>Von-der-Heydt-Museum, Wuppertal<\/p>\n","protected":false},"excerpt":{"rendered":"<p>Werke in Sammlungen Galerie Albstadt \u2013 St\u00e4dtische KunstsammlungenArtothek des Neuen Berliner Kunstvereins (NBK)Berlinische Galerie &#8211; Museum f\u00fcr Moderne KunstKommunale Galerie BerlinKunstsammlung des Deutschen Bundestages, BerlinKunststiftung Poll, BerlinMuseum f\u00fcr Asiatische Kunst, BerlinMuseum f\u00fcr Kommunikation BerlinStiftung Stadtmuseum, BerlinKunstmuseum BonnKunsthalle BremenHessisches Landesmuseum DarmstadtMuseum am Ostwall, DortmundStiftung Museum Kunstpalast, D\u00fcsseldorfStiftung Wilhelm Lehmbruck Museum, DuisburgStiftung Schloss Friedenstein, GothaTeylers Museum, HaarlemArtothek [&hellip;]<\/p>\n","protected":false},"author":2,"featured_media":0,"parent":177,"menu_order":2,"comment_status":"closed","ping_status":"closed","template":"kuenstler-text.php","meta":{"_acf_changed":false,"footnotes":""},"class_list":["post-223","page","type-page","status-publish","hentry"],"acf":[],"_links":{"self":[{"href":"https:\/\/poll-berlin.de\/galerie\/wp-json\/wp\/v2\/pages\/223","targetHints":{"allow":["GET"]}}],"collection":[{"href":"https:\/\/poll-berlin.de\/galerie\/wp-json\/wp\/v2\/pages"}],"about":[{"href":"https:\/\/poll-berlin.de\/galerie\/wp-json\/wp\/v2\/types\/page"}],"author":[{"embeddable":true,"href":"https:\/\/poll-berlin.de\/galerie\/wp-json\/wp\/v2\/users\/2"}],"replies":[{"embeddable":true,"href":"https:\/\/poll-berlin.de\/galerie\/wp-json\/wp\/v2\/comments?post=223"}],"version-history":[{"count":8,"href":"https:\/\/poll-berlin.de\/galerie\/wp-json\/wp\/v2\/pages\/223\/revisions"}],"predecessor-version":[{"id":42825,"href":"https:\/\/poll-berlin.de\/galerie\/wp-json\/wp\/v2\/pages\/223\/revisions\/42825"}],"up":[{"embeddable":true,"href":"https:\/\/poll-berlin.de\/galerie\/wp-json\/wp\/v2\/pages\/177"}],"wp:attachment":[{"href":"https:\/\/poll-berlin.de\/galerie\/wp-json\/wp\/v2\/media?parent=223"}],"curies":[{"name":"wp","href":"https:\/\/api.w.org\/{rel}","templated":true}]}}