{"id":221,"date":"2021-05-07T12:25:46","date_gmt":"2021-05-07T10:25:46","guid":{"rendered":"https:\/\/poll-berlin.de\/galerie\/?page_id=221"},"modified":"2025-08-27T12:53:26","modified_gmt":"2025-08-27T10:53:26","slug":"ausstellungen","status":"publish","type":"page","link":"https:\/\/poll-berlin.de\/galerie\/kuenstler-der-galerie\/matthias-beckmann\/ausstellungen\/","title":{"rendered":"Ausstellungen"},"content":{"rendered":"\n<p><strong>Einzelausstellungen (Auswahl)<\/strong><\/p>\n\n\n\n<div style=\"height:10px\" aria-hidden=\"true\" class=\"wp-block-spacer\"><\/div>\n\n\n\n<figure class=\"wp-block-table\"><table><tbody><tr><td>2023<\/td><td>Galerie Poll, Berlin<\/td><\/tr><tr><td>2022<\/td><td>Museum der Stadt L\u00fcnen (mit Patrick Borchers)<\/td><\/tr><tr><td>2021<\/td><td>Lichtenberg Studios<\/td><\/tr><tr><td>2020<\/td><td>Kunstfenster, Murrhardt<\/td><\/tr><tr><td>2019<\/td><td>K\u00f8nigliche Backstube, Berlin<br>Neue Kunst im Hagenbucher, Heilbronn (mit Petra Lottje)<\/td><\/tr><tr><td>2017<\/td><td>Kunstverein M\u00fcnsterland, Coesfeld<br>Kunstverein R\u00fcsselsheim<br>Studiengalerie P\u00e4dagogische Hochschule Ludwigsburg<br>Galerie Artlantis, Stuttgart<\/td><\/tr><tr><td>2016<\/td><td>Mani\u00e8re Noire, Berlin<br>Kubin-Haus Zwickledt, Wernstein am Inn (\u00d6sterreich)<br>FAK &#8211; F\u00f6rderverein Aktuelle Kunst M\u00fcnster e.V.<\/td><\/tr><tr><td>2015<\/td><td>Kunststiftung Erich Hauser, Rottweil<br>Kunstraum Claudia Delank, Berlin<\/td><\/tr><tr><td>2014<\/td><td>Museum f\u00fcr Asiatische Kunst, Berlin<br>Studio 1 im Kunstquartier Bethanien, Berlin<\/td><\/tr><tr><td>2013<\/td><td>galerie laurent mueller, Paris<br>Galerie der Kreissparkasse Echterdingen<br>Neue Kunst im Hagenbucher, Heilbronn<\/td><\/tr><tr><td>2012<\/td><td>Columbus Art Foundation, Ravensburg<br>Fruehsorge Contemporary Drawings, Berlin<\/td><\/tr><tr><td>2011<\/td><td>St\u00e4dtische Galerie im Schlosspark Str\u00fcnkede, Herne<br>Emmanuel Walderdorff Galerie, K\u00f6ln (mit Hans Pfrommer)<\/td><\/tr><tr><td>2009<\/td><td>Berlinische Galerie &#8211; Museum f\u00fcr Moderne Kunst<br>Hessisches Landesmuseum Darmstadt<br>Galerie Netuschil, Darmstadt<br>Galerie Weisser Elefant, Berlin (mit Inge Krause)<\/td><\/tr><tr><td>2008<\/td><td>Emmanuel Walderdorff Galerie, K\u00f6ln<\/td><\/tr><tr><td>2007<\/td><td>Kunstverein Ahlen<br>S.M.A.K. Stedelijk Museum voor Actuele Kunst, Gent<br>Ulmer Museum<br>Galerie Merkle, Stuttgart<br>Kunstverein Bochum<\/td><\/tr><tr><td>2006<\/td><td>Emmanuel Walderdorff Galerie, K\u00f6ln<\/td><\/tr><tr><td>2004<\/td><td>Deutsche Gesellschaft f\u00fcr christliche Kunst, M\u00fcnchen<\/td><\/tr><tr><td>2002<\/td><td>Kunstverein Wilhelmsh\u00f6he, Ettlingen<br>Galerie Junge Kunst, Wolfsburg<br>Bilderbuchmuseum Burg Wissem, Troisdorf<\/td><\/tr><tr><td>2001<\/td><td>Galerie Barbara Cramer, Bonn<\/td><\/tr><tr><td>2000<\/td><td>Kunstverein Unna<\/td><\/tr><tr><td>1999<\/td><td>Villa Massimo, Rom (mit Carl Vetter)<br>Kunstverein Arnsberg<\/td><\/tr><tr><td>1998<\/td><td>artothek \u2013 Raum f\u00fcr junge Kunst, K\u00f6ln<\/td><\/tr><tr><td>1995<\/td><td>Staatliche Akademie der Bildenden K\u00fcnste Stuttgart<\/td><\/tr><\/tbody><\/table><\/figure>\n\n\n\n<div style=\"height:10px\" aria-hidden=\"true\" class=\"wp-block-spacer\"><\/div>\n\n\n\n<p><strong>Gruppenausstellungen (Auswahl)<\/strong><\/p>\n\n\n\n<div style=\"height:10px\" aria-hidden=\"true\" class=\"wp-block-spacer\"><\/div>\n\n\n\n<figure class=\"wp-block-table\"><table><tbody><tr><td>2024<\/td><td>Galerie Axel Obiger, Berlin<br>K\u00fcnstlerhaus Sootb\u00f6rn, Hamburg<br>W\u00fcrttembergischer Kunstverein Stuttgart<\/td><\/tr><tr><td>2023<\/td><td>Red Ger Gallery, Ulaanbaatar (Mongolei)<br>Kunstverein Neuk\u00f6lln, Berlin<\/td><\/tr><tr><td>2022-2023<\/td><td>Kunstmuseum Bochum<\/td><\/tr><tr><td>2022<\/td><td>Galerie Poll, Berlin<br>Kunstsammlung Gera mit dem Kunstverein Gera e.V.<br>Kunstmuseum im Marstall, Paderborn<br>ZAK (Zentrum f\u00fcr Aktuelle Kunst), Zitadelle Spandau, Berlin<br>St\u00e4dtische Galerie Bietigheim-Bissingen<\/td><\/tr><tr><td>2020<\/td><td>Emmanuel Walderdorff Galerie, Molsberg<br>Allgemeiner Konsumverein, Braunschweig<br>Kunstverein Neuk\u00f6lln, Berlin<br>Artothek der Kommunalen Galerie Berlin<\/td><\/tr><tr><td>2019<\/td><td>Marburger Kunstverein<br>Osthaus Museum Hagen<br>St\u00e4dtische Museen Heilbronn<br>Kunstverein Neuk\u00f6lln, Berlin<br>Kunsthalle Hense, Gescher<br>Zwitschermaschine, Berlin<\/td><\/tr><tr><td>2018<\/td><td>Staatliche Kunsthalle Baden-Baden<br>Kommunale Galerie Berlin<br>Galerie Axel Obiger, Berlin<br>Kunsthalle Hense, Gescher<br>Ludwiggalerie Schloss Oberhausen<\/td><\/tr><tr><td>2017<\/td><td>Salon f\u00fcr Kunstbuch im 21er Haus, Wien<br>Projektraum des Deutschen K\u00fcnstlerbundes, Berlin<br>Weserburg Museum f\u00fcr moderne Kunst, Bremen<br>Museum Ostwall, Dortmund<\/td><\/tr><tr><td>2016<\/td><td>Lateral Art Space, Cluj-Napoca (Rum\u00e4nien)<br>Presidential B. Yeltsin Centre, Jekaterinburg (Russland)<br>National Gallery Windhoek, Namibia<br>Landesmuseum W\u00fcrttemberg im Alten Schloss, Stuttgart<br>Deutscher K\u00fcnstlerbund Projektraum, Berlin<br>Kunststiftung Poll, Berlin<\/td><\/tr><tr><td>2015<\/td><td>Galerie Poll, Berlin<br>Hegenbarth Sammlung Berlin<br>W\u00fcrttembergischer Kunstverein Stuttgart<br>Zwitschermaschine, Berlin<\/td><\/tr><tr><td>2014<\/td><td>De Vishal \u2013 Space for Visual Arts, Haarlem<br>Haus von Margreet Bouman und Ronald Ruseler, Haarlem<br>Alte Feuerwache, Berlin<br>Ludwiggalerie Schloss Oberhausen<br>St\u00e4dtische Galerie Albstadt<br>Galerie Axel Obiger, Berlin<\/td><\/tr><tr><td>2013<\/td><td>Petit Palais, Paris<br>Spinnerei Leipzig<br>Galerie Delikatessenhaus Leipzig<br>Temporary Art Center Eindhoven (Niederlande)<br>Kers Gallery, Amsterdam und Galerie Roy, Z\u00fclpich<br>Neues Kunsthaus Ahrenshoop<br>Schau Fenster \u2013 Raum f\u00fcr Kunst, Berlin<\/td><\/tr><tr><td>2012<\/td><td>Deutscher Bundestag, Berlin<br>Goethe-Institut Johannesburg<br>Galerie Poll, Berlin<br>K\u00fcnstlerhaus Dortmund<br>Kommunale Galerie Berlin<\/td><\/tr><tr><td>2011<\/td><td>Galerie der Stadt Backnang<br>Ulmer Museum<br>Kunst + Kulturverein Alte Schule Baruth e.V.<br>Galerie Laurent Mueller, Paris<\/td><\/tr><tr><td>2010<\/td><td>Berlinische Galerie &#8211; Museum f\u00fcr Moderne Kunst<br>Projektraum des Deutschen K\u00fcnstlerbundes, Berlin<br>Ludwiggalerie Schloss Oberhausen<br>Emmanuel Walderdorff Galerie, K\u00f6ln<br>Transformer Gallery, Washington D.C.<br>Woodward Studios, Kapstadt<\/td><\/tr><tr><td>2009<\/td><td>Neuer Berliner Kunstverein (NBK)<\/td><\/tr><tr><td>2008<\/td><td>Kultur Bahnhof Eller, D\u00fcsseldorf<br>Kunstraum D\u00fcsseldorf<br>Galerie Thomas, M\u00fcnchen<br>Johanniterhalle, Schw\u00e4bisch Hall<\/td><\/tr><tr><td>2007<\/td><td>Deutscher Bundestag, Berlin<\/td><\/tr><tr><td>2006<\/td><td>Westf\u00e4lisches Landesmuseum, M\u00fcnster<\/td><\/tr><tr><td>2005<\/td><td>Galerie Nord \u2013 Kunstverein Tiergarten, Berlin<br>Columbus Art Foundation, Ravensburg<br>Mannheimer Kunstverein<\/td><\/tr><tr><td>2004<\/td><td>Kunstverein Eislingen<br>Graphikmuseum Pablo Picasso, M\u00fcnster<\/td><\/tr><tr><td>2003<\/td><td>Kunsthalle Erfurt<\/td><\/tr><tr><td>2002<\/td><td>Kunsthalle Recklinghausen<\/td><\/tr><tr><td>2000<\/td><td>W\u00fcrttembergischer Kunstverein Stuttgart<\/td><\/tr><tr><td>1999<\/td><td>K\u00fcnstlerhaus Dortmund<\/td><\/tr><tr><td>1997<\/td><td>Gesellschaft der Freunde junger Kunst, Baden-Baden<br>Kunsthalle Recklinghausen<\/td><\/tr><\/tbody><\/table><\/figure>\n","protected":false},"excerpt":{"rendered":"<p>Einzelausstellungen (Auswahl) 2023 Galerie Poll, Berlin 2022 Museum der Stadt L\u00fcnen (mit Patrick Borchers) 2021 Lichtenberg Studios 2020 Kunstfenster, Murrhardt 2019 K\u00f8nigliche Backstube, BerlinNeue Kunst im Hagenbucher, Heilbronn (mit Petra Lottje) 2017 Kunstverein M\u00fcnsterland, CoesfeldKunstverein R\u00fcsselsheimStudiengalerie P\u00e4dagogische Hochschule LudwigsburgGalerie Artlantis, Stuttgart 2016 Mani\u00e8re Noire, BerlinKubin-Haus Zwickledt, Wernstein am Inn (\u00d6sterreich)FAK &#8211; F\u00f6rderverein Aktuelle Kunst M\u00fcnster [&hellip;]<\/p>\n","protected":false},"author":2,"featured_media":0,"parent":177,"menu_order":1,"comment_status":"closed","ping_status":"closed","template":"kuenstler-text.php","meta":{"_acf_changed":false,"footnotes":""},"class_list":["post-221","page","type-page","status-publish","hentry"],"acf":[],"_links":{"self":[{"href":"https:\/\/poll-berlin.de\/galerie\/wp-json\/wp\/v2\/pages\/221","targetHints":{"allow":["GET"]}}],"collection":[{"href":"https:\/\/poll-berlin.de\/galerie\/wp-json\/wp\/v2\/pages"}],"about":[{"href":"https:\/\/poll-berlin.de\/galerie\/wp-json\/wp\/v2\/types\/page"}],"author":[{"embeddable":true,"href":"https:\/\/poll-berlin.de\/galerie\/wp-json\/wp\/v2\/users\/2"}],"replies":[{"embeddable":true,"href":"https:\/\/poll-berlin.de\/galerie\/wp-json\/wp\/v2\/comments?post=221"}],"version-history":[{"count":26,"href":"https:\/\/poll-berlin.de\/galerie\/wp-json\/wp\/v2\/pages\/221\/revisions"}],"predecessor-version":[{"id":43889,"href":"https:\/\/poll-berlin.de\/galerie\/wp-json\/wp\/v2\/pages\/221\/revisions\/43889"}],"up":[{"embeddable":true,"href":"https:\/\/poll-berlin.de\/galerie\/wp-json\/wp\/v2\/pages\/177"}],"wp:attachment":[{"href":"https:\/\/poll-berlin.de\/galerie\/wp-json\/wp\/v2\/media?parent=221"}],"curies":[{"name":"wp","href":"https:\/\/api.w.org\/{rel}","templated":true}]}}