{"id":211,"date":"2021-05-07T12:22:44","date_gmt":"2021-05-07T10:22:44","guid":{"rendered":"https:\/\/poll-berlin.de\/galerie\/?page_id=211"},"modified":"2025-12-07T21:09:41","modified_gmt":"2025-12-07T20:09:41","slug":"werke-in-sammlungen","status":"publish","type":"page","link":"https:\/\/poll-berlin.de\/galerie\/kuenstler-der-galerie\/bettina-von-arnim\/werke-in-sammlungen\/","title":{"rendered":"Werke in Sammlungen"},"content":{"rendered":"\n<p><strong>Werke in Sammlungen<\/strong><\/p>\n\n\n\n<p>Berlinische Galerie &#8211; Museum f\u00fcr Moderne Kunst<br>Kupferstichkabinett der Staatlichen Museen zu Berlin<br>Neue Nationalgalerie der Staatlichen Museen zu Berlin<br>Kunstmuseum Bonn<br>Sammlung zeitgen\u00f6ssischer Kunst der Bundesrepublik Deutschland, Bonn<br>Mus\u00e9e Champollion, Figeac (Frankreich)<br>Sammlung Deutsche Bank, Frankfurt am Main<br>St\u00e4del Museum, Frankfurt am Main<br>Museum der Stadt G\u00f6teborg<br>Landesmuseum Kiel<br>Musee de l\u2019Automate, Souilliac (Frankreich)<\/p>\n","protected":false},"excerpt":{"rendered":"<p>Werke in Sammlungen Berlinische Galerie &#8211; Museum f\u00fcr Moderne KunstKupferstichkabinett der Staatlichen Museen zu BerlinNeue Nationalgalerie der Staatlichen Museen zu BerlinKunstmuseum BonnSammlung zeitgen\u00f6ssischer Kunst der Bundesrepublik Deutschland, BonnMus\u00e9e Champollion, Figeac (Frankreich)Sammlung Deutsche Bank, Frankfurt am MainSt\u00e4del Museum, Frankfurt am MainMuseum der Stadt G\u00f6teborgLandesmuseum KielMusee de l\u2019Automate, Souilliac (Frankreich)<\/p>\n","protected":false},"author":2,"featured_media":0,"parent":175,"menu_order":2,"comment_status":"closed","ping_status":"closed","template":"kuenstler-text.php","meta":{"_acf_changed":false,"footnotes":""},"class_list":["post-211","page","type-page","status-publish","hentry"],"acf":[],"_links":{"self":[{"href":"https:\/\/poll-berlin.de\/galerie\/wp-json\/wp\/v2\/pages\/211","targetHints":{"allow":["GET"]}}],"collection":[{"href":"https:\/\/poll-berlin.de\/galerie\/wp-json\/wp\/v2\/pages"}],"about":[{"href":"https:\/\/poll-berlin.de\/galerie\/wp-json\/wp\/v2\/types\/page"}],"author":[{"embeddable":true,"href":"https:\/\/poll-berlin.de\/galerie\/wp-json\/wp\/v2\/users\/2"}],"replies":[{"embeddable":true,"href":"https:\/\/poll-berlin.de\/galerie\/wp-json\/wp\/v2\/comments?post=211"}],"version-history":[{"count":15,"href":"https:\/\/poll-berlin.de\/galerie\/wp-json\/wp\/v2\/pages\/211\/revisions"}],"predecessor-version":[{"id":44861,"href":"https:\/\/poll-berlin.de\/galerie\/wp-json\/wp\/v2\/pages\/211\/revisions\/44861"}],"up":[{"embeddable":true,"href":"https:\/\/poll-berlin.de\/galerie\/wp-json\/wp\/v2\/pages\/175"}],"wp:attachment":[{"href":"https:\/\/poll-berlin.de\/galerie\/wp-json\/wp\/v2\/media?parent=211"}],"curies":[{"name":"wp","href":"https:\/\/api.w.org\/{rel}","templated":true}]}}