{"id":207,"date":"2021-05-07T12:21:17","date_gmt":"2021-05-07T10:21:17","guid":{"rendered":"https:\/\/poll-berlin.de\/galerie\/?page_id=207"},"modified":"2024-03-12T16:50:10","modified_gmt":"2024-03-12T15:50:10","slug":"biografie","status":"publish","type":"page","link":"https:\/\/poll-berlin.de\/galerie\/kuenstler-der-galerie\/bettina-von-arnim\/biografie\/","title":{"rendered":"Biografie"},"content":{"rendered":"\n<p><strong>Biografie<\/strong><\/p>\n\n\n\n<div style=\"height:10px\" aria-hidden=\"true\" class=\"wp-block-spacer\"><\/div>\n\n\n\n<figure class=\"wp-block-table\"><table><tbody><tr><td>1940<\/td><td>geboren in Zernikow (Mark Brandenburg)<\/td><\/tr><tr><td>1960-1965<\/td><td>Studium der Kunstp\u00e4dagogik an der Hochschule der K\u00fcnste Berlin<\/td><\/tr><tr><td>1967-1968<\/td><td>Referendarin der Kunsterziehung, Berlin<\/td><\/tr><tr><td>1970<\/td><td>Geburt der Tochter Antonia<\/td><\/tr><tr><td>1972<\/td><td>Mitbegr\u00fcnderin der\u00a0\u201eGruppe Aspekt\u201d in West-Berlin<br>Geburt der Tochter Juliane<\/td><\/tr><tr><td>seit 1973<\/td><td>Mitglied des Deutschen K\u00fcnstlerbunds<\/td><\/tr><\/tbody><\/table><\/figure>\n\n\n\n<p>Bettina von Arnim lebt und arbeitet in Concots (Frankreich).<\/p>\n\n\n\n<div style=\"height:10px\" aria-hidden=\"true\" class=\"wp-block-spacer\"><\/div>\n\n\n\n<p><strong>Preise und Stipendien<\/strong><\/p>\n\n\n\n<div style=\"height:10px\" aria-hidden=\"true\" class=\"wp-block-spacer\"><\/div>\n\n\n\n<figure class=\"wp-block-table\"><table><tbody><tr><td>1962-1963<\/td><td>Stipendium f\u00fcr die \u00c9cole des Beaux-Arts de Paris, Druckgrafik bei Johnny Friedlaender, Paris<\/td><\/tr><tr><td>1957-1958<\/td><td>AFS Stipendium, Cambridge (USA)<\/td><\/tr><\/tbody><\/table><\/figure>\n","protected":false},"excerpt":{"rendered":"<p>Biografie 1940 geboren in Zernikow (Mark Brandenburg) 1960-1965 Studium der Kunstp\u00e4dagogik an der Hochschule der K\u00fcnste Berlin 1967-1968 Referendarin der Kunsterziehung, Berlin 1970 Geburt der Tochter Antonia 1972 Mitbegr\u00fcnderin der\u00a0\u201eGruppe Aspekt\u201d in West-BerlinGeburt der Tochter Juliane seit 1973 Mitglied des Deutschen K\u00fcnstlerbunds Bettina von Arnim lebt und arbeitet in Concots (Frankreich). Preise und Stipendien 1962-1963 [&hellip;]<\/p>\n","protected":false},"author":2,"featured_media":0,"parent":175,"menu_order":0,"comment_status":"closed","ping_status":"closed","template":"kuenstler-text.php","meta":{"_acf_changed":false,"footnotes":""},"class_list":["post-207","page","type-page","status-publish","hentry"],"acf":[],"_links":{"self":[{"href":"https:\/\/poll-berlin.de\/galerie\/wp-json\/wp\/v2\/pages\/207","targetHints":{"allow":["GET"]}}],"collection":[{"href":"https:\/\/poll-berlin.de\/galerie\/wp-json\/wp\/v2\/pages"}],"about":[{"href":"https:\/\/poll-berlin.de\/galerie\/wp-json\/wp\/v2\/types\/page"}],"author":[{"embeddable":true,"href":"https:\/\/poll-berlin.de\/galerie\/wp-json\/wp\/v2\/users\/2"}],"replies":[{"embeddable":true,"href":"https:\/\/poll-berlin.de\/galerie\/wp-json\/wp\/v2\/comments?post=207"}],"version-history":[{"count":18,"href":"https:\/\/poll-berlin.de\/galerie\/wp-json\/wp\/v2\/pages\/207\/revisions"}],"predecessor-version":[{"id":36426,"href":"https:\/\/poll-berlin.de\/galerie\/wp-json\/wp\/v2\/pages\/207\/revisions\/36426"}],"up":[{"embeddable":true,"href":"https:\/\/poll-berlin.de\/galerie\/wp-json\/wp\/v2\/pages\/175"}],"wp:attachment":[{"href":"https:\/\/poll-berlin.de\/galerie\/wp-json\/wp\/v2\/media?parent=207"}],"curies":[{"name":"wp","href":"https:\/\/api.w.org\/{rel}","templated":true}]}}