{"id":197,"date":"2021-05-07T12:18:09","date_gmt":"2021-05-07T10:18:09","guid":{"rendered":"https:\/\/poll-berlin.de\/galerie\/?page_id=197"},"modified":"2025-10-08T16:03:55","modified_gmt":"2025-10-08T14:03:55","slug":"ausstellungen","status":"publish","type":"page","link":"https:\/\/poll-berlin.de\/galerie\/kuenstler-der-galerie\/martina-altschaefer\/ausstellungen\/","title":{"rendered":"Ausstellungen"},"content":{"rendered":"\n<p><strong>Einzelausstellungen (Auswahl)<\/strong><\/p>\n\n\n\n<div style=\"height:10px\" aria-hidden=\"true\" class=\"wp-block-spacer\"><\/div>\n\n\n\n<figure class=\"wp-block-table\"><table><tbody><tr><td>2021<\/td><td>Galerie Poll, Berlin<\/td><\/tr><tr><td>2018<\/td><td>Schaulager der Galerie Poll, Berlin<\/td><\/tr><tr><td>2017<\/td><td>Galerie Ahlers, G\u00f6ttingen<\/td><\/tr><tr><td>2016<\/td><td>Kulturspeicher Oldenburg<br>Stadtmuseum Oldenburg<br>Galerie Poll, Berlin<\/td><\/tr><tr><td>2014<\/td><td>Galerie D\u00f6bele, Dresden and Mannheim<\/td><\/tr><tr><td>2011<\/td><td>Galerie Weber-Schmid, Mainz (mit Robert Metzkes)<\/td><\/tr><tr><td>2009<\/td><td>Landesmuseum f\u00fcr Kunst und Kulturgeschichte Oldenburg<br>Kunststiftung Poll, Berlin<\/td><\/tr><tr><td>2008<\/td><td>Essenheimer Kunstverein, Mainz (mit Birgid Helmy)<\/td><\/tr><tr><td>2007<\/td><td>St\u00e4dtische Galerie Bad Wimpfen<br>St\u00e4dtische Galerie Mennonitenkirche, Neuwied (mit Birgid Helmy)<\/td><\/tr><tr><td>2004<\/td><td>Hessische Landesvertretung, Berlin<br>Adam Opel AG, R\u00fcsselsheim<\/td><\/tr><tr><td>2003<\/td><td>Kunstverein Erlangen<br>Galerie Eva Poll, Berlin<\/td><\/tr><tr><td>2001<\/td><td>Kunstverein Weinheim<\/td><\/tr><tr><td>1999<\/td><td>Rotunde, St\u00e4dtische Galerie R\u00fcsselsheim<\/td><\/tr><tr><td>1997<\/td><td>Galerie Winkelmann, D\u00fcsseldorf<br>Thyssen Krupp Stahl, Duisburg<\/td><\/tr><tr><td>1996<\/td><td>Adam Opel AG, R\u00fcsselsheim<br>Kronberger Kulturkreis<\/td><\/tr><tr><td>1994<\/td><td>Industrie-Club D\u00fcsseldorf<\/td><\/tr><tr><td>1993<\/td><td>Galerie Winkelmann, D\u00fcsseldorf<\/td><\/tr><tr><td>1991<\/td><td>Galerie Libertas, Dreieichenhain<br>Kunstmuseum D\u00fcsseldorf<\/td><\/tr><tr><td>1989<\/td><td>Kunsthalle Darmstadt<\/td><\/tr><tr><td>1988<\/td><td>Kunstverein Eisenturm, Mainz<\/td><\/tr><\/tbody><\/table><\/figure>\n\n\n\n<div style=\"height:10px\" aria-hidden=\"true\" class=\"wp-block-spacer\"><\/div>\n\n\n\n<p><strong>Gruppenausstellungen (Auswahl)<\/strong><\/p>\n\n\n\n<div style=\"height:10px\" aria-hidden=\"true\" class=\"wp-block-spacer\"><\/div>\n\n\n\n<figure class=\"wp-block-table\"><table><tbody><tr><td>2025-2026<\/td><td>Mittelrhein-Museum, Koblenz<\/td><\/tr><tr><td>2025<\/td><td>Kunstverein Neuk\u00f6lln, Berlin<\/td><\/tr><tr><td>2024<\/td><td>Mittelrhein-Museum, Koblenz<\/td><\/tr><tr><td>2022<\/td><td>Galerie Poll, Berlin<\/td><\/tr><tr><td>2021<\/td><td>Kunstverein R\u00fcsselsheim<br>Museum R\u00fcsselsheim<\/td><\/tr><tr><td>2019<\/td><td>Kunstmuseum Albstadt<\/td><\/tr><tr><td>2018<\/td><td>Galerie im K\u00f6rnerpark, Berlin<\/td><\/tr><tr><td>2016<\/td><td>Galerie Nord &#8211; Kunstverein Tiergarten, Berlin<br>Galerie Ahlers, G\u00f6ttingen<\/td><\/tr><tr><td>2015<\/td><td>Galerie Poll, Berlin<br>Galerie Nord &#8211; Kunstverein Tiergarten, Berlin<\/td><\/tr><tr><td>2013<\/td><td>Schau Fenster &#8211; Raum f\u00fcr Kunst, Berlin<br>Essenheimer Kunstverein, Ingelheim<\/td><\/tr><tr><td>2012<\/td><td>Galerie Poll, Berlin<\/td><\/tr><tr><td>2010<\/td><td>Galerie Albstadt<\/td><\/tr><tr><td>2009<\/td><td>Galerie Albstadt<br>Gutenberg-Museum und Landesmuseum Mainz<br>Galerie Poll, Berlin<\/td><\/tr><tr><td>2008<\/td><td>Museum Pachen, Rockenhausen<br>St\u00e4dtische Galerie Speyer<\/td><\/tr><\/tbody><\/table><\/figure>\n","protected":false},"excerpt":{"rendered":"<p>Einzelausstellungen (Auswahl) 2021 Galerie Poll, Berlin 2018 Schaulager der Galerie Poll, Berlin 2017 Galerie Ahlers, G\u00f6ttingen 2016 Kulturspeicher OldenburgStadtmuseum OldenburgGalerie Poll, Berlin 2014 Galerie D\u00f6bele, Dresden and Mannheim 2011 Galerie Weber-Schmid, Mainz (mit Robert Metzkes) 2009 Landesmuseum f\u00fcr Kunst und Kulturgeschichte OldenburgKunststiftung Poll, Berlin 2008 Essenheimer Kunstverein, Mainz (mit Birgid Helmy) 2007 St\u00e4dtische Galerie Bad [&hellip;]<\/p>\n","protected":false},"author":2,"featured_media":0,"parent":173,"menu_order":1,"comment_status":"closed","ping_status":"closed","template":"kuenstler-text.php","meta":{"_acf_changed":false,"footnotes":""},"class_list":["post-197","page","type-page","status-publish","hentry"],"acf":[],"_links":{"self":[{"href":"https:\/\/poll-berlin.de\/galerie\/wp-json\/wp\/v2\/pages\/197","targetHints":{"allow":["GET"]}}],"collection":[{"href":"https:\/\/poll-berlin.de\/galerie\/wp-json\/wp\/v2\/pages"}],"about":[{"href":"https:\/\/poll-berlin.de\/galerie\/wp-json\/wp\/v2\/types\/page"}],"author":[{"embeddable":true,"href":"https:\/\/poll-berlin.de\/galerie\/wp-json\/wp\/v2\/users\/2"}],"replies":[{"embeddable":true,"href":"https:\/\/poll-berlin.de\/galerie\/wp-json\/wp\/v2\/comments?post=197"}],"version-history":[{"count":21,"href":"https:\/\/poll-berlin.de\/galerie\/wp-json\/wp\/v2\/pages\/197\/revisions"}],"predecessor-version":[{"id":44285,"href":"https:\/\/poll-berlin.de\/galerie\/wp-json\/wp\/v2\/pages\/197\/revisions\/44285"}],"up":[{"embeddable":true,"href":"https:\/\/poll-berlin.de\/galerie\/wp-json\/wp\/v2\/pages\/173"}],"wp:attachment":[{"href":"https:\/\/poll-berlin.de\/galerie\/wp-json\/wp\/v2\/media?parent=197"}],"curies":[{"name":"wp","href":"https:\/\/api.w.org\/{rel}","templated":true}]}}