{"id":167,"date":"2021-05-07T11:46:33","date_gmt":"2021-05-07T09:46:33","guid":{"rendered":"https:\/\/poll-berlin.de\/galerie\/?page_id=167"},"modified":"2024-12-11T13:04:40","modified_gmt":"2024-12-11T12:04:40","slug":"grafik","status":"publish","type":"page","link":"https:\/\/poll-berlin.de\/galerie\/kuenstler-der-galerie\/hermann-albert\/grafik\/","title":{"rendered":"Grafik"},"content":{"rendered":"","protected":false},"excerpt":{"rendered":"","protected":false},"author":2,"featured_media":0,"parent":158,"menu_order":3,"comment_status":"closed","ping_status":"closed","template":"kuenstler-galerie.php","meta":{"_acf_changed":false,"footnotes":""},"class_list":["post-167","page","type-page","status-publish","hentry"],"acf":{"photo_gallery":{"bilder":[[{"id":40315,"title":"HA_Bauer_1974","caption":"Hermann Albert, Bauer, 1974, Radierung, Auflage: 150, Bild: 25 x 21,7 cm, Blatt: 54 x 38 cm","full_image_url":"https:\/\/poll-berlin.de\/galerie\/wp-content\/uploads\/HA_Bauer_1974_web.jpg","thumbnail_image_url":"https:\/\/poll-berlin.de\/galerie\/wp-content\/uploads\/HA_Bauer_1974_web-150x150.jpg","large_srcset":"https:\/\/poll-berlin.de\/galerie\/wp-content\/uploads\/HA_Bauer_1974_web-800x938.jpg 800w, https:\/\/poll-berlin.de\/galerie\/wp-content\/uploads\/HA_Bauer_1974_web-256x300.jpg 256w, https:\/\/poll-berlin.de\/galerie\/wp-content\/uploads\/HA_Bauer_1974_web-768x901.jpg 768w, https:\/\/poll-berlin.de\/galerie\/wp-content\/uploads\/HA_Bauer_1974_web.jpg 948w","medium_srcset":"https:\/\/poll-berlin.de\/galerie\/wp-content\/uploads\/HA_Bauer_1974_web-256x300.jpg 256w, https:\/\/poll-berlin.de\/galerie\/wp-content\/uploads\/HA_Bauer_1974_web-800x938.jpg 800w, https:\/\/poll-berlin.de\/galerie\/wp-content\/uploads\/HA_Bauer_1974_web-768x901.jpg 768w, https:\/\/poll-berlin.de\/galerie\/wp-content\/uploads\/HA_Bauer_1974_web.jpg 948w","media_details":{"width":948,"height":1112,"sizes":{"medium":{"file":"HA_Bauer_1974_web-256x300.jpg","width":256,"height":300,"mime-type":"image\/jpeg","filesize":22142,"source_url":"https:\/\/poll-berlin.de\/galerie\/wp-content\/uploads\/HA_Bauer_1974_web-256x300.jpg"},"large":{"file":"HA_Bauer_1974_web-800x938.jpg","width":800,"height":938,"mime-type":"image\/jpeg","filesize":171525,"source_url":"https:\/\/poll-berlin.de\/galerie\/wp-content\/uploads\/HA_Bauer_1974_web-800x938.jpg"},"thumbnail":{"file":"HA_Bauer_1974_web-150x150.jpg","width":150,"height":150,"mime-type":"image\/jpeg","filesize":7769,"source_url":"https:\/\/poll-berlin.de\/galerie\/wp-content\/uploads\/HA_Bauer_1974_web-150x150.jpg"},"medium_large":{"file":"HA_Bauer_1974_web-768x901.jpg","width":768,"height":901,"mime-type":"image\/jpeg","filesize":160127,"source_url":"https:\/\/poll-berlin.de\/galerie\/wp-content\/uploads\/HA_Bauer_1974_web-768x901.jpg"}}},"alt_text":"","url":"","target":""},{"id":33671,"title":"HA_ohne Titel_1973","caption":"Hermann Albert, o. T., 1973, Radierung, Auflage: 50, Bild: 19,5 x 15 cm, Blatt: 29 x 20,7 cm","full_image_url":"https:\/\/poll-berlin.de\/galerie\/wp-content\/uploads\/HA_ohne-Titel_1973.jpg","thumbnail_image_url":"https:\/\/poll-berlin.de\/galerie\/wp-content\/uploads\/HA_ohne-Titel_1973-150x150.jpg","large_srcset":"https:\/\/poll-berlin.de\/galerie\/wp-content\/uploads\/HA_ohne-Titel_1973-800x1125.jpg 800w, https:\/\/poll-berlin.de\/galerie\/wp-content\/uploads\/HA_ohne-Titel_1973-213x300.jpg 213w, https:\/\/poll-berlin.de\/galerie\/wp-content\/uploads\/HA_ohne-Titel_1973-768x1080.jpg 768w, https:\/\/poll-berlin.de\/galerie\/wp-content\/uploads\/HA_ohne-Titel_1973.jpg 1067w","medium_srcset":"https:\/\/poll-berlin.de\/galerie\/wp-content\/uploads\/HA_ohne-Titel_1973-213x300.jpg 213w, https:\/\/poll-berlin.de\/galerie\/wp-content\/uploads\/HA_ohne-Titel_1973-800x1125.jpg 800w, https:\/\/poll-berlin.de\/galerie\/wp-content\/uploads\/HA_ohne-Titel_1973-768x1080.jpg 768w, https:\/\/poll-berlin.de\/galerie\/wp-content\/uploads\/HA_ohne-Titel_1973.jpg 1067w","media_details":{"width":1067,"height":1500,"sizes":{"medium":{"file":"HA_ohne-Titel_1973-213x300.jpg","width":213,"height":300,"mime-type":"image\/jpeg","filesize":11222,"source_url":"https:\/\/poll-berlin.de\/galerie\/wp-content\/uploads\/HA_ohne-Titel_1973-213x300.jpg"},"large":{"file":"HA_ohne-Titel_1973-800x1125.jpg","width":800,"height":1125,"mime-type":"image\/jpeg","filesize":135567,"source_url":"https:\/\/poll-berlin.de\/galerie\/wp-content\/uploads\/HA_ohne-Titel_1973-800x1125.jpg"},"thumbnail":{"file":"HA_ohne-Titel_1973-150x150.jpg","width":150,"height":150,"mime-type":"image\/jpeg","filesize":5885,"source_url":"https:\/\/poll-berlin.de\/galerie\/wp-content\/uploads\/HA_ohne-Titel_1973-150x150.jpg"},"medium_large":{"file":"HA_ohne-Titel_1973-768x1080.jpg","width":768,"height":1080,"mime-type":"image\/jpeg","filesize":124337,"source_url":"https:\/\/poll-berlin.de\/galerie\/wp-content\/uploads\/HA_ohne-Titel_1973-768x1080.jpg"}}},"alt_text":"","url":"","target":""},{"id":33670,"title":"HA_ohne Titel (Frau mit offener Bluse)_ohne Jahr","caption":"Hermann Albert, o. T. (Frau mit offener Bluse), o. J., Siebdruck, Auflage: 100, 88,5 x 60,5 cm","full_image_url":"https:\/\/poll-berlin.de\/galerie\/wp-content\/uploads\/HA_ohne-Titel-Frau-mit-offener-Bluse_ohne-Jahr.jpg","thumbnail_image_url":"https:\/\/poll-berlin.de\/galerie\/wp-content\/uploads\/HA_ohne-Titel-Frau-mit-offener-Bluse_ohne-Jahr-150x150.jpg","large_srcset":"https:\/\/poll-berlin.de\/galerie\/wp-content\/uploads\/HA_ohne-Titel-Frau-mit-offener-Bluse_ohne-Jahr-800x1133.jpg 800w, https:\/\/poll-berlin.de\/galerie\/wp-content\/uploads\/HA_ohne-Titel-Frau-mit-offener-Bluse_ohne-Jahr-212x300.jpg 212w, https:\/\/poll-berlin.de\/galerie\/wp-content\/uploads\/HA_ohne-Titel-Frau-mit-offener-Bluse_ohne-Jahr-768x1088.jpg 768w, https:\/\/poll-berlin.de\/galerie\/wp-content\/uploads\/HA_ohne-Titel-Frau-mit-offener-Bluse_ohne-Jahr.jpg 1059w","medium_srcset":"https:\/\/poll-berlin.de\/galerie\/wp-content\/uploads\/HA_ohne-Titel-Frau-mit-offener-Bluse_ohne-Jahr-212x300.jpg 212w, https:\/\/poll-berlin.de\/galerie\/wp-content\/uploads\/HA_ohne-Titel-Frau-mit-offener-Bluse_ohne-Jahr-800x1133.jpg 800w, https:\/\/poll-berlin.de\/galerie\/wp-content\/uploads\/HA_ohne-Titel-Frau-mit-offener-Bluse_ohne-Jahr-768x1088.jpg 768w, https:\/\/poll-berlin.de\/galerie\/wp-content\/uploads\/HA_ohne-Titel-Frau-mit-offener-Bluse_ohne-Jahr.jpg 1059w","media_details":{"width":1059,"height":1500,"sizes":{"medium":{"file":"HA_ohne-Titel-Frau-mit-offener-Bluse_ohne-Jahr-212x300.jpg","width":212,"height":300,"mime-type":"image\/jpeg","filesize":17548,"source_url":"https:\/\/poll-berlin.de\/galerie\/wp-content\/uploads\/HA_ohne-Titel-Frau-mit-offener-Bluse_ohne-Jahr-212x300.jpg"},"large":{"file":"HA_ohne-Titel-Frau-mit-offener-Bluse_ohne-Jahr-800x1133.jpg","width":800,"height":1133,"mime-type":"image\/jpeg","filesize":177913,"source_url":"https:\/\/poll-berlin.de\/galerie\/wp-content\/uploads\/HA_ohne-Titel-Frau-mit-offener-Bluse_ohne-Jahr-800x1133.jpg"},"thumbnail":{"file":"HA_ohne-Titel-Frau-mit-offener-Bluse_ohne-Jahr-150x150.jpg","width":150,"height":150,"mime-type":"image\/jpeg","filesize":8464,"source_url":"https:\/\/poll-berlin.de\/galerie\/wp-content\/uploads\/HA_ohne-Titel-Frau-mit-offener-Bluse_ohne-Jahr-150x150.jpg"},"medium_large":{"file":"HA_ohne-Titel-Frau-mit-offener-Bluse_ohne-Jahr-768x1088.jpg","width":768,"height":1088,"mime-type":"image\/jpeg","filesize":165799,"source_url":"https:\/\/poll-berlin.de\/galerie\/wp-content\/uploads\/HA_ohne-Titel-Frau-mit-offener-Bluse_ohne-Jahr-768x1088.jpg"}}},"alt_text":"","url":"","target":""},{"id":33669,"title":"HA_ohne Titel (Frauenges\u00e4ss vor roten Streifen)_ohne Jahr","caption":"Hermann Albert, o. T. (Frauenges\u00e4\u00df vor roten Streifen), o. J., Siebdruck, Auflage: X, 76,8 x 61 cm","full_image_url":"https:\/\/poll-berlin.de\/galerie\/wp-content\/uploads\/HA_ohne-Titel-Frauengesaess-vor-roten-Streifen_ohne-Jahr.jpg","thumbnail_image_url":"https:\/\/poll-berlin.de\/galerie\/wp-content\/uploads\/HA_ohne-Titel-Frauengesaess-vor-roten-Streifen_ohne-Jahr-150x150.jpg","large_srcset":"https:\/\/poll-berlin.de\/galerie\/wp-content\/uploads\/HA_ohne-Titel-Frauengesaess-vor-roten-Streifen_ohne-Jahr-800x987.jpg 800w, https:\/\/poll-berlin.de\/galerie\/wp-content\/uploads\/HA_ohne-Titel-Frauengesaess-vor-roten-Streifen_ohne-Jahr-243x300.jpg 243w, https:\/\/poll-berlin.de\/galerie\/wp-content\/uploads\/HA_ohne-Titel-Frauengesaess-vor-roten-Streifen_ohne-Jahr-768x947.jpg 768w, https:\/\/poll-berlin.de\/galerie\/wp-content\/uploads\/HA_ohne-Titel-Frauengesaess-vor-roten-Streifen_ohne-Jahr.jpg 1216w","medium_srcset":"https:\/\/poll-berlin.de\/galerie\/wp-content\/uploads\/HA_ohne-Titel-Frauengesaess-vor-roten-Streifen_ohne-Jahr-243x300.jpg 243w, https:\/\/poll-berlin.de\/galerie\/wp-content\/uploads\/HA_ohne-Titel-Frauengesaess-vor-roten-Streifen_ohne-Jahr-800x987.jpg 800w, https:\/\/poll-berlin.de\/galerie\/wp-content\/uploads\/HA_ohne-Titel-Frauengesaess-vor-roten-Streifen_ohne-Jahr-768x947.jpg 768w, https:\/\/poll-berlin.de\/galerie\/wp-content\/uploads\/HA_ohne-Titel-Frauengesaess-vor-roten-Streifen_ohne-Jahr.jpg 1216w","media_details":{"width":1216,"height":1500,"sizes":{"medium":{"file":"HA_ohne-Titel-Frauengesaess-vor-roten-Streifen_ohne-Jahr-243x300.jpg","width":243,"height":300,"mime-type":"image\/jpeg","filesize":17103,"source_url":"https:\/\/poll-berlin.de\/galerie\/wp-content\/uploads\/HA_ohne-Titel-Frauengesaess-vor-roten-Streifen_ohne-Jahr-243x300.jpg"},"large":{"file":"HA_ohne-Titel-Frauengesaess-vor-roten-Streifen_ohne-Jahr-800x987.jpg","width":800,"height":987,"mime-type":"image\/jpeg","filesize":95220,"source_url":"https:\/\/poll-berlin.de\/galerie\/wp-content\/uploads\/HA_ohne-Titel-Frauengesaess-vor-roten-Streifen_ohne-Jahr-800x987.jpg"},"thumbnail":{"file":"HA_ohne-Titel-Frauengesaess-vor-roten-Streifen_ohne-Jahr-150x150.jpg","width":150,"height":150,"mime-type":"image\/jpeg","filesize":7047,"source_url":"https:\/\/poll-berlin.de\/galerie\/wp-content\/uploads\/HA_ohne-Titel-Frauengesaess-vor-roten-Streifen_ohne-Jahr-150x150.jpg"},"medium_large":{"file":"HA_ohne-Titel-Frauengesaess-vor-roten-Streifen_ohne-Jahr-768x947.jpg","width":768,"height":947,"mime-type":"image\/jpeg","filesize":88591,"source_url":"https:\/\/poll-berlin.de\/galerie\/wp-content\/uploads\/HA_ohne-Titel-Frauengesaess-vor-roten-Streifen_ohne-Jahr-768x947.jpg"}}},"alt_text":"","url":"","target":""},{"id":33668,"title":"HA_ohne Titel_ohne Jahr","caption":"Hermann Albert, o. T., o. J., Siebdruck, Auflage: 30, 66,5 x 60,5 cm","full_image_url":"https:\/\/poll-berlin.de\/galerie\/wp-content\/uploads\/HA_ohne-Titel_ohne-Jahr.jpg","thumbnail_image_url":"https:\/\/poll-berlin.de\/galerie\/wp-content\/uploads\/HA_ohne-Titel_ohne-Jahr-150x150.jpg","large_srcset":"https:\/\/poll-berlin.de\/galerie\/wp-content\/uploads\/HA_ohne-Titel_ohne-Jahr-800x875.jpg 800w, https:\/\/poll-berlin.de\/galerie\/wp-content\/uploads\/HA_ohne-Titel_ohne-Jahr-274x300.jpg 274w, https:\/\/poll-berlin.de\/galerie\/wp-content\/uploads\/HA_ohne-Titel_ohne-Jahr-768x840.jpg 768w, https:\/\/poll-berlin.de\/galerie\/wp-content\/uploads\/HA_ohne-Titel_ohne-Jahr.jpg 1371w","medium_srcset":"https:\/\/poll-berlin.de\/galerie\/wp-content\/uploads\/HA_ohne-Titel_ohne-Jahr-274x300.jpg 274w, https:\/\/poll-berlin.de\/galerie\/wp-content\/uploads\/HA_ohne-Titel_ohne-Jahr-800x875.jpg 800w, https:\/\/poll-berlin.de\/galerie\/wp-content\/uploads\/HA_ohne-Titel_ohne-Jahr-768x840.jpg 768w, https:\/\/poll-berlin.de\/galerie\/wp-content\/uploads\/HA_ohne-Titel_ohne-Jahr.jpg 1371w","media_details":{"width":1371,"height":1500,"sizes":{"medium":{"file":"HA_ohne-Titel_ohne-Jahr-274x300.jpg","width":274,"height":300,"mime-type":"image\/jpeg","filesize":10694,"source_url":"https:\/\/poll-berlin.de\/galerie\/wp-content\/uploads\/HA_ohne-Titel_ohne-Jahr-274x300.jpg"},"large":{"file":"HA_ohne-Titel_ohne-Jahr-800x875.jpg","width":800,"height":875,"mime-type":"image\/jpeg","filesize":61627,"source_url":"https:\/\/poll-berlin.de\/galerie\/wp-content\/uploads\/HA_ohne-Titel_ohne-Jahr-800x875.jpg"},"thumbnail":{"file":"HA_ohne-Titel_ohne-Jahr-150x150.jpg","width":150,"height":150,"mime-type":"image\/jpeg","filesize":4547,"source_url":"https:\/\/poll-berlin.de\/galerie\/wp-content\/uploads\/HA_ohne-Titel_ohne-Jahr-150x150.jpg"},"medium_large":{"file":"HA_ohne-Titel_ohne-Jahr-768x840.jpg","width":768,"height":840,"mime-type":"image\/jpeg","filesize":56788,"source_url":"https:\/\/poll-berlin.de\/galerie\/wp-content\/uploads\/HA_ohne-Titel_ohne-Jahr-768x840.jpg"}}},"alt_text":"","url":"","target":""},{"id":33667,"title":"HA_Frau_1970","caption":"Hermann Albert, Frau, 1970, Siebdruck auf Tapete, Auflage: 20, 84 x 53 cm","full_image_url":"https:\/\/poll-berlin.de\/galerie\/wp-content\/uploads\/HA_Frau_1970.jpg","thumbnail_image_url":"https:\/\/poll-berlin.de\/galerie\/wp-content\/uploads\/HA_Frau_1970-150x150.jpg","large_srcset":"https:\/\/poll-berlin.de\/galerie\/wp-content\/uploads\/HA_Frau_1970-768x1200.jpg 768w, https:\/\/poll-berlin.de\/galerie\/wp-content\/uploads\/HA_Frau_1970-192x300.jpg 192w, https:\/\/poll-berlin.de\/galerie\/wp-content\/uploads\/HA_Frau_1970.jpg 960w","medium_srcset":"https:\/\/poll-berlin.de\/galerie\/wp-content\/uploads\/HA_Frau_1970-192x300.jpg 192w, https:\/\/poll-berlin.de\/galerie\/wp-content\/uploads\/HA_Frau_1970-768x1200.jpg 768w, https:\/\/poll-berlin.de\/galerie\/wp-content\/uploads\/HA_Frau_1970.jpg 960w","media_details":{"width":960,"height":1500,"sizes":{"medium":{"file":"HA_Frau_1970-192x300.jpg","width":192,"height":300,"mime-type":"image\/jpeg","filesize":13344,"source_url":"https:\/\/poll-berlin.de\/galerie\/wp-content\/uploads\/HA_Frau_1970-192x300.jpg"},"large":{"file":"HA_Frau_1970-768x1200.jpg","width":768,"height":1200,"mime-type":"image\/jpeg","filesize":150835,"source_url":"https:\/\/poll-berlin.de\/galerie\/wp-content\/uploads\/HA_Frau_1970-768x1200.jpg"},"thumbnail":{"file":"HA_Frau_1970-150x150.jpg","width":150,"height":150,"mime-type":"image\/jpeg","filesize":6245,"source_url":"https:\/\/poll-berlin.de\/galerie\/wp-content\/uploads\/HA_Frau_1970-150x150.jpg"},"medium_large":{"file":"HA_Frau_1970-768x1200.jpg","width":768,"height":1200,"mime-type":"image\/jpeg","filesize":150835,"source_url":"https:\/\/poll-berlin.de\/galerie\/wp-content\/uploads\/HA_Frau_1970-768x1200.jpg"}}},"alt_text":"","url":"","target":""},{"id":33666,"title":"HA_ohne Titel (Strumpfhalter)_ohne Jahr","caption":"Hermann Albert, o. T. (Frau mit Strumpfhalter), o. J., Siebdruck, 59,5 x 62 cm","full_image_url":"https:\/\/poll-berlin.de\/galerie\/wp-content\/uploads\/HA_ohne-Titel-Strumpfhalter_ohne-Jahr.jpg","thumbnail_image_url":"https:\/\/poll-berlin.de\/galerie\/wp-content\/uploads\/HA_ohne-Titel-Strumpfhalter_ohne-Jahr-150x150.jpg","large_srcset":"https:\/\/poll-berlin.de\/galerie\/wp-content\/uploads\/HA_ohne-Titel-Strumpfhalter_ohne-Jahr-800x762.jpg 800w, https:\/\/poll-berlin.de\/galerie\/wp-content\/uploads\/HA_ohne-Titel-Strumpfhalter_ohne-Jahr-300x286.jpg 300w, https:\/\/poll-berlin.de\/galerie\/wp-content\/uploads\/HA_ohne-Titel-Strumpfhalter_ohne-Jahr-768x731.jpg 768w, https:\/\/poll-berlin.de\/galerie\/wp-content\/uploads\/HA_ohne-Titel-Strumpfhalter_ohne-Jahr.jpg 1500w","medium_srcset":"https:\/\/poll-berlin.de\/galerie\/wp-content\/uploads\/HA_ohne-Titel-Strumpfhalter_ohne-Jahr-300x286.jpg 300w, https:\/\/poll-berlin.de\/galerie\/wp-content\/uploads\/HA_ohne-Titel-Strumpfhalter_ohne-Jahr-800x762.jpg 800w, https:\/\/poll-berlin.de\/galerie\/wp-content\/uploads\/HA_ohne-Titel-Strumpfhalter_ohne-Jahr-768x731.jpg 768w, https:\/\/poll-berlin.de\/galerie\/wp-content\/uploads\/HA_ohne-Titel-Strumpfhalter_ohne-Jahr.jpg 1500w","media_details":{"width":1500,"height":1428,"sizes":{"medium":{"file":"HA_ohne-Titel-Strumpfhalter_ohne-Jahr-300x286.jpg","width":300,"height":286,"mime-type":"image\/jpeg","filesize":10077,"source_url":"https:\/\/poll-berlin.de\/galerie\/wp-content\/uploads\/HA_ohne-Titel-Strumpfhalter_ohne-Jahr-300x286.jpg"},"large":{"file":"HA_ohne-Titel-Strumpfhalter_ohne-Jahr-800x762.jpg","width":800,"height":762,"mime-type":"image\/jpeg","filesize":46505,"source_url":"https:\/\/poll-berlin.de\/galerie\/wp-content\/uploads\/HA_ohne-Titel-Strumpfhalter_ohne-Jahr-800x762.jpg"},"thumbnail":{"file":"HA_ohne-Titel-Strumpfhalter_ohne-Jahr-150x150.jpg","width":150,"height":150,"mime-type":"image\/jpeg","filesize":4440,"source_url":"https:\/\/poll-berlin.de\/galerie\/wp-content\/uploads\/HA_ohne-Titel-Strumpfhalter_ohne-Jahr-150x150.jpg"},"medium_large":{"file":"HA_ohne-Titel-Strumpfhalter_ohne-Jahr-768x731.jpg","width":768,"height":731,"mime-type":"image\/jpeg","filesize":43092,"source_url":"https:\/\/poll-berlin.de\/galerie\/wp-content\/uploads\/HA_ohne-Titel-Strumpfhalter_ohne-Jahr-768x731.jpg"}}},"alt_text":"","url":"","target":""}]]}},"_links":{"self":[{"href":"https:\/\/poll-berlin.de\/galerie\/wp-json\/wp\/v2\/pages\/167","targetHints":{"allow":["GET"]}}],"collection":[{"href":"https:\/\/poll-berlin.de\/galerie\/wp-json\/wp\/v2\/pages"}],"about":[{"href":"https:\/\/poll-berlin.de\/galerie\/wp-json\/wp\/v2\/types\/page"}],"author":[{"embeddable":true,"href":"https:\/\/poll-berlin.de\/galerie\/wp-json\/wp\/v2\/users\/2"}],"replies":[{"embeddable":true,"href":"https:\/\/poll-berlin.de\/galerie\/wp-json\/wp\/v2\/comments?post=167"}],"version-history":[{"count":5,"href":"https:\/\/poll-berlin.de\/galerie\/wp-json\/wp\/v2\/pages\/167\/revisions"}],"predecessor-version":[{"id":33659,"href":"https:\/\/poll-berlin.de\/galerie\/wp-json\/wp\/v2\/pages\/167\/revisions\/33659"}],"up":[{"embeddable":true,"href":"https:\/\/poll-berlin.de\/galerie\/wp-json\/wp\/v2\/pages\/158"}],"wp:attachment":[{"href":"https:\/\/poll-berlin.de\/galerie\/wp-json\/wp\/v2\/media?parent=167"}],"curies":[{"name":"wp","href":"https:\/\/api.w.org\/{rel}","templated":true}]}}