{"id":160,"date":"2021-05-07T11:43:15","date_gmt":"2021-05-07T09:43:15","guid":{"rendered":"https:\/\/poll-berlin.de\/galerie\/?page_id=160"},"modified":"2025-10-14T18:33:27","modified_gmt":"2025-10-14T16:33:27","slug":"biografie","status":"publish","type":"page","link":"https:\/\/poll-berlin.de\/galerie\/kuenstler-der-galerie\/hermann-albert\/biografie\/","title":{"rendered":"Biografie"},"content":{"rendered":"\n<p><strong>Biografie<\/strong><\/p>\n\n\n\n<div style=\"height:10px\" aria-hidden=\"true\" class=\"wp-block-spacer\"><\/div>\n\n\n\n<figure class=\"wp-block-table\"><table><tbody><tr><td>1937<\/td><td>in Ansbach geboren, aufgewachsen in Klagenfurt (\u00d6sterreich)<\/td><\/tr><tr><td>1958-1964<\/td><td>Studium der Malerei an der Hochschule f\u00fcr Bildende K\u00fcnste Braunschweig bei Prof. Peter Voigt<\/td><\/tr><tr><td>1964-1973<\/td><td>Arbeit als freischaffender Maler in West-Berlin<\/td><\/tr><tr><td>1972<\/td><td>Mitbegr\u00fcnder der &#8222;Gruppe Aspekt\u201c in West-Berlin<\/td><\/tr><tr><td>1972-1973<\/td><td>Gastdozent an der Staatlichen Akademie der Bildenden K\u00fcnste Karlsruhe<\/td><\/tr><tr><td>1977<\/td><td>Teilnahme an der documenta 6, Kassel<\/td><\/tr><tr><td>1985-2002<\/td><td>Professur an der Hochschule f\u00fcr Bildende K\u00fcnste Braunschweig<\/td><\/tr><\/tbody><\/table><\/figure>\n\n\n\n<p>Hermann Albert lebt in Berlin und Krayne (Brandenburg).<\/p>\n\n\n\n<div style=\"height:10px\" aria-hidden=\"true\" class=\"wp-block-spacer\"><\/div>\n\n\n\n<p><strong>Preise und Stipendien<\/strong><\/p>\n\n\n\n<div style=\"height:10px\" aria-hidden=\"true\" class=\"wp-block-spacer\"><\/div>\n\n\n\n<figure class=\"wp-block-table\"><table><tbody><tr><td>1985<\/td><td>Preistr\u00e4ger der Nord-LB, Hannover<\/td><\/tr><tr><td>1971<\/td><td>Villa-Romana-Preis, Florenz<\/td><\/tr><\/tbody><\/table><\/figure>\n","protected":false},"excerpt":{"rendered":"<p>Biografie 1937 in Ansbach geboren, aufgewachsen in Klagenfurt (\u00d6sterreich) 1958-1964 Studium der Malerei an der Hochschule f\u00fcr Bildende K\u00fcnste Braunschweig bei Prof. Peter Voigt 1964-1973 Arbeit als freischaffender Maler in West-Berlin 1972 Mitbegr\u00fcnder der &#8222;Gruppe Aspekt\u201c in West-Berlin 1972-1973 Gastdozent an der Staatlichen Akademie der Bildenden K\u00fcnste Karlsruhe 1977 Teilnahme an der documenta 6, Kassel [&hellip;]<\/p>\n","protected":false},"author":2,"featured_media":0,"parent":158,"menu_order":0,"comment_status":"closed","ping_status":"closed","template":"kuenstler-text.php","meta":{"_acf_changed":false,"footnotes":""},"class_list":["post-160","page","type-page","status-publish","hentry"],"acf":[],"_links":{"self":[{"href":"https:\/\/poll-berlin.de\/galerie\/wp-json\/wp\/v2\/pages\/160","targetHints":{"allow":["GET"]}}],"collection":[{"href":"https:\/\/poll-berlin.de\/galerie\/wp-json\/wp\/v2\/pages"}],"about":[{"href":"https:\/\/poll-berlin.de\/galerie\/wp-json\/wp\/v2\/types\/page"}],"author":[{"embeddable":true,"href":"https:\/\/poll-berlin.de\/galerie\/wp-json\/wp\/v2\/users\/2"}],"replies":[{"embeddable":true,"href":"https:\/\/poll-berlin.de\/galerie\/wp-json\/wp\/v2\/comments?post=160"}],"version-history":[{"count":23,"href":"https:\/\/poll-berlin.de\/galerie\/wp-json\/wp\/v2\/pages\/160\/revisions"}],"predecessor-version":[{"id":44359,"href":"https:\/\/poll-berlin.de\/galerie\/wp-json\/wp\/v2\/pages\/160\/revisions\/44359"}],"up":[{"embeddable":true,"href":"https:\/\/poll-berlin.de\/galerie\/wp-json\/wp\/v2\/pages\/158"}],"wp:attachment":[{"href":"https:\/\/poll-berlin.de\/galerie\/wp-json\/wp\/v2\/media?parent=160"}],"curies":[{"name":"wp","href":"https:\/\/api.w.org\/{rel}","templated":true}]}}