{"id":147,"date":"2021-05-07T11:37:45","date_gmt":"2021-05-07T09:37:45","guid":{"rendered":"https:\/\/poll-berlin.de\/galerie\/?page_id=147"},"modified":"2024-09-03T00:38:41","modified_gmt":"2024-09-02T22:38:41","slug":"ausstellungen","status":"publish","type":"page","link":"https:\/\/poll-berlin.de\/galerie\/kuenstler-der-galerie\/danja-akulin\/ausstellungen\/","title":{"rendered":"Ausstellungen"},"content":{"rendered":"\n<p><strong>Einzelausstellungen (Auswahl)<\/strong><\/p>\n\n\n\n<div style=\"height:10px\" aria-hidden=\"true\" class=\"wp-block-spacer\"><\/div>\n\n\n\n<figure class=\"wp-block-table\"><table><tbody><tr><td>2023-2024<\/td><td>Galerie Poll, Berlin<\/td><\/tr><tr><td>2023 <\/td><td>IN-GATE Gallery, Br\u00fcssel<\/td><\/tr><tr><td>2022<\/td><td>IN-GATE Gallery, Br\u00fcssel<br>Artbridge, Berlin<\/td><\/tr><tr><td>2021<\/td><td>Galerie J.J. Heckenhauer, M\u00fcnchen<\/td><\/tr><tr><td>2019<\/td><td>Erarta Museum of Contemporary Art, St. Petersburg<\/td><\/tr><tr><td>2018<\/td><td>J.J. Heckenhauer Gallery, M\u00fcnchen und Br\u00fcssel<\/td><\/tr><tr><td>2014<\/td><td>Galerie Poll, Berlin<br>Galerie J.J. Heckenhauer, M\u00fcnchen<\/td><\/tr><tr><td>2013<\/td><td>Mimi Ferzt Gallery New York<\/td><\/tr><tr><td>2012<\/td><td>Erarta Gallery, London<\/td><\/tr><tr><td>2011<\/td><td>Galerie J.J. Heckenhauer, Br\u00fcssel<br>Mimi Ferzt Gallery, New York<\/td><\/tr><tr><td>2010<\/td><td>Galerie Michael Schultz, Berlin<\/td><\/tr><tr><td>2008<\/td><td>Mimi Ferzt Gallery, New York<\/td><\/tr><tr><td>2007<\/td><td>Triumph Gallery, Moskau<br>Moscow Center of Art, Moskau<\/td><\/tr><tr><td>2004<\/td><td>Galerie Borkowski, Hannover<\/td><\/tr><tr><td>2002<\/td><td>Galerie Bellevue, Berlin<\/td><\/tr><\/tbody><\/table><\/figure>\n\n\n\n<div style=\"height:10px\" aria-hidden=\"true\" class=\"wp-block-spacer\"><\/div>\n\n\n\n<p><strong>Gruppenausstellungen (Auswahl)<\/strong><\/p>\n\n\n\n<div style=\"height:10px\" aria-hidden=\"true\" class=\"wp-block-spacer\"><\/div>\n\n\n\n<figure class=\"wp-block-table\"><table><tbody><tr><td>2024<\/td><td>Museum MORE, Gorssel (Niederlande)<\/td><\/tr><tr><td>2023<\/td><td>Br\u00f6han-Museum, Berlin<\/td><\/tr><tr><td>2020<\/td><td>Paul-Fleischmann-Haus, Berlin<\/td><\/tr><tr><td>2019<\/td><td>K\u00fchlhaus, Berlin<br>Galerie Poll, Berlin<\/td><\/tr><tr><td>2018<\/td><td>Christine Knauber Galerie, Berlin<br>K\u00fchlhaus, Berlin<br>V. Kunst- und Filmbiennale Worpswede<br>Galerie W, Osnabr\u00fcck<\/td><\/tr><tr><td>2017<\/td><td>Fano Kunstmuseum, Fano (D\u00e4nemark)<br>Salon der Gegenwart, Hamburg<br>Galerie Artdocks, Bremen<\/td><\/tr><tr><td>2016<\/td><td>Galerie Christine Knauber, Berlin<\/td><\/tr><tr><td>2015<\/td><td>Metropol Park, Berlin<br>Dortmunder U, Dortmund<br>Galerie Artdocks, Bremen<\/td><\/tr><tr><td>2014<\/td><td>Galerie Poll, Berlin<br>Biennale der Zeichnung, Kunstverein Eislingen<br>Ural Vision Gallery, Yekaterinburg (Russland)<\/td><\/tr><tr><td>2012<\/td><td>Galerie Poll, Berlin<\/td><\/tr><tr><td>2011<\/td><td>Kunstverein Familie Montez, Frankfurt am Main<\/td><\/tr><tr><td>2009<\/td><td>Mimi Ferzt Gallery, New York<\/td><\/tr><tr><td>2007<\/td><td>Galerie Claudius, Hamburg<\/td><\/tr><tr><td>2005<\/td><td>Nord Art 2005, Rendsburg<\/td><\/tr><tr><td>2004<\/td><td>KPM \u2013 Offenhallen, Berlin<br>K\u00fcnstlerhaus Bethanien, Berlin<br>Kunstverein Uelzen<br>Galerie Apex, G\u00f6ttingen<\/td><\/tr><tr><td>2003<\/td><td>Horst-Janssen-Museum, Oldenburg<br>Galerie Annelie Grimm-Beickert, Bamberg<br>Galerie Helmut Leger, M\u00fcnchen<br>Galerie Michael Schultz, Berlin<\/td><\/tr><\/tbody><\/table><\/figure>\n","protected":false},"excerpt":{"rendered":"<p>Einzelausstellungen (Auswahl) 2023-2024 Galerie Poll, Berlin 2023 IN-GATE Gallery, Br\u00fcssel 2022 IN-GATE Gallery, Br\u00fcsselArtbridge, Berlin 2021 Galerie J.J. Heckenhauer, M\u00fcnchen 2019 Erarta Museum of Contemporary Art, St. Petersburg 2018 J.J. Heckenhauer Gallery, M\u00fcnchen und Br\u00fcssel 2014 Galerie Poll, BerlinGalerie J.J. Heckenhauer, M\u00fcnchen 2013 Mimi Ferzt Gallery New York 2012 Erarta Gallery, London 2011 Galerie J.J. [&hellip;]<\/p>\n","protected":false},"author":2,"featured_media":0,"parent":143,"menu_order":1,"comment_status":"closed","ping_status":"closed","template":"kuenstler-text.php","meta":{"_acf_changed":false,"footnotes":""},"class_list":["post-147","page","type-page","status-publish","hentry"],"acf":[],"_links":{"self":[{"href":"https:\/\/poll-berlin.de\/galerie\/wp-json\/wp\/v2\/pages\/147","targetHints":{"allow":["GET"]}}],"collection":[{"href":"https:\/\/poll-berlin.de\/galerie\/wp-json\/wp\/v2\/pages"}],"about":[{"href":"https:\/\/poll-berlin.de\/galerie\/wp-json\/wp\/v2\/types\/page"}],"author":[{"embeddable":true,"href":"https:\/\/poll-berlin.de\/galerie\/wp-json\/wp\/v2\/users\/2"}],"replies":[{"embeddable":true,"href":"https:\/\/poll-berlin.de\/galerie\/wp-json\/wp\/v2\/comments?post=147"}],"version-history":[{"count":21,"href":"https:\/\/poll-berlin.de\/galerie\/wp-json\/wp\/v2\/pages\/147\/revisions"}],"predecessor-version":[{"id":38151,"href":"https:\/\/poll-berlin.de\/galerie\/wp-json\/wp\/v2\/pages\/147\/revisions\/38151"}],"up":[{"embeddable":true,"href":"https:\/\/poll-berlin.de\/galerie\/wp-json\/wp\/v2\/pages\/143"}],"wp:attachment":[{"href":"https:\/\/poll-berlin.de\/galerie\/wp-json\/wp\/v2\/media?parent=147"}],"curies":[{"name":"wp","href":"https:\/\/api.w.org\/{rel}","templated":true}]}}