{"id":1407,"date":"2021-08-02T23:10:55","date_gmt":"2021-08-02T21:10:55","guid":{"rendered":"https:\/\/poll-berlin.de\/galerie\/?page_id=1407"},"modified":"2025-07-23T15:08:50","modified_gmt":"2025-07-23T13:08:50","slug":"werke-in-sammlungen","status":"publish","type":"page","link":"https:\/\/poll-berlin.de\/galerie\/weitere-kuenstler\/franziskus-wendels\/werke-in-sammlungen\/","title":{"rendered":"Werke in Sammlungen"},"content":{"rendered":"\n<p><strong>Werke in Sammlungen<\/strong><\/p>\n\n\n\n<p>Ulster Museum, Belfast (Irland)<br>Kommissariat der deutschen Bisch\u00f6fe, Berlin<br>Art Collection Deutsche Telekom AG, Bonn<br>Ausw\u00e4rtiges Amt, Bonn<br>Sammlung Bundesamt f\u00fcr Bauwesen, Bonn<br>Sammlung der Deutschen Ausgleichsbank, Bonn<br>Westdeutsche Genossenschafts-Zentralbank, D\u00fcsseldorf<br>Museum Gelsenkirchen<br>Osthaus Museum Hagen<br>Sammlung der Heidelberger Zement AG<br>Ludwig Museum, Koblenz<br>Allianz-Versicherung, K\u00f6ln<br>Funkhaus des Deutschlandradio, K\u00f6ln<br>K\u00f6lnische R\u00fcckversicherungs-Gesellschaft AG<br>Kreissparkasse K\u00f6ln<br>Rheinboden Hypothekenbank AG, K\u00f6ln<br>Sammlung der Axa Konzern AG, K\u00f6ln<br>Stadtmuseum K\u00f6ln<br>T\u00dcV Rheinland AG, K\u00f6ln<br>Sammlung der Bayer AG, Leverkusen<br>Sammlung Deutsche Bank, Luxemburg<br>Landeskunstsammlung Rheinland-Pfalz, Mainz<br>Sammlung der DB Cargo, Mainz<br>Staatskanzlei Rheinland-Pfalz, Mainz<br>Zweites Deutsches Fernsehen (ZDF), Mainz<br>Kunstsammlung des ADAC, M\u00fcnchen<br>Mus\u00e9e d&#8217;Histoire Contemporaine, Nanterre<br>Museum Blau, Schwetzingen<br>Stadtmuseum Siegburg<br>R+V Versicherung, Wiesbaden<\/p>\n","protected":false},"excerpt":{"rendered":"<p>Werke in Sammlungen Ulster Museum, Belfast (Irland)Kommissariat der deutschen Bisch\u00f6fe, BerlinArt Collection Deutsche Telekom AG, BonnAusw\u00e4rtiges Amt, BonnSammlung Bundesamt f\u00fcr Bauwesen, BonnSammlung der Deutschen Ausgleichsbank, BonnWestdeutsche Genossenschafts-Zentralbank, D\u00fcsseldorfMuseum GelsenkirchenOsthaus Museum HagenSammlung der Heidelberger Zement AGLudwig Museum, KoblenzAllianz-Versicherung, K\u00f6lnFunkhaus des Deutschlandradio, K\u00f6lnK\u00f6lnische R\u00fcckversicherungs-Gesellschaft AGKreissparkasse K\u00f6lnRheinboden Hypothekenbank AG, K\u00f6lnSammlung der Axa Konzern AG, K\u00f6lnStadtmuseum K\u00f6lnT\u00dcV Rheinland AG, [&hellip;]<\/p>\n","protected":false},"author":1,"featured_media":0,"parent":943,"menu_order":2,"comment_status":"closed","ping_status":"closed","template":"kuenstler-text.php","meta":{"_acf_changed":false,"footnotes":""},"class_list":["post-1407","page","type-page","status-publish","hentry"],"acf":[],"_links":{"self":[{"href":"https:\/\/poll-berlin.de\/galerie\/wp-json\/wp\/v2\/pages\/1407","targetHints":{"allow":["GET"]}}],"collection":[{"href":"https:\/\/poll-berlin.de\/galerie\/wp-json\/wp\/v2\/pages"}],"about":[{"href":"https:\/\/poll-berlin.de\/galerie\/wp-json\/wp\/v2\/types\/page"}],"author":[{"embeddable":true,"href":"https:\/\/poll-berlin.de\/galerie\/wp-json\/wp\/v2\/users\/1"}],"replies":[{"embeddable":true,"href":"https:\/\/poll-berlin.de\/galerie\/wp-json\/wp\/v2\/comments?post=1407"}],"version-history":[{"count":16,"href":"https:\/\/poll-berlin.de\/galerie\/wp-json\/wp\/v2\/pages\/1407\/revisions"}],"predecessor-version":[{"id":43654,"href":"https:\/\/poll-berlin.de\/galerie\/wp-json\/wp\/v2\/pages\/1407\/revisions\/43654"}],"up":[{"embeddable":true,"href":"https:\/\/poll-berlin.de\/galerie\/wp-json\/wp\/v2\/pages\/943"}],"wp:attachment":[{"href":"https:\/\/poll-berlin.de\/galerie\/wp-json\/wp\/v2\/media?parent=1407"}],"curies":[{"name":"wp","href":"https:\/\/api.w.org\/{rel}","templated":true}]}}