{"id":1406,"date":"2022-03-24T14:23:32","date_gmt":"2022-03-24T13:23:32","guid":{"rendered":"https:\/\/poll-berlin.de\/galerie\/?page_id=1406"},"modified":"2026-03-11T13:25:40","modified_gmt":"2026-03-11T12:25:40","slug":"ausstellungen","status":"publish","type":"page","link":"https:\/\/poll-berlin.de\/galerie\/weitere-kuenstler\/franziskus-wendels\/ausstellungen\/","title":{"rendered":"Ausstellungen"},"content":{"rendered":"\n<p><strong>Einzelausstellungen (Auswahl)<\/strong><\/p>\n\n\n\n<div style=\"height:10px\" aria-hidden=\"true\" class=\"wp-block-spacer\"><\/div>\n\n\n\n<figure class=\"wp-block-table\"><table><tbody><tr><td>2025<\/td><td>Forum Kunst, Rottweil<br>Galerie Brennecke, Berlin<\/td><\/tr><tr><td>2023<\/td><td>Galerie Murmure, Colmar<\/td><\/tr><tr><td>2021<\/td><td>Galerie Boisser\u00e9e, K\u00f6ln<\/td><\/tr><tr><td>2020<\/td><td>Ludwig Museum, Koblenz<br>Kunstmuseum Gelsenkirchen<\/td><\/tr><tr><td>2017<\/td><td>H2 -Zentrum f\u00fcr Gegenwartskunst, Augsburg<\/td><\/tr><tr><td>2015<\/td><td>Karl-Ernst-Osthaus-Museum, Hagen<br>Galerie Boisser\u00e9e, K\u00f6ln<br>Galerie Cerny + Partner, Wiesbaden<\/td><\/tr><tr><td>2013<\/td><td>Richard-Haizmann-Museum, Nieb\u00fcll<br>Haus Beda, Bitburg<\/td><\/tr><tr><td>2009<\/td><td>Emsdettener Kunstverein<\/td><\/tr><tr><td>2008<\/td><td>Kunstverein Augsburg<br>Kunstverein Worms<br>Kunstverein Schwetzingen<br>Europ\u00e4ische Kunstakademie Trier<\/td><\/tr><tr><td>2006<\/td><td>Ludwig Museum, Koblenz<br>Galerie Eva Poll, Berlin<br>Galerie Boisser\u00e9e, K\u00f6ln<\/td><\/tr><tr><td>2005<\/td><td>Museum K\u00fcppersm\u00fchle f\u00fcr Moderne Kunst, Duisburg<br>Kunstverein Germersheim<\/td><\/tr><tr><td>2003<\/td><td>Museum am Ostwall, Dortmund<br>Galerie Eva Poll, Berlin (mit Wolfgang Kessler)<br>Galerie der Stadt Wendlingen<br>Kunstverein Speyer<\/td><\/tr><tr><td>2002<\/td><td>Galerie Boisser\u00e9e, K\u00f6ln<br>Goethe-Institut Damaskus<br>Kunstmuseum Gelsenkirchen (mit Getulio Alviani)<br>Kunstverein L\u00fcdinghausen<\/td><\/tr><tr><td>2000<\/td><td>Galerie Eva Poll, Berlin<br>St\u00e4dtische Galerie Mennonitenkirche, Neuwied<\/td><\/tr><tr><td>1998<\/td><td>Galerie Boisser\u00e9e, K\u00f6ln<\/td><\/tr><tr><td>1997<\/td><td>Stadtmuseum Siegburg<br>Guardini-Stiftung, Berlin (mit Christoph Seidel)<\/td><\/tr><tr><td>1996<\/td><td>Galerie Eva Poll, Berlin<\/td><\/tr><tr><td>1995<\/td><td>Scharpf-Galerie des Wilhelm-Hack-Museums, Ludwigshafen<br>Schloss Waldthausen, Mainz (mit Ulrich Schreiber)<\/td><\/tr><tr><td>1994<\/td><td>Galerie Boisser\u00e9e, K\u00f6ln<\/td><\/tr><tr><td>1993<\/td><td>Fenderesky Gallery, Belfast<\/td><\/tr><tr><td>1988<\/td><td>Harding House Gallery, Lincoln (Gro\u00dfbritannien)<\/td><\/tr><\/tbody><\/table><\/figure>\n\n\n\n<div style=\"height:10px\" aria-hidden=\"true\" class=\"wp-block-spacer\"><\/div>\n\n\n\n<p><strong>Gruppenausstellungen (Auswahl)<\/strong><\/p>\n\n\n\n<div style=\"height:10px\" aria-hidden=\"true\" class=\"wp-block-spacer\"><\/div>\n\n\n\n<figure class=\"wp-block-table\"><table><tbody><tr><td>2025-2026<\/td><td>Galerie Poll, Berlin<\/td><\/tr><tr><td>2021<\/td><td>Museum Boppard<\/td><\/tr><tr><td>2020<\/td><td>Altes Postamt, Pirmasens<\/td><\/tr><tr><td>2015<\/td><td>Stadtmuseum Siegburg<\/td><\/tr><tr><td>2014<\/td><td>Mittelrhein-Museum, Koblenz<br>Kunstverein Schwetzingen<\/td><\/tr><tr><td>2011<\/td><td>Hamburger Kunsthalle<\/td><\/tr><tr><td>2009<\/td><td>Stadtgalerie Saarbr\u00fccken<br>Museum am Ostwall, Dortmund<\/td><\/tr><tr><td>2008<\/td><td>K\u00fcnstlerverein \u201eWalkm\u00fchle e.V.\u201c, Wiesbaden<\/td><\/tr><tr><td>2004<\/td><td>Bamberger Dom<br>Galerie Eva Poll, Berlin<\/td><\/tr><tr><td>2002<\/td><td>Rheinland-Pf\u00e4lzische Landesvertretung, Berlin<br>Mittelrhein-Museum, Koblenz<br>Wasserschloss Klaffenbach, Chemnitz<\/td><\/tr><tr><td>2001<\/td><td>Museum Heidelberg<br>Gutenberg-Museum, Mainz<\/td><\/tr><tr><td>2000<\/td><td>Mittelrhein-Museum, Koblenz<br>Deutsches Sport &amp; Olympia Museum, K\u00f6ln<\/td><\/tr><tr><td>1997<\/td><td>Kunstverein Pl\u00f6n<\/td><\/tr><tr><td>1994<\/td><td>Haus der Kunst, M\u00fcnchen<\/td><\/tr><tr><td>1992<\/td><td>Stadtgalerie Saarbr\u00fccken<br>Museum Pfalzgalerie Kaiserslautern<\/td><\/tr><tr><td>1991<\/td><td>Schloss Pillnitz, Dresden<\/td><\/tr><tr><td>1990<\/td><td>Kunstverein Ludwigshafen<\/td><\/tr><tr><td>1989<\/td><td>Rheinisches Landesmuseum Trier<\/td><\/tr><tr><td>1988<\/td><td>Frank Bustamante Gallery, New York City<\/td><\/tr><tr><td>1987<\/td><td>St\u00e4dtisches Museum Trier<br>Wilhelm-Hack-Museum, Ludwigshafen<\/td><\/tr><\/tbody><\/table><\/figure>\n","protected":false},"excerpt":{"rendered":"<p>Einzelausstellungen (Auswahl) 2025 Forum Kunst, RottweilGalerie Brennecke, Berlin 2023 Galerie Murmure, Colmar 2021 Galerie Boisser\u00e9e, K\u00f6ln 2020 Ludwig Museum, KoblenzKunstmuseum Gelsenkirchen 2017 H2 -Zentrum f\u00fcr Gegenwartskunst, Augsburg 2015 Karl-Ernst-Osthaus-Museum, HagenGalerie Boisser\u00e9e, K\u00f6lnGalerie Cerny + Partner, Wiesbaden 2013 Richard-Haizmann-Museum, Nieb\u00fcllHaus Beda, Bitburg 2009 Emsdettener Kunstverein 2008 Kunstverein AugsburgKunstverein WormsKunstverein SchwetzingenEurop\u00e4ische Kunstakademie Trier 2006 Ludwig Museum, KoblenzGalerie [&hellip;]<\/p>\n","protected":false},"author":1,"featured_media":0,"parent":943,"menu_order":1,"comment_status":"closed","ping_status":"closed","template":"kuenstler-text.php","meta":{"_acf_changed":false,"footnotes":""},"class_list":["post-1406","page","type-page","status-publish","hentry"],"acf":[],"_links":{"self":[{"href":"https:\/\/poll-berlin.de\/galerie\/wp-json\/wp\/v2\/pages\/1406","targetHints":{"allow":["GET"]}}],"collection":[{"href":"https:\/\/poll-berlin.de\/galerie\/wp-json\/wp\/v2\/pages"}],"about":[{"href":"https:\/\/poll-berlin.de\/galerie\/wp-json\/wp\/v2\/types\/page"}],"author":[{"embeddable":true,"href":"https:\/\/poll-berlin.de\/galerie\/wp-json\/wp\/v2\/users\/1"}],"replies":[{"embeddable":true,"href":"https:\/\/poll-berlin.de\/galerie\/wp-json\/wp\/v2\/comments?post=1406"}],"version-history":[{"count":12,"href":"https:\/\/poll-berlin.de\/galerie\/wp-json\/wp\/v2\/pages\/1406\/revisions"}],"predecessor-version":[{"id":45433,"href":"https:\/\/poll-berlin.de\/galerie\/wp-json\/wp\/v2\/pages\/1406\/revisions\/45433"}],"up":[{"embeddable":true,"href":"https:\/\/poll-berlin.de\/galerie\/wp-json\/wp\/v2\/pages\/943"}],"wp:attachment":[{"href":"https:\/\/poll-berlin.de\/galerie\/wp-json\/wp\/v2\/media?parent=1406"}],"curies":[{"name":"wp","href":"https:\/\/api.w.org\/{rel}","templated":true}]}}