{"id":1405,"date":"2021-08-02T20:04:59","date_gmt":"2021-08-02T18:04:59","guid":{"rendered":"https:\/\/poll-berlin.de\/galerie\/?page_id=1405"},"modified":"2025-10-14T19:04:50","modified_gmt":"2025-10-14T17:04:50","slug":"biografie","status":"publish","type":"page","link":"https:\/\/poll-berlin.de\/galerie\/weitere-kuenstler\/franziskus-wendels\/biografie\/","title":{"rendered":"Biografie"},"content":{"rendered":"\n<p><strong>Biografie<\/strong><\/p>\n\n\n\n<div style=\"height:10px\" aria-hidden=\"true\" class=\"wp-block-spacer\"><\/div>\n\n\n\n<figure class=\"wp-block-table\"><table><tbody><tr><td>1960<\/td><td>geboren in Daun<\/td><\/tr><tr><td>1978-1982<\/td><td>Abitur, B\u00e4ckerlehre, Zivildienst<\/td><\/tr><tr><td>1982-1990<\/td><td>Studium Bildende Kunst und Katholische Theologie an der Johannes-Gutenberg-Universit\u00e4t Mainz bei Prof. Klaus J\u00fcrgen-Fischer und Prof. Dieter Brembs<\/td><\/tr><tr><td>1984<\/td><td>Kursteilnahme bei Wolf Vostell an der Internationalen Sommerakademie f\u00fcr Bildende Kunst Salzburg<\/td><\/tr><tr><td>1986-1987<\/td><td>Studium an der \u00c9cole des Beaux-Arts in Montpellier bei Dominique Gauthier<\/td><\/tr><tr><td>1990-1996<\/td><td>Magisterstudium der Philosophie und Kunstgeschichte an der FU Berlin<\/td><\/tr><tr><td>1999-2000<\/td><td>Dozent an der Fachhochschule Wiesbaden<\/td><\/tr><tr><td>2000<\/td><td>Dozent f\u00fcr Bildende Kunst an der Johannes-Gutenberg-Universit\u00e4t Mainz<\/td><\/tr><tr><td>2001<\/td><td>Aufenthalt in der Villa Romana in Florenz, Umzug nach K\u00f6ln<\/td><\/tr><tr><td>2006<\/td><td>Dozent an der Alanus Hochschule f\u00fcr Kunst und Gesellschaft, Alfter<\/td><\/tr><\/tbody><\/table><\/figure>\n\n\n\n<p>Franziskus Wendels lebt und arbeitet in K\u00f6ln und Daun.<\/p>\n\n\n\n<div style=\"height:10px\" aria-hidden=\"true\" class=\"wp-block-spacer\"><\/div>\n\n\n\n<p><strong>Preise und Stipendien<\/strong><\/p>\n\n\n\n<div style=\"height:10px\" aria-hidden=\"true\" class=\"wp-block-spacer\"><\/div>\n\n\n\n<figure class=\"wp-block-table\"><table><tbody><tr><td>2014<\/td><td>Kaiser-Lothar-Preis, Pr\u00fcm<\/td><\/tr><tr><td>2001<\/td><td>Aufenthaltsstipendium im K\u00fcnstlerhaus Schloss Wiepersdorf<\/td><\/tr><tr><td>2000<\/td><td>Kunstpreis der Sport-Toto GmbH Rheinland-Pfalz<\/td><\/tr><tr><td>1998-1999<\/td><td>Arbeitsstipendium des Internationalen K\u00fcnstlerhauses Villa Concordia, Bamberg<\/td><\/tr><tr><td>1992<\/td><td>Arbeitsstipendium des Ulster Museums, Belfast<\/td><\/tr><tr><td>1991<\/td><td>Arbeitsstipendium des Senators f\u00fcr Kulturelle Angelegenheiten, Berlin<\/td><\/tr><tr><td>1990<\/td><td>Emy-Roeder-Preis des Kunstvereins Ludwigshafen <\/td><\/tr><tr><td>1989<\/td><td>1. Preis \u201eKunst und K\u00fcnstler aus Rheinland-Pfalz\u201c<\/td><\/tr><tr><td>1987<\/td><td>Lincoln-Stipendium des Landes Rheinland-Pfalz<\/td><\/tr><tr><td>1985<\/td><td>F\u00f6rderpreis Kulturfonds Mainzer Industrie<\/td><\/tr><tr><td>1984<\/td><td>Salzburg-Stipendium der Stadt Mainz<\/td><\/tr><\/tbody><\/table><\/figure>\n","protected":false},"excerpt":{"rendered":"<p>Biografie 1960 geboren in Daun 1978-1982 Abitur, B\u00e4ckerlehre, Zivildienst 1982-1990 Studium Bildende Kunst und Katholische Theologie an der Johannes-Gutenberg-Universit\u00e4t Mainz bei Prof. Klaus J\u00fcrgen-Fischer und Prof. Dieter Brembs 1984 Kursteilnahme bei Wolf Vostell an der Internationalen Sommerakademie f\u00fcr Bildende Kunst Salzburg 1986-1987 Studium an der \u00c9cole des Beaux-Arts in Montpellier bei Dominique Gauthier 1990-1996 Magisterstudium [&hellip;]<\/p>\n","protected":false},"author":1,"featured_media":0,"parent":943,"menu_order":0,"comment_status":"closed","ping_status":"closed","template":"kuenstler-text.php","meta":{"_acf_changed":false,"footnotes":""},"class_list":["post-1405","page","type-page","status-publish","hentry"],"acf":[],"_links":{"self":[{"href":"https:\/\/poll-berlin.de\/galerie\/wp-json\/wp\/v2\/pages\/1405","targetHints":{"allow":["GET"]}}],"collection":[{"href":"https:\/\/poll-berlin.de\/galerie\/wp-json\/wp\/v2\/pages"}],"about":[{"href":"https:\/\/poll-berlin.de\/galerie\/wp-json\/wp\/v2\/types\/page"}],"author":[{"embeddable":true,"href":"https:\/\/poll-berlin.de\/galerie\/wp-json\/wp\/v2\/users\/1"}],"replies":[{"embeddable":true,"href":"https:\/\/poll-berlin.de\/galerie\/wp-json\/wp\/v2\/comments?post=1405"}],"version-history":[{"count":39,"href":"https:\/\/poll-berlin.de\/galerie\/wp-json\/wp\/v2\/pages\/1405\/revisions"}],"predecessor-version":[{"id":44366,"href":"https:\/\/poll-berlin.de\/galerie\/wp-json\/wp\/v2\/pages\/1405\/revisions\/44366"}],"up":[{"embeddable":true,"href":"https:\/\/poll-berlin.de\/galerie\/wp-json\/wp\/v2\/pages\/943"}],"wp:attachment":[{"href":"https:\/\/poll-berlin.de\/galerie\/wp-json\/wp\/v2\/media?parent=1405"}],"curies":[{"name":"wp","href":"https:\/\/api.w.org\/{rel}","templated":true}]}}