{"id":1397,"date":"2022-03-24T16:20:04","date_gmt":"2022-03-24T15:20:04","guid":{"rendered":"https:\/\/poll-berlin.de\/galerie\/?page_id=1397"},"modified":"2024-06-26T14:28:28","modified_gmt":"2024-06-26T12:28:28","slug":"biografie","status":"publish","type":"page","link":"https:\/\/poll-berlin.de\/galerie\/weitere-kuenstler\/erhard-wehrmann\/biografie\/","title":{"rendered":"Biografie"},"content":{"rendered":"\n<p><strong>Biografie<\/strong><\/p>\n\n\n\n<div style=\"height:10px\" aria-hidden=\"true\" class=\"wp-block-spacer\"><\/div>\n\n\n\n<figure class=\"wp-block-table\"><table><tbody><tr><td>1930<\/td><td>geboren in Liegnitz, aufgewachsen in Dortmund<\/td><\/tr><tr><td>1959<\/td><td>Beginn mit Skulpturen-Fotografie auf Urlaubsreisen<\/td><\/tr><tr><td>1960-1961<\/td><td>Arbeit f\u00fcr das Feuilleton der Westf\u00e4lischen Rundschau<\/td><\/tr><tr><td>1961-1993<\/td><td>Leiter im Werbe- und PR-Bereich, u.a. Hansa-Brauerei, Hitachi, Mitsubishi<\/td><\/tr><tr><td>1964<\/td><td>Beginn mit Bildserien zu documenta-K\u00fcnstlern<\/td><\/tr><tr><td>1967<\/td><td>Umzug nach Karlsruhe<\/td><\/tr><tr><td>1969<\/td><td>dreimonatiger Arbeitsaufenthalt in London<\/td><\/tr><tr><td>seit 1971<\/td><td>regelm\u00e4\u00dfige Besuche der Bronzegie\u00dferei Bonvincini in Verona und des Marmorstudios Nicoli in Carraca<\/td><\/tr><tr><td>1974<\/td><td>Plastikkurs an der Volkshochschule Dortmund bei August Kranz<\/td><\/tr><tr><td>2004<\/td><td>gestorben in Bad Pyrmont<\/td><\/tr><\/tbody><\/table><\/figure>\n","protected":false},"excerpt":{"rendered":"<p>Biografie 1930 geboren in Liegnitz, aufgewachsen in Dortmund 1959 Beginn mit Skulpturen-Fotografie auf Urlaubsreisen 1960-1961 Arbeit f\u00fcr das Feuilleton der Westf\u00e4lischen Rundschau 1961-1993 Leiter im Werbe- und PR-Bereich, u.a. Hansa-Brauerei, Hitachi, Mitsubishi 1964 Beginn mit Bildserien zu documenta-K\u00fcnstlern 1967 Umzug nach Karlsruhe 1969 dreimonatiger Arbeitsaufenthalt in London seit 1971 regelm\u00e4\u00dfige Besuche der Bronzegie\u00dferei Bonvincini in [&hellip;]<\/p>\n","protected":false},"author":1,"featured_media":0,"parent":942,"menu_order":0,"comment_status":"closed","ping_status":"closed","template":"kuenstler-text.php","meta":{"_acf_changed":false,"footnotes":""},"class_list":["post-1397","page","type-page","status-publish","hentry"],"acf":[],"_links":{"self":[{"href":"https:\/\/poll-berlin.de\/galerie\/wp-json\/wp\/v2\/pages\/1397","targetHints":{"allow":["GET"]}}],"collection":[{"href":"https:\/\/poll-berlin.de\/galerie\/wp-json\/wp\/v2\/pages"}],"about":[{"href":"https:\/\/poll-berlin.de\/galerie\/wp-json\/wp\/v2\/types\/page"}],"author":[{"embeddable":true,"href":"https:\/\/poll-berlin.de\/galerie\/wp-json\/wp\/v2\/users\/1"}],"replies":[{"embeddable":true,"href":"https:\/\/poll-berlin.de\/galerie\/wp-json\/wp\/v2\/comments?post=1397"}],"version-history":[{"count":6,"href":"https:\/\/poll-berlin.de\/galerie\/wp-json\/wp\/v2\/pages\/1397\/revisions"}],"predecessor-version":[{"id":37617,"href":"https:\/\/poll-berlin.de\/galerie\/wp-json\/wp\/v2\/pages\/1397\/revisions\/37617"}],"up":[{"embeddable":true,"href":"https:\/\/poll-berlin.de\/galerie\/wp-json\/wp\/v2\/pages\/942"}],"wp:attachment":[{"href":"https:\/\/poll-berlin.de\/galerie\/wp-json\/wp\/v2\/media?parent=1397"}],"curies":[{"name":"wp","href":"https:\/\/api.w.org\/{rel}","templated":true}]}}