{"id":1389,"date":"2022-03-22T16:27:52","date_gmt":"2022-03-22T15:27:52","guid":{"rendered":"https:\/\/poll-berlin.de\/galerie\/?page_id=1389"},"modified":"2024-04-16T16:12:50","modified_gmt":"2024-04-16T14:12:50","slug":"biografie","status":"publish","type":"page","link":"https:\/\/poll-berlin.de\/galerie\/weitere-kuenstler\/juergen-waller\/biografie\/","title":{"rendered":"Biografie"},"content":{"rendered":"\n<p><strong>Biografie<\/strong><\/p>\n\n\n\n<div style=\"height:10px\" aria-hidden=\"true\" class=\"wp-block-spacer\"><\/div>\n\n\n\n<figure class=\"wp-block-table\"><table><tbody><tr><td>1939<\/td><td>geboren in D\u00fcsseldorf<\/td><\/tr><tr><td>1959<\/td><td>Studium an der Kunstakademie D\u00fcsseldorf (2 Semester)<\/td><\/tr><tr><td>1960-1968<\/td><td>Aufenthalt in Argenteuil, Vallauris, Paris und Varreddes<\/td><\/tr><tr><td>1968<\/td><td>Umzug nach Berlin<\/td><\/tr><tr><td>1972<\/td><td>Mitbegr\u00fcnder der \u201eGruppe Aspekt\u201c in West-Berlin<\/td><\/tr><tr><td>seit 1974<\/td><td>Mitglied im Deutschen K\u00fcnstlerbund<\/td><\/tr><tr><td>1977<\/td><td>Professor f\u00fcr Malerei an der Hochschule f\u00fcr Kunst und Musik in Bremen<\/td><\/tr><tr><td>1982<\/td><td>Erwerb der denkmalgesch\u00fctzten Villa Lesmona, Bremen<\/td><\/tr><tr><td>1988\/1990<\/td><td>Ehrengast in der Villa Massimo Rom<\/td><\/tr><tr><td>1989-2004<\/td><td>Rektor der Hochschule f\u00fcr K\u00fcnste Bremen<\/td><\/tr><tr><td>1993-1998<\/td><td>Vorsitzender der Konferenz der Pr\u00e4sidenten und Rektoren der deutschen Kunsthochschulen<\/td><\/tr><tr><td>2002<\/td><td>Gr\u00fcndung der International Academy of Arts in Vallauris<\/td><\/tr><tr><td>2003<\/td><td>Arbeit in der Porzellanmanufaktur Rosenthal in Selb<\/td><\/tr><tr><td>2008<\/td><td>Gr\u00fcndung des Instituts f\u00fcr Fliesendesign \u201eArtmosphaire\u201c<\/td><\/tr><tr><td>2022<\/td><td>gestorben in Bremen<\/td><\/tr><\/tbody><\/table><\/figure>\n\n\n\n<div style=\"height:10px\" aria-hidden=\"true\" class=\"wp-block-spacer\"><\/div>\n\n\n\n<p><strong>Preise und Stipendien<\/strong><\/p>\n\n\n\n<div style=\"height:10px\" aria-hidden=\"true\" class=\"wp-block-spacer\"><\/div>\n\n\n\n<figure class=\"wp-block-table\"><table><tbody><tr><td>1976<\/td><td>Gro\u00dfer Preis der II. Triennale der Realistischen Malerei, Sofia<\/td><\/tr><tr><td>1963<\/td><td>Premier Prix de la Jeune Peinture de la Ville d\u2019Argenteuil<\/td><\/tr><\/tbody><\/table><\/figure>\n","protected":false},"excerpt":{"rendered":"<p>Biografie 1939 geboren in D\u00fcsseldorf 1959 Studium an der Kunstakademie D\u00fcsseldorf (2 Semester) 1960-1968 Aufenthalt in Argenteuil, Vallauris, Paris und Varreddes 1968 Umzug nach Berlin 1972 Mitbegr\u00fcnder der \u201eGruppe Aspekt\u201c in West-Berlin seit 1974 Mitglied im Deutschen K\u00fcnstlerbund 1977 Professor f\u00fcr Malerei an der Hochschule f\u00fcr Kunst und Musik in Bremen 1982 Erwerb der denkmalgesch\u00fctzten [&hellip;]<\/p>\n","protected":false},"author":1,"featured_media":0,"parent":941,"menu_order":0,"comment_status":"closed","ping_status":"closed","template":"kuenstler-text.php","meta":{"_acf_changed":false,"footnotes":""},"class_list":["post-1389","page","type-page","status-publish","hentry"],"acf":[],"_links":{"self":[{"href":"https:\/\/poll-berlin.de\/galerie\/wp-json\/wp\/v2\/pages\/1389","targetHints":{"allow":["GET"]}}],"collection":[{"href":"https:\/\/poll-berlin.de\/galerie\/wp-json\/wp\/v2\/pages"}],"about":[{"href":"https:\/\/poll-berlin.de\/galerie\/wp-json\/wp\/v2\/types\/page"}],"author":[{"embeddable":true,"href":"https:\/\/poll-berlin.de\/galerie\/wp-json\/wp\/v2\/users\/1"}],"replies":[{"embeddable":true,"href":"https:\/\/poll-berlin.de\/galerie\/wp-json\/wp\/v2\/comments?post=1389"}],"version-history":[{"count":8,"href":"https:\/\/poll-berlin.de\/galerie\/wp-json\/wp\/v2\/pages\/1389\/revisions"}],"predecessor-version":[{"id":36979,"href":"https:\/\/poll-berlin.de\/galerie\/wp-json\/wp\/v2\/pages\/1389\/revisions\/36979"}],"up":[{"embeddable":true,"href":"https:\/\/poll-berlin.de\/galerie\/wp-json\/wp\/v2\/pages\/941"}],"wp:attachment":[{"href":"https:\/\/poll-berlin.de\/galerie\/wp-json\/wp\/v2\/media?parent=1389"}],"curies":[{"name":"wp","href":"https:\/\/api.w.org\/{rel}","templated":true}]}}