{"id":1382,"date":"2022-03-17T13:01:33","date_gmt":"2022-03-17T12:01:33","guid":{"rendered":"https:\/\/poll-berlin.de\/galerie\/?page_id=1382"},"modified":"2025-07-30T17:58:43","modified_gmt":"2025-07-30T15:58:43","slug":"ausstellungen","status":"publish","type":"page","link":"https:\/\/poll-berlin.de\/galerie\/weitere-kuenstler\/fred-thieler\/ausstellungen\/","title":{"rendered":"Ausstellungen"},"content":{"rendered":"\n<p><strong>Einzelausstellungen (Auswahl)<\/strong><\/p>\n\n\n\n<div style=\"height:10px\" aria-hidden=\"true\" class=\"wp-block-spacer\"><\/div>\n\n\n\n<figure class=\"wp-block-table\"><table><tbody><tr><td>2018<\/td><td>Galerie Georg Nothelfer, Berlin<\/td><\/tr><tr><td>2016<\/td><td>Galerie Maulberger, M\u00fcnchen<br>Samuelis Baumgarte Galerie, Bielefeld<\/td><\/tr><tr><td>2014<\/td><td>Kunstsammlungen Chemnitz &#8211; Museum Gunzenhauser<\/td><\/tr><tr><td>2013<\/td><td>Museum K\u00fcppersm\u00fchle f\u00fcr Moderne Kunst, Duisburg<\/td><\/tr><tr><td>2011<\/td><td>Kunsthalle Schweinfurt<\/td><\/tr><tr><td>2004<\/td><td>Haus des Deutschen Handwerks, Berlin<\/td><\/tr><tr><td>2001<\/td><td>Galerie Georg Nothelfer, Berlin<\/td><\/tr><tr><td>1999<\/td><td>Martin-Gropius-Bau, Berlin<\/td><\/tr><tr><td>1993<\/td><td>Galerie Georg Nothelfer, Berlin<\/td><\/tr><tr><td>1991-1992<\/td><td>\u201eDialog mit der Farbe\u201c, Wanderausstellung<\/td><\/tr><tr><td>1990<\/td><td>Bielefelder Kunstverein<\/td><\/tr><tr><td>1988-1989<\/td><td>M\u00e4rkisches Museum Witten<\/td><\/tr><tr><td>1988<\/td><td>Galerie Rothe, Frankfurt am Main<br>Galerie pro arte, Freiburg<\/td><\/tr><tr><td>1986<\/td><td>Akademie der K\u00fcnste, Berlin<br>Saarlandmuseum &#8211; Moderne Galerie, Saarbr\u00fccken<\/td><\/tr><tr><td>1985-1986<\/td><td>Museum Ostdeutsche Galerie, Regensburg<\/td><\/tr><tr><td>1984<\/td><td>Galerie Philippe Guimiot, Br\u00fcssel<br>Galerie pro arte, Freiburg<\/td><\/tr><tr><td>1979<\/td><td>M\u00e4rkisches Museum Witten<\/td><\/tr><tr><td>1977<\/td><td>Galerie Georg Nothelfer, Berlin<\/td><\/tr><tr><td>1974<\/td><td>Forum Kunst Rottweil<\/td><\/tr><tr><td>1973<\/td><td>The Martin Gallery, Minneapolis<\/td><\/tr><tr><td>1968<\/td><td>St\u00e4dtisches Kunstmuseum, Bonn<\/td><\/tr><tr><td>1963<\/td><td>Kunstverein Oldenburg<br>Karl Ernst Osthaus-Museum, Hagen<br>St\u00e4disches Museum Wiesbaden<\/td><\/tr><tr><td>1962-1963<\/td><td>Haus am Waldsee, Berlin<\/td><\/tr><tr><td>1957<\/td><td>Galerie Schmela, D\u00fcsseldorf<\/td><\/tr><tr><td>1954<\/td><td>Galerie Moderne Kunst, Oslo<\/td><\/tr><tr><td>1951<\/td><td>Galerie Le Canard, Amsterdam<\/td><\/tr><tr><td>1948<\/td><td>Galerie Heinrich J\u00f6rdens, Bremen<\/td><\/tr><\/tbody><\/table><\/figure>\n\n\n\n<div style=\"height:10px\" aria-hidden=\"true\" class=\"wp-block-spacer\"><\/div>\n\n\n\n<p><strong>Gruppenausstellungen (Auswahl)<\/strong><\/p>\n\n\n\n<div style=\"height:10px\" aria-hidden=\"true\" class=\"wp-block-spacer\"><\/div>\n\n\n\n<figure class=\"wp-block-table\"><table><tbody><tr><td>2022<\/td><td>Museum Barberini, Potsdam<\/td><\/tr><tr><td>2017<\/td><td>Kaiserlicher Ahnentempel, Peking<\/td><\/tr><tr><td>2015<\/td><td>Berlinische Galerie &#8211; Museum f\u00fcr Moderne Kunst<\/td><\/tr><tr><td>2011-2012<\/td><td>Museum f\u00fcr aktuelle Kunst \u2013 Sammlung Hurrle, Durbach<\/td><\/tr><tr><td>2010<\/td><td>Kunsthalle Recklinghausen<br>museum kunst palast, D\u00fcsseldorf<br>M\u00e4rkisches Museum Witten<\/td><\/tr><tr><td>2009<\/td><td>Staatsgalerie Stuttgart<\/td><\/tr><tr><td>2007<\/td><td>Berlinische Galerie &#8211; Museum f\u00fcr Moderne Kunst<\/td><\/tr><tr><td>2006<\/td><td>Museum der Stadt Ratingen<br>Kunsthalle Mannheim<\/td><\/tr><tr><td>2004<\/td><td>Staatliches Historisches Museum, Moskau<br>Kunstsammlungen Chemnitz<\/td><\/tr><tr><td>2003<\/td><td>Martin-Gropius-Bau, Berlin<\/td><\/tr><tr><td>2000<\/td><td>Kunsthalle Bremen<\/td><\/tr><tr><td>1999<\/td><td>Kunstsammlungen Chemnitz<\/td><\/tr><tr><td>1993<\/td><td>Haus der Kunst, M\u00fcnchen<\/td><\/tr><tr><td>1991<\/td><td>The Hugh Lane Gallery, Dublin<\/td><\/tr><tr><td>1990<\/td><td>Museum der bildenden K\u00fcnste, Leipzig<br>Marmorpalast und Manege, St. Petersburg<\/td><\/tr><tr><td>1989<\/td><td>High Museum of Art, Atlanta<br>Lehmbruck-Museum, Duisburg<br>Centro de Arte Moderna Gulbenkian, Lissabon<\/td><\/tr><tr><td>1988<\/td><td>Berlinische Galerie &#8211; Museum f\u00fcr Moderne Kunst<\/td><\/tr><tr><td>1987<\/td><td>Museum of Modern Art, New York City<\/td><\/tr><tr><td>1985<\/td><td>Neue Nationalgalerie der Staatlichen Museen zu Berlin<\/td><\/tr><tr><td>1983<\/td><td>Neue Gesellschaft f\u00fcr bildende Kunst, Berlin<br>Saarlandmuseum &#8211; Moderne Galerie, Saarbr\u00fccken<\/td><\/tr><tr><td>1981-1982<\/td><td>Berlinische Galerie &#8211; Museum f\u00fcr Moderne Kunst<\/td><\/tr><tr><td>1980-1981<\/td><td>Frederick S. Wight Art Gallery, Los Angeles<\/td><\/tr><tr><td>1978<\/td><td>Overbeck-Gesellschaft, L\u00fcbeck<\/td><\/tr><tr><td>1975<\/td><td>Kunstverein Kassel<br>Akademie der K\u00fcnste, Berlin<\/td><\/tr><tr><td>1972<\/td><td>Kunstmuseum Bonn<\/td><\/tr><tr><td>1967<\/td><td>St\u00e4dtische Galerie im Lenbachhaus, M\u00fcnchen<\/td><\/tr><tr><td>1964<\/td><td>documenta III, Kassel<\/td><\/tr><tr><td>1962<\/td><td>Haus am Waldsee, Berlin<br>Corcoran Gallery, Washington, D.C.<\/td><\/tr><tr><td>1961<\/td><td>New London Gallery<\/td><\/tr><tr><td>1959<\/td><td>Tokyo Metropolitan Art Museum<br>documenta II, Kassel<br>Minneapolis Institute of Arts (USA)<br>5. Biennale in S\u00e3o Paulo<\/td><\/tr><tr><td>1958-1959<\/td><td>Carnegie Museum of Arts, Pittsburgh (USA)<\/td><\/tr><tr><td>1958<\/td><td>29. Biennale in Venedig<br>M\u00e4rkisches Museum Witten<\/td><\/tr><tr><td>1957<\/td><td>Galleria Nazionale d \u2018Arte Moderna, Rom<\/td><\/tr><tr><td>1956<\/td><td>Kunsthalle Recklinghausen<br>Ohio State University, Columbus<\/td><\/tr><tr><td>1955<\/td><td>Tokyo Metropolitan Art Museum<br>Staatsgalerie Stuttgart<br>St\u00e4dtische Galerie im Lenbachhaus, M\u00fcnchen<\/td><\/tr><tr><td>1954<\/td><td>Kunstverein Hannover<\/td><\/tr><tr><td>1952<\/td><td>Kunsthalle D\u00fcsseldorf<br>The Art Institute of Chicago<\/td><\/tr><tr><td>1950<\/td><td>Central Collecting Point, M\u00fcnchen<br>Gro\u00dfe Kunstausstellung M\u00fcnchen<\/td><\/tr><tr><td>1947<\/td><td>St\u00e4dtische Galerie, M\u00fcnchen<\/td><\/tr><\/tbody><\/table><\/figure>\n","protected":false},"excerpt":{"rendered":"<p>Einzelausstellungen (Auswahl) 2018 Galerie Georg Nothelfer, Berlin 2016 Galerie Maulberger, M\u00fcnchenSamuelis Baumgarte Galerie, Bielefeld 2014 Kunstsammlungen Chemnitz &#8211; Museum Gunzenhauser 2013 Museum K\u00fcppersm\u00fchle f\u00fcr Moderne Kunst, Duisburg 2011 Kunsthalle Schweinfurt 2004 Haus des Deutschen Handwerks, Berlin 2001 Galerie Georg Nothelfer, Berlin 1999 Martin-Gropius-Bau, Berlin 1993 Galerie Georg Nothelfer, Berlin 1991-1992 \u201eDialog mit der Farbe\u201c, Wanderausstellung [&hellip;]<\/p>\n","protected":false},"author":1,"featured_media":0,"parent":940,"menu_order":1,"comment_status":"closed","ping_status":"closed","template":"kuenstler-text.php","meta":{"_acf_changed":false,"footnotes":""},"class_list":["post-1382","page","type-page","status-publish","hentry"],"acf":[],"_links":{"self":[{"href":"https:\/\/poll-berlin.de\/galerie\/wp-json\/wp\/v2\/pages\/1382","targetHints":{"allow":["GET"]}}],"collection":[{"href":"https:\/\/poll-berlin.de\/galerie\/wp-json\/wp\/v2\/pages"}],"about":[{"href":"https:\/\/poll-berlin.de\/galerie\/wp-json\/wp\/v2\/types\/page"}],"author":[{"embeddable":true,"href":"https:\/\/poll-berlin.de\/galerie\/wp-json\/wp\/v2\/users\/1"}],"replies":[{"embeddable":true,"href":"https:\/\/poll-berlin.de\/galerie\/wp-json\/wp\/v2\/comments?post=1382"}],"version-history":[{"count":22,"href":"https:\/\/poll-berlin.de\/galerie\/wp-json\/wp\/v2\/pages\/1382\/revisions"}],"predecessor-version":[{"id":43816,"href":"https:\/\/poll-berlin.de\/galerie\/wp-json\/wp\/v2\/pages\/1382\/revisions\/43816"}],"up":[{"embeddable":true,"href":"https:\/\/poll-berlin.de\/galerie\/wp-json\/wp\/v2\/pages\/940"}],"wp:attachment":[{"href":"https:\/\/poll-berlin.de\/galerie\/wp-json\/wp\/v2\/media?parent=1382"}],"curies":[{"name":"wp","href":"https:\/\/api.w.org\/{rel}","templated":true}]}}