{"id":1381,"date":"2022-03-15T17:41:10","date_gmt":"2022-03-15T16:41:10","guid":{"rendered":"https:\/\/poll-berlin.de\/galerie\/?page_id=1381"},"modified":"2024-03-26T17:20:04","modified_gmt":"2024-03-26T16:20:04","slug":"biografie","status":"publish","type":"page","link":"https:\/\/poll-berlin.de\/galerie\/weitere-kuenstler\/fred-thieler\/biografie\/","title":{"rendered":"Biografie"},"content":{"rendered":"\n<p><strong>Biografie<\/strong><\/p>\n\n\n\n<div style=\"height:10px\" aria-hidden=\"true\" class=\"wp-block-spacer\"><\/div>\n\n\n\n<figure class=\"wp-block-table\"><table><tbody><tr><td>1916<\/td><td>geboren als Fritz Wilhelm Richard Thieler in K\u00f6nigsberg<\/td><\/tr><tr><td>1937-1939<\/td><td>Studium der Medizin an der Albertina, K\u00f6nigberg<br>Arbeits- und Milit\u00e4rdienst in Polen und Frankreich<\/td><\/tr><tr><td>1941-1943<\/td><td>Suspendierung vom Heeresdient und Studienverbot<br>Besuch der privaten Malschule Hein K\u00f6nig in M\u00fcnchen<\/td><\/tr><tr><td>1946-1950<\/td><td>Studium der Malerei an der Akademie der Bildenden K\u00fcnste M\u00fcnchen bei Prof. Carl Caspar <\/td><\/tr><tr><td>1952<\/td><td>Mitglied der Avantegarde-Gruppe \u201eZEN 49\u201c, M\u00fcnchen<\/td><\/tr><tr><td>1951-1953<\/td><td>Aufenthalt in Paris, Arbeit im \u201eAtelier 17\u201c bei Stanley William Hayter<\/td><\/tr><tr><td>1953<\/td><td>Umzug nach M\u00fcnchen, Mitglied der \u201eNeuen Gruppe\u201c<\/td><\/tr><tr><td>1954<\/td><td>Mitglied im Deutschen K\u00fcnstlerbund<\/td><\/tr><tr><td>1959-1981<\/td><td>Professur f\u00fcr Kunstp\u00e4dagogik an der Hochschule f\u00fcr Bildende K\u00fcnste, Berlin<\/td><\/tr><tr><td>1972\/1973<\/td><td>Gastprofessur am College of Art and Design, Minneapolis (USA)<\/td><\/tr><tr><td>1976-1983<\/td><td>Vertreter der Bundesrepublik Deutschland in der \u201eInternational Association of Art\u201c (1979 Vizepr\u00e4sident, 1983 Ehrenpr\u00e4sident)<\/td><\/tr><tr><td>1978<\/td><td>Mitglied der Neuen Darmst\u00e4dter Sezession und der Akademie der K\u00fcnste, Berlin (1980-1983 Vizepr\u00e4sident)<\/td><\/tr><tr><td>1989<\/td><td>Deckengem\u00e4lde im Residenztheater, M\u00fcnchen<\/td><\/tr><tr><td>1991<\/td><td>Stiftung des Fred Thieler-Preises f\u00fcr Malerei<\/td><\/tr><tr><td>1999<\/td><td>gestorben in Berlin<\/td><\/tr><\/tbody><\/table><\/figure>\n\n\n\n<div style=\"height:10px\" aria-hidden=\"true\" class=\"wp-block-spacer\"><\/div>\n\n\n\n<p><strong>Preise und Stipendien<\/strong><\/p>\n\n\n\n<div style=\"height:10px\" aria-hidden=\"true\" class=\"wp-block-spacer\"><\/div>\n\n\n\n<figure class=\"wp-block-table\"><table><tbody><tr><td>1988<\/td><td>Harry Graf Kessler-Preis des Deutschen K\u00fcnstlerbundes<\/td><\/tr><tr><td>1985<\/td><td>Lovis Corinth-Preis, Regensburg<\/td><\/tr><tr><td>1984<\/td><td>Bundesverdienstkreuz, 1. Klasse<\/td><\/tr><\/tbody><\/table><\/figure>\n","protected":false},"excerpt":{"rendered":"<p>Biografie 1916 geboren als Fritz Wilhelm Richard Thieler in K\u00f6nigsberg 1937-1939 Studium der Medizin an der Albertina, K\u00f6nigbergArbeits- und Milit\u00e4rdienst in Polen und Frankreich 1941-1943 Suspendierung vom Heeresdient und StudienverbotBesuch der privaten Malschule Hein K\u00f6nig in M\u00fcnchen 1946-1950 Studium der Malerei an der Akademie der Bildenden K\u00fcnste M\u00fcnchen bei Prof. Carl Caspar 1952 Mitglied der [&hellip;]<\/p>\n","protected":false},"author":1,"featured_media":0,"parent":940,"menu_order":0,"comment_status":"closed","ping_status":"closed","template":"kuenstler-text.php","meta":{"_acf_changed":false,"footnotes":""},"class_list":["post-1381","page","type-page","status-publish","hentry"],"acf":[],"_links":{"self":[{"href":"https:\/\/poll-berlin.de\/galerie\/wp-json\/wp\/v2\/pages\/1381","targetHints":{"allow":["GET"]}}],"collection":[{"href":"https:\/\/poll-berlin.de\/galerie\/wp-json\/wp\/v2\/pages"}],"about":[{"href":"https:\/\/poll-berlin.de\/galerie\/wp-json\/wp\/v2\/types\/page"}],"author":[{"embeddable":true,"href":"https:\/\/poll-berlin.de\/galerie\/wp-json\/wp\/v2\/users\/1"}],"replies":[{"embeddable":true,"href":"https:\/\/poll-berlin.de\/galerie\/wp-json\/wp\/v2\/comments?post=1381"}],"version-history":[{"count":14,"href":"https:\/\/poll-berlin.de\/galerie\/wp-json\/wp\/v2\/pages\/1381\/revisions"}],"predecessor-version":[{"id":36779,"href":"https:\/\/poll-berlin.de\/galerie\/wp-json\/wp\/v2\/pages\/1381\/revisions\/36779"}],"up":[{"embeddable":true,"href":"https:\/\/poll-berlin.de\/galerie\/wp-json\/wp\/v2\/pages\/940"}],"wp:attachment":[{"href":"https:\/\/poll-berlin.de\/galerie\/wp-json\/wp\/v2\/media?parent=1381"}],"curies":[{"name":"wp","href":"https:\/\/api.w.org\/{rel}","templated":true}]}}