{"id":1375,"date":"2025-07-22T17:01:34","date_gmt":"2025-07-22T15:01:34","guid":{"rendered":"https:\/\/poll-berlin.de\/galerie\/?page_id=1375"},"modified":"2025-12-10T17:45:06","modified_gmt":"2025-12-10T16:45:06","slug":"werke-in-sammlungen","status":"publish","type":"page","link":"https:\/\/poll-berlin.de\/galerie\/weitere-kuenstler\/giangiacomo-spadari\/werke-in-sammlungen\/","title":{"rendered":"Werke in Sammlungen"},"content":{"rendered":"\n<p><strong>Werke in Sammlungen<\/strong><\/p>\n\n\n\n<p>Kupferstichkabinett der Staatlichen Museen zu Berlin<br>Museum f\u00fcr Moderne Kunst, Frankfurt am Main<br>Metropolitan Museum of Art, New York City<br>Tel Aviv Museum of Art (Israel)<br>Colecci\u00f3n Mart\u00ednez Guerricabeitia, Valencia<\/p>\n","protected":false},"excerpt":{"rendered":"<p>Werke in Sammlungen Kupferstichkabinett der Staatlichen Museen zu BerlinMuseum f\u00fcr Moderne Kunst, Frankfurt am MainMetropolitan Museum of Art, New York CityTel Aviv Museum of Art (Israel)Colecci\u00f3n Mart\u00ednez Guerricabeitia, Valencia<\/p>\n","protected":false},"author":1,"featured_media":0,"parent":939,"menu_order":2,"comment_status":"closed","ping_status":"closed","template":"kuenstler-text.php","meta":{"_acf_changed":false,"footnotes":""},"class_list":["post-1375","page","type-page","status-publish","hentry"],"acf":[],"_links":{"self":[{"href":"https:\/\/poll-berlin.de\/galerie\/wp-json\/wp\/v2\/pages\/1375","targetHints":{"allow":["GET"]}}],"collection":[{"href":"https:\/\/poll-berlin.de\/galerie\/wp-json\/wp\/v2\/pages"}],"about":[{"href":"https:\/\/poll-berlin.de\/galerie\/wp-json\/wp\/v2\/types\/page"}],"author":[{"embeddable":true,"href":"https:\/\/poll-berlin.de\/galerie\/wp-json\/wp\/v2\/users\/1"}],"replies":[{"embeddable":true,"href":"https:\/\/poll-berlin.de\/galerie\/wp-json\/wp\/v2\/comments?post=1375"}],"version-history":[{"count":7,"href":"https:\/\/poll-berlin.de\/galerie\/wp-json\/wp\/v2\/pages\/1375\/revisions"}],"predecessor-version":[{"id":44930,"href":"https:\/\/poll-berlin.de\/galerie\/wp-json\/wp\/v2\/pages\/1375\/revisions\/44930"}],"up":[{"embeddable":true,"href":"https:\/\/poll-berlin.de\/galerie\/wp-json\/wp\/v2\/pages\/939"}],"wp:attachment":[{"href":"https:\/\/poll-berlin.de\/galerie\/wp-json\/wp\/v2\/media?parent=1375"}],"curies":[{"name":"wp","href":"https:\/\/api.w.org\/{rel}","templated":true}]}}