{"id":1373,"date":"2022-03-15T15:56:40","date_gmt":"2022-03-15T14:56:40","guid":{"rendered":"https:\/\/poll-berlin.de\/galerie\/?page_id=1373"},"modified":"2024-03-20T12:05:57","modified_gmt":"2024-03-20T11:05:57","slug":"biografie","status":"publish","type":"page","link":"https:\/\/poll-berlin.de\/galerie\/weitere-kuenstler\/giangiacomo-spadari\/biografie\/","title":{"rendered":"Biografie"},"content":{"rendered":"\n<p><strong>Biografie<\/strong><\/p>\n\n\n\n<div style=\"height:10px\" aria-hidden=\"true\" class=\"wp-block-spacer\"><\/div>\n\n\n\n<figure class=\"wp-block-table\"><table><tbody><tr><td>1938<\/td><td>geboren in San Marino, aufgewachsen in Rom<\/td><\/tr><tr><td>1950er<\/td><td>Malkurse bei Antonio Corpora und Renato Guttuso<\/td><\/tr><tr><td>1961<\/td><td>Umzug nach Mailand, Arbeit als freischaffender Maler<\/td><\/tr><tr><td>1969<\/td><td>Fotolithographie-Mappe mit 20 Portr\u00e4ts von Revolution\u00e4ren<\/td><\/tr><tr><td>1972<\/td><td>regelm\u00e4\u00dfige Aufenthalte in Paris<\/td><\/tr><tr><td>seit 1973<\/td><td>Zusammenarbeit mit Antonio Baratella, Fernando De Filippi und Umberto Mariani<\/td><\/tr><tr><td>1976-1980<\/td><td>Neuinterpretation von ber\u00fchmten Filmszenen<\/td><\/tr><tr><td>1993-1997<\/td><td>Lehrauftrag f\u00fcr k\u00fcnstlerische Anatomie an der Accademia di Belle Arti di Brera, Mailand<\/td><\/tr><tr><td>1997<\/td><td>gestorben in Mailand<\/td><\/tr><\/tbody><\/table><\/figure>\n","protected":false},"excerpt":{"rendered":"<p>Biografie 1938 geboren in San Marino, aufgewachsen in Rom 1950er Malkurse bei Antonio Corpora und Renato Guttuso 1961 Umzug nach Mailand, Arbeit als freischaffender Maler 1969 Fotolithographie-Mappe mit 20 Portr\u00e4ts von Revolution\u00e4ren 1972 regelm\u00e4\u00dfige Aufenthalte in Paris seit 1973 Zusammenarbeit mit Antonio Baratella, Fernando De Filippi und Umberto Mariani 1976-1980 Neuinterpretation von ber\u00fchmten Filmszenen 1993-1997 [&hellip;]<\/p>\n","protected":false},"author":1,"featured_media":0,"parent":939,"menu_order":0,"comment_status":"closed","ping_status":"closed","template":"kuenstler-text.php","meta":{"_acf_changed":false,"footnotes":""},"class_list":["post-1373","page","type-page","status-publish","hentry"],"acf":[],"_links":{"self":[{"href":"https:\/\/poll-berlin.de\/galerie\/wp-json\/wp\/v2\/pages\/1373","targetHints":{"allow":["GET"]}}],"collection":[{"href":"https:\/\/poll-berlin.de\/galerie\/wp-json\/wp\/v2\/pages"}],"about":[{"href":"https:\/\/poll-berlin.de\/galerie\/wp-json\/wp\/v2\/types\/page"}],"author":[{"embeddable":true,"href":"https:\/\/poll-berlin.de\/galerie\/wp-json\/wp\/v2\/users\/1"}],"replies":[{"embeddable":true,"href":"https:\/\/poll-berlin.de\/galerie\/wp-json\/wp\/v2\/comments?post=1373"}],"version-history":[{"count":18,"href":"https:\/\/poll-berlin.de\/galerie\/wp-json\/wp\/v2\/pages\/1373\/revisions"}],"predecessor-version":[{"id":36630,"href":"https:\/\/poll-berlin.de\/galerie\/wp-json\/wp\/v2\/pages\/1373\/revisions\/36630"}],"up":[{"embeddable":true,"href":"https:\/\/poll-berlin.de\/galerie\/wp-json\/wp\/v2\/pages\/939"}],"wp:attachment":[{"href":"https:\/\/poll-berlin.de\/galerie\/wp-json\/wp\/v2\/media?parent=1373"}],"curies":[{"name":"wp","href":"https:\/\/api.w.org\/{rel}","templated":true}]}}