{"id":1370,"date":"2024-11-13T17:34:43","date_gmt":"2024-11-13T16:34:43","guid":{"rendered":"https:\/\/poll-berlin.de\/galerie\/?page_id=1370"},"modified":"2024-12-04T16:44:06","modified_gmt":"2024-12-04T15:44:06","slug":"katalog-1-schulze-eldowy","status":"publish","type":"page","link":"https:\/\/poll-berlin.de\/galerie\/weitere-kuenstler\/gundula-schulze-eldowy\/kataloge\/katalog-1-schulze-eldowy\/","title":{"rendered":"Katalog 1 &#8211; Schulze Eldowy"},"content":{"rendered":"\n<p><strong>Gundula Schulze el Dowy \u2013 Herbstbellen<br><\/strong>Texte von Harald Kunde, Thomas Schirmb\u00f6ck und Gundula Schulze el Dowy, Katalog anl\u00e4sslich der gleichnamigen Ausstellung in der Galerie R\u00e4hnitzgasse, Dresden (21.3.-28.4.1996) u. a., Edition Stemmle, Kilchberg 1996, 25 x 27 cm, 120 Seiten, 51 Farbabbildungen, \u200eKlebebindung, ISBN 3-908162-23-8<br>70 Euro<\/p>\n\n\n<a id=\"mailinger\" href=\"mailto:galerie@poll-berlin.de?subject=Bestellung Katalog 1 &#8211; Schulze Eldowy&amp;body=Hiermit bestelle ich verbindlich den Katalog \u201eGundula Schulze el Dowy \u2013 Herbstbellen\u201c zu einem Preis von 70 Euro (zzgl. Versand). Bitte teilen Sie mir die entsprechende Bankverbindung mit.%0D%0AMeine Adresse lautet:%0D%0A%0D%0AInstitution:%0D%0AVorname, Name:%0D%0AStra\u00dfe, Haus-Nr.:%0D%0APLZ, Stadt:%0D%0ALand:\" title=\"Bestellung\">Bestellung<\/a>\n","protected":false},"excerpt":{"rendered":"<p>Gundula Schulze el Dowy \u2013 HerbstbellenTexte von Harald Kunde, Thomas Schirmb\u00f6ck und Gundula Schulze el Dowy, Katalog anl\u00e4sslich der gleichnamigen Ausstellung in der Galerie R\u00e4hnitzgasse, Dresden (21.3.-28.4.1996) u. a., Edition Stemmle, Kilchberg 1996, 25 x 27 cm, 120 Seiten, 51 Farbabbildungen, \u200eKlebebindung, ISBN 3-908162-23-870 Euro<\/p>\n","protected":false},"author":1,"featured_media":39873,"parent":1369,"menu_order":0,"comment_status":"closed","ping_status":"closed","template":"kuenstler-katalog.php","meta":{"_acf_changed":false,"footnotes":""},"class_list":["post-1370","page","type-page","status-publish","has-post-thumbnail","hentry"],"acf":{"photo_gallery":{"bilder":[[]]}},"_links":{"self":[{"href":"https:\/\/poll-berlin.de\/galerie\/wp-json\/wp\/v2\/pages\/1370","targetHints":{"allow":["GET"]}}],"collection":[{"href":"https:\/\/poll-berlin.de\/galerie\/wp-json\/wp\/v2\/pages"}],"about":[{"href":"https:\/\/poll-berlin.de\/galerie\/wp-json\/wp\/v2\/types\/page"}],"author":[{"embeddable":true,"href":"https:\/\/poll-berlin.de\/galerie\/wp-json\/wp\/v2\/users\/1"}],"replies":[{"embeddable":true,"href":"https:\/\/poll-berlin.de\/galerie\/wp-json\/wp\/v2\/comments?post=1370"}],"version-history":[{"count":2,"href":"https:\/\/poll-berlin.de\/galerie\/wp-json\/wp\/v2\/pages\/1370\/revisions"}],"predecessor-version":[{"id":40278,"href":"https:\/\/poll-berlin.de\/galerie\/wp-json\/wp\/v2\/pages\/1370\/revisions\/40278"}],"up":[{"embeddable":true,"href":"https:\/\/poll-berlin.de\/galerie\/wp-json\/wp\/v2\/pages\/1369"}],"wp:featuredmedia":[{"embeddable":true,"href":"https:\/\/poll-berlin.de\/galerie\/wp-json\/wp\/v2\/media\/39873"}],"wp:attachment":[{"href":"https:\/\/poll-berlin.de\/galerie\/wp-json\/wp\/v2\/media?parent=1370"}],"curies":[{"name":"wp","href":"https:\/\/api.w.org\/{rel}","templated":true}]}}