{"id":1367,"date":"2021-06-15T16:51:39","date_gmt":"2021-06-15T14:51:39","guid":{"rendered":"https:\/\/poll-berlin.de\/galerie\/?page_id=1367"},"modified":"2025-12-10T17:44:10","modified_gmt":"2025-12-10T16:44:10","slug":"werke-in-sammlungen","status":"publish","type":"page","link":"https:\/\/poll-berlin.de\/galerie\/weitere-kuenstler\/gundula-schulze-eldowy\/werke-in-sammlungen\/","title":{"rendered":"Werke in Sammlungen"},"content":{"rendered":"\n<p><strong>Werke in Sammlungen<\/strong><\/p>\n\n\n\n<p>Sammlung Gabriele Koenig, Aachen<br>Berlinische Galerie &#8211; Museum f\u00fcr Moderne Kunst<br>Br\u00f6han-Museum, Berlin<br>Deutsches Historisches Museum, Berlin<br>Kunstsammlung des Deutschen Bundestages, Berlin<br>Kupferstichkabinett der Staatlichen Museen zu Berlin<br>M\u00e4rkisches Museum, Berlin<br>Sammlung Erika und Rolf Hoffmann, Berlin<br>Haus der Geschichte der Bundesrepublik Deutschland, Bonn<br>Frac Nouvelle-Aquitaine, Bordeaux (Frankreich)<br>Harvard Art Museums, Boston<br>Mus\u00e9e Nic\u00e9phore-Ni\u00e9pce, Chalon-sur-Sa\u00f4ne (Frankreich)<br>Brandenburgische Kunstsammlungen Cottbus<br>The Wende-Museum, Culver City (USA)<br>Kunstfonds der Staatlichen Kunstsammlungen Dresden<br>Angermuseum Erfurt<br>Museum Folkwang, Essen<br>Kunstsammlung der DZ BANK AG, Frankfurt am Main<br>Smith College Museum of Art, Massachusetts<br>Kunstmuseum Moritzburg, Halle-Saale<br>Erotic Art Museum, Hamburg<br>Sammlung F.C. Gundlach, Hamburg<br>Sprengel Museum Hannover<br>Sammlung Higashikawa Foto Fiesta, Hokkaido (Japan)<br>Museum of Fine Arts, Houston (USA)<br>Museum Ludwig, K\u00f6ln<br>Mus\u00e9e de l\u2019Elyss\u00e9e, Lausanne (Schweiz)<br>Los Angeles County Museum of Art, Los Angeles<br>Teutloff Collection, Dudelange (Luxemburg)<br>Fotografische Sammlung &#8211; Schloss Kummerow<br>Metropolitan Museum of Art, New York City<br>Museum of Modern Art, New York City<br>Biblioth\u00e8que nationale de France, Paris<br>Museum of Modern Art, San Francisco<br>Sammlung Madeleine Millot-Durrenberger, Stra\u00dfburg<br>IBM Deutschland GmbH, Stuttgart<br>Museum f\u00fcr Gestaltung, Z\u00fcrich<\/p>\n","protected":false},"excerpt":{"rendered":"<p>Werke in Sammlungen Sammlung Gabriele Koenig, AachenBerlinische Galerie &#8211; Museum f\u00fcr Moderne KunstBr\u00f6han-Museum, BerlinDeutsches Historisches Museum, BerlinKunstsammlung des Deutschen Bundestages, BerlinKupferstichkabinett der Staatlichen Museen zu BerlinM\u00e4rkisches Museum, BerlinSammlung Erika und Rolf Hoffmann, BerlinHaus der Geschichte der Bundesrepublik Deutschland, BonnFrac Nouvelle-Aquitaine, Bordeaux (Frankreich)Harvard Art Museums, BostonMus\u00e9e Nic\u00e9phore-Ni\u00e9pce, Chalon-sur-Sa\u00f4ne (Frankreich)Brandenburgische Kunstsammlungen CottbusThe Wende-Museum, Culver City (USA)Kunstfonds der [&hellip;]<\/p>\n","protected":false},"author":1,"featured_media":0,"parent":938,"menu_order":2,"comment_status":"closed","ping_status":"closed","template":"kuenstler-text.php","meta":{"_acf_changed":false,"footnotes":""},"class_list":["post-1367","page","type-page","status-publish","hentry"],"acf":[],"_links":{"self":[{"href":"https:\/\/poll-berlin.de\/galerie\/wp-json\/wp\/v2\/pages\/1367","targetHints":{"allow":["GET"]}}],"collection":[{"href":"https:\/\/poll-berlin.de\/galerie\/wp-json\/wp\/v2\/pages"}],"about":[{"href":"https:\/\/poll-berlin.de\/galerie\/wp-json\/wp\/v2\/types\/page"}],"author":[{"embeddable":true,"href":"https:\/\/poll-berlin.de\/galerie\/wp-json\/wp\/v2\/users\/1"}],"replies":[{"embeddable":true,"href":"https:\/\/poll-berlin.de\/galerie\/wp-json\/wp\/v2\/comments?post=1367"}],"version-history":[{"count":13,"href":"https:\/\/poll-berlin.de\/galerie\/wp-json\/wp\/v2\/pages\/1367\/revisions"}],"predecessor-version":[{"id":44929,"href":"https:\/\/poll-berlin.de\/galerie\/wp-json\/wp\/v2\/pages\/1367\/revisions\/44929"}],"up":[{"embeddable":true,"href":"https:\/\/poll-berlin.de\/galerie\/wp-json\/wp\/v2\/pages\/938"}],"wp:attachment":[{"href":"https:\/\/poll-berlin.de\/galerie\/wp-json\/wp\/v2\/media?parent=1367"}],"curies":[{"name":"wp","href":"https:\/\/api.w.org\/{rel}","templated":true}]}}