{"id":1366,"date":"2021-06-15T17:06:37","date_gmt":"2021-06-15T15:06:37","guid":{"rendered":"https:\/\/poll-berlin.de\/galerie\/?page_id=1366"},"modified":"2026-02-11T11:25:32","modified_gmt":"2026-02-11T10:25:32","slug":"ausstellungen","status":"publish","type":"page","link":"https:\/\/poll-berlin.de\/galerie\/weitere-kuenstler\/gundula-schulze-eldowy\/ausstellungen\/","title":{"rendered":"Ausstellungen"},"content":{"rendered":"\n<p><strong>Einzelausstellungen (Auswahl)<\/strong><\/p>\n\n\n\n<div style=\"height:10px\" aria-hidden=\"true\" class=\"wp-block-spacer\"><\/div>\n\n\n\n<figure class=\"wp-block-table\"><table><tbody><tr><td>2024<\/td><td>Halle 14, Leipziger Baumwollspinnerei<br>Br\u00f6han-Museum, Berlin<br>Akademie der K\u00fcnste, Berlin<\/td><\/tr><tr><td>2023<\/td><td>Foto Arsenal Wien<\/td><\/tr><tr><td>2021-2022<\/td><td>Galerie Pankow, Berlin<\/td><\/tr><tr><td>2019<\/td><td>Photobastei, Z\u00fcrich<\/td><\/tr><tr><td>2018-2019<\/td><td>Kunsthalle Erfurt<\/td><\/tr><tr><td>2016<\/td><td>Zeitgeschichtliches Forum, Leipzig<br>Haus der Geschichte der Bundesrepublik Deutschland, Bonn<\/td><\/tr><tr><td>2011-2012<\/td><td>Kunstraum des Deutschen Bundestages, Berlin<br>C\/O Berlin<\/td><\/tr><tr><td>2010<\/td><td>Galerie Pankow, Berlin<\/td><\/tr><tr><td>2007<\/td><td>Kunstverein Ulm<br>KunstRaum Bernusstra\u00dfe, Frankfurt am Main<\/td><\/tr><tr><td>2003<\/td><td>Galerie Kasten, Mannheim<br>Galerie Alte Post, Eislingen<\/td><\/tr><tr><td>2001<\/td><td>Deborah Bell Photographs, New York City<\/td><\/tr><tr><td>2000<\/td><td>imago fotokunst, Berlin<br>Postfuhramt, Berlin<br>Galerie n\u00e4chst St. Stephan, Wien<\/td><\/tr><tr><td>1997<\/td><td>Art Studio Sreda, Moskau<\/td><\/tr><tr><td>1996<\/td><td>Galerie R\u00e4hnitzgasse, Dresden<br>Kunstverein Ludwigshafen<br>Olympus Plaza Tokio<\/td><\/tr><tr><td>1994<\/td><td>Galerie Eva Poll, Berlin<\/td><\/tr><tr><td>1992<\/td><td>Kunst-Werke Berlin (mit Nan Goldin)<\/td><\/tr><tr><td>1991<\/td><td>Neue Nationalgalerie der Staatlichen Museen zu Berlin<\/td><\/tr><tr><td>1990<\/td><td>Sprengel Museum Hannover<br>Spectrum-Photogalerie, Hannover<br>Tartt Gallery, Washington D.C. (mit Theodore Adamstein)<\/td><\/tr><tr><td>1989<\/td><td>Fondation Nationale de la Photographie, Lyon<\/td><\/tr><tr><td>1988<\/td><td>Museum f\u00fcr Gestaltung, Z\u00fcrich<br>Rencontres de la Photographie, Arles<\/td><\/tr><tr><td>1983<\/td><td>Galerie Sophienstra\u00dfe 8, Berlin<\/td><\/tr><\/tbody><\/table><\/figure>\n\n\n\n<div style=\"height:10px\" aria-hidden=\"true\" class=\"wp-block-spacer\"><\/div>\n\n\n\n<p><strong>Gruppenausstellungen (Auswahl)<\/strong><\/p>\n\n\n\n<div style=\"height:10px\" aria-hidden=\"true\" class=\"wp-block-spacer\"><\/div>\n\n\n\n<figure class=\"wp-block-table\"><table><tbody><tr><td>2026<\/td><td>Galerie im Alten Rathaus, Prien am Chiemsee<br>Kunstnernes Hus, Oslo<\/td><\/tr><tr><td>2025<\/td><td>Brandenburgisches Landesmuseum f\u00fcr moderne Kunst, Cottbus<\/td><\/tr><tr><td>2024-2025<\/td><td>Sammlung Scharf-Gerstenberg, Berlin<br>Residenzschloss der Staatlichen Kunstsammlungen Dresden<br>Busch-Reisinger Museum, Cambridge (USA)<\/td><\/tr><tr><td>2021<\/td><td>Albertinum of the Dresden State Art Collections<\/td><\/tr><tr><td>2020<\/td><td>Stiftung Reinbeckhallen Berlin<\/td><\/tr><tr><td>2019-2020<\/td><td>The Wende Museum, Los Angeles<\/td><\/tr><tr><td>2019<\/td><td>Rencontres de la Photographie, Arles<\/td><\/tr><tr><td>2018-2019<\/td><td>Kunsthalle im Lipsiusbau, Dresden<\/td><\/tr><tr><td>2018<\/td><td>Palais des Beaux-Arts, Br\u00fcssel<\/td><\/tr><tr><td>2016-2017<\/td><td>C\/O Berlin<\/td><\/tr><tr><td>2015<\/td><td>\u00d6sterreichische Galerie Belvedere, Wien <\/td><\/tr><tr><td>2013<\/td><td>ZKM | Zentrum f\u00fcr Kunst und Medien, Karlsruhe<\/td><\/tr><tr><td>2012<\/td><td>\u00d6sterreichische Galerie Belvedere, Wien<br>Berlinische Galerie &#8211; Museum f\u00fcr Moderne Kunst<\/td><\/tr><tr><td>2011<\/td><td>Museum der bildenden K\u00fcnste Leipzig<\/td><\/tr><tr><td>2009<\/td><td>Akademie der K\u00fcnste, Berlin<br>Los Angeles County Museum of Art<br>Germanisches Nationalmuseum, N\u00fcrnberg<br>Deutsches Historisches Museum, Berlin<br>Museum of Modern Art, New York City<\/td><\/tr><tr><td>2006<\/td><td>Kupferstich-Kabinett der Staatlichen Kunstsammlungen Dresden<br>Kunst-Werke Berlin<\/td><\/tr><tr><td>2005<\/td><td>Deutsches Historisches Museum, Berlin<\/td><\/tr><tr><td>2004<\/td><td>Staatliches Historisches Museum, Moskau<\/td><\/tr><tr><td>2003<\/td><td>Museum Folkwang, Essen<br>Museum of Fine Arts, Houston (USA)<br>Neue Nationalgalerie der Staatlichen Museen zu Berlin<br>Deichtorhallen Hamburg<\/td><\/tr><tr><td>1999<\/td><td>Neues Museum, Weimar<\/td><\/tr><tr><td>1998<\/td><td>Bundeskunsthalle, Bonn<\/td><\/tr><tr><td>1995<\/td><td>Sprengel Museum Hannover<\/td><\/tr><tr><td>1992-1993<\/td><td>Museum of Modern Art, New York City<\/td><\/tr><tr><td>1987-1988<\/td><td>X. Kunstausstellung der DDR, Dresden<\/td><\/tr><tr><td>1987<\/td><td>Universit\u00e4t Cambridge, New York City<\/td><\/tr><tr><td>1982-1983<\/td><td>IX. Kunstausstellung der DDR, Dresden<\/td><\/tr><\/tbody><\/table><\/figure>\n","protected":false},"excerpt":{"rendered":"<p>Einzelausstellungen (Auswahl) 2024 Halle 14, Leipziger BaumwollspinnereiBr\u00f6han-Museum, BerlinAkademie der K\u00fcnste, Berlin 2023 Foto Arsenal Wien 2021-2022 Galerie Pankow, Berlin 2019 Photobastei, Z\u00fcrich 2018-2019 Kunsthalle Erfurt 2016 Zeitgeschichtliches Forum, LeipzigHaus der Geschichte der Bundesrepublik Deutschland, Bonn 2011-2012 Kunstraum des Deutschen Bundestages, BerlinC\/O Berlin 2010 Galerie Pankow, Berlin 2007 Kunstverein UlmKunstRaum Bernusstra\u00dfe, Frankfurt am Main 2003 Galerie [&hellip;]<\/p>\n","protected":false},"author":1,"featured_media":0,"parent":938,"menu_order":1,"comment_status":"closed","ping_status":"closed","template":"kuenstler-text.php","meta":{"_acf_changed":false,"footnotes":""},"class_list":["post-1366","page","type-page","status-publish","hentry"],"acf":[],"_links":{"self":[{"href":"https:\/\/poll-berlin.de\/galerie\/wp-json\/wp\/v2\/pages\/1366","targetHints":{"allow":["GET"]}}],"collection":[{"href":"https:\/\/poll-berlin.de\/galerie\/wp-json\/wp\/v2\/pages"}],"about":[{"href":"https:\/\/poll-berlin.de\/galerie\/wp-json\/wp\/v2\/types\/page"}],"author":[{"embeddable":true,"href":"https:\/\/poll-berlin.de\/galerie\/wp-json\/wp\/v2\/users\/1"}],"replies":[{"embeddable":true,"href":"https:\/\/poll-berlin.de\/galerie\/wp-json\/wp\/v2\/comments?post=1366"}],"version-history":[{"count":21,"href":"https:\/\/poll-berlin.de\/galerie\/wp-json\/wp\/v2\/pages\/1366\/revisions"}],"predecessor-version":[{"id":45222,"href":"https:\/\/poll-berlin.de\/galerie\/wp-json\/wp\/v2\/pages\/1366\/revisions\/45222"}],"up":[{"embeddable":true,"href":"https:\/\/poll-berlin.de\/galerie\/wp-json\/wp\/v2\/pages\/938"}],"wp:attachment":[{"href":"https:\/\/poll-berlin.de\/galerie\/wp-json\/wp\/v2\/media?parent=1366"}],"curies":[{"name":"wp","href":"https:\/\/api.w.org\/{rel}","templated":true}]}}