{"id":1365,"date":"2021-06-15T17:36:26","date_gmt":"2021-06-15T15:36:26","guid":{"rendered":"https:\/\/poll-berlin.de\/galerie\/?page_id=1365"},"modified":"2024-03-26T15:00:50","modified_gmt":"2024-03-26T14:00:50","slug":"biografie","status":"publish","type":"page","link":"https:\/\/poll-berlin.de\/galerie\/weitere-kuenstler\/gundula-schulze-eldowy\/biografie\/","title":{"rendered":"Biografie"},"content":{"rendered":"\n<p><strong>Biografie<\/strong><\/p>\n\n\n\n<div style=\"height:10px\" aria-hidden=\"true\" class=\"wp-block-spacer\"><\/div>\n\n\n\n<figure class=\"wp-block-table\"><table><tbody><tr><td>1954<\/td><td>geboren als Gundula Schulze in Erfurt<\/td><\/tr><tr><td>1970-1972<\/td><td>Ausbildung zur Industriekauffrau<\/td><\/tr><tr><td>1972-1975<\/td><td>Fachschule f\u00fcr Werbung und Gestaltung, Ost-Berlin<\/td><\/tr><tr><td>1979-1984<\/td><td>Fernstudium der Fotografie an der Hochschule f\u00fcr Grafik und Buchkunst Leipzig bei Horst Thorau<\/td><\/tr><tr><td>1984<\/td><td>Mitglied im Verband Bildender K\u00fcnstler der DDR, Berlin<br>Arbeit als freischaffende Fotografin in Berlin<\/td><\/tr><tr><td>1985<\/td><td>Begegnung mit dem Fotografen Robert Frank in Ost-Berlin<\/td><\/tr><tr><td>1990-1993<\/td><td>Arbeitsaufenthalt in New York City<\/td><\/tr><tr><td>1993-2000<\/td><td>Reisen \u00c4gypten, Japan, Moskau und in die T\u00fcrkei<\/td><\/tr><tr><td>2000-2020<\/td><td>Reisen nach Peru und Bolivien<\/td><\/tr><tr><td>seit 2010<\/td><td>Mitglied der S\u00e4chsischen Akademie der K\u00fcnste, Dresden<\/td><\/tr><tr><td>seit 2019<\/td><td>Mitglied der Akademie der K\u00fcnste, Berlin<\/td><\/tr><\/tbody><\/table><\/figure>\n\n\n\n<p>Gundula Schulze Eldowy lebt und arbeitet in Berlin und Peru.<\/p>\n\n\n\n<div style=\"height:10px\" aria-hidden=\"true\" class=\"wp-block-spacer\"><\/div>\n\n\n\n<p><strong>Preise und Stipendien<\/strong><\/p>\n\n\n\n<div style=\"height:10px\" aria-hidden=\"true\" class=\"wp-block-spacer\"><\/div>\n\n\n\n<figure class=\"wp-block-table\"><table><tbody><tr><td>2004<\/td><td>Stipendium der Stiftung Kunstfonds, Bonn<\/td><\/tr><tr><td>2001<\/td><td>K\u00fcnstlerstipendium aus dem Else-Heiliger-Fonds der Konrad-Adenauer-Stiftung, Bonn <\/td><\/tr><tr><td>2000<\/td><td>Neuseel\u00e4ndischer Fotopreis \u201eM.I.L.K.\u201c<\/td><\/tr><tr><td>1996<\/td><td>12. Higashikawa Fotopreis f\u00fcr \u00dcbersee-Fotografen (Japan)<\/td><\/tr><tr><td>1990<\/td><td>Stipendium des Kunstringes Folkwang, Essen <\/td><\/tr><\/tbody><\/table><\/figure>\n","protected":false},"excerpt":{"rendered":"<p>Biografie 1954 geboren als Gundula Schulze in Erfurt 1970-1972 Ausbildung zur Industriekauffrau 1972-1975 Fachschule f\u00fcr Werbung und Gestaltung, Ost-Berlin 1979-1984 Fernstudium der Fotografie an der Hochschule f\u00fcr Grafik und Buchkunst Leipzig bei Horst Thorau 1984 Mitglied im Verband Bildender K\u00fcnstler der DDR, BerlinArbeit als freischaffende Fotografin in Berlin 1985 Begegnung mit dem Fotografen Robert Frank [&hellip;]<\/p>\n","protected":false},"author":1,"featured_media":0,"parent":938,"menu_order":0,"comment_status":"closed","ping_status":"closed","template":"kuenstler-text.php","meta":{"_acf_changed":false,"footnotes":""},"class_list":["post-1365","page","type-page","status-publish","hentry"],"acf":[],"_links":{"self":[{"href":"https:\/\/poll-berlin.de\/galerie\/wp-json\/wp\/v2\/pages\/1365","targetHints":{"allow":["GET"]}}],"collection":[{"href":"https:\/\/poll-berlin.de\/galerie\/wp-json\/wp\/v2\/pages"}],"about":[{"href":"https:\/\/poll-berlin.de\/galerie\/wp-json\/wp\/v2\/types\/page"}],"author":[{"embeddable":true,"href":"https:\/\/poll-berlin.de\/galerie\/wp-json\/wp\/v2\/users\/1"}],"replies":[{"embeddable":true,"href":"https:\/\/poll-berlin.de\/galerie\/wp-json\/wp\/v2\/comments?post=1365"}],"version-history":[{"count":15,"href":"https:\/\/poll-berlin.de\/galerie\/wp-json\/wp\/v2\/pages\/1365\/revisions"}],"predecessor-version":[{"id":36753,"href":"https:\/\/poll-berlin.de\/galerie\/wp-json\/wp\/v2\/pages\/1365\/revisions\/36753"}],"up":[{"embeddable":true,"href":"https:\/\/poll-berlin.de\/galerie\/wp-json\/wp\/v2\/pages\/938"}],"wp:attachment":[{"href":"https:\/\/poll-berlin.de\/galerie\/wp-json\/wp\/v2\/media?parent=1365"}],"curies":[{"name":"wp","href":"https:\/\/api.w.org\/{rel}","templated":true}]}}