{"id":1359,"date":"2025-07-16T13:36:13","date_gmt":"2025-07-16T11:36:13","guid":{"rendered":"https:\/\/poll-berlin.de\/galerie\/?page_id=1359"},"modified":"2025-12-10T17:42:36","modified_gmt":"2025-12-10T16:42:36","slug":"werke-in-sammlungen","status":"publish","type":"page","link":"https:\/\/poll-berlin.de\/galerie\/weitere-kuenstler\/a-r-penck\/werke-in-sammlungen\/","title":{"rendered":"Werke in Sammlungen"},"content":{"rendered":"\n<p><strong>Werke in Sammlungen<\/strong><\/p>\n\n\n\n<p>Stedelijk Museum, Amsterdam<br>Kunstmuseum Walter, Augsburg<br>Kunstbibliothek der Staatlichen Museen zu Berlin<br>Kupferstichkabinett der Staatlichen Museen zu Berlin<br>Sammlung Ingrid und Dr. Georg B\u00f6ckmann, Berlin<br>Sammlung Erika und Rolf Hoffmann, Berlin<br>Sammlung zeitgen\u00f6ssischer Kunst der Bundesrepublik Deutschland, Bonn<br>Sammlung zeitgen\u00f6ssischer Kunst, Europ\u00e4isches Parlament, Br\u00fcssel<br>Museum of Contemporary Art, Chicago<br>Gemeentemuseum, Den Haag (Niederlande)<br>Albertinum der Staatlichen Kunstsammlungen Dresden<br>Archiv der Avantgarden \u2013 Egidio Marzona, Dresden<br>Kupferstich-Kabinett der Staatlichen Kunstsammlungen Dresden<br>Skulpturensammlung der Staatlichen Kunstsammlungen Dresden<br>St\u00e4dtische Galerie Dresden<br>Museum K\u00fcppersm\u00fchle f\u00fcr Moderne Kunst, Duisburg<br>Van Abbemuseum, Eindhoven (Niederlande)<br>St\u00e4dtische Sammlung Erlangen<br>Museum Folkwang, Essen<br>Kunstsammlung der Deutschen Bundesbank, Frankfurt am Main<br>Museum f\u00fcr Moderne Kunst, Frankfurt am Main<br>Sammlung Deutsche Bank, Frankfurt am Main<br>St\u00e4del Museum, Frankfurt am Main<br>Hamburger Kunsthalle<br>St\u00e4dtische Museen Heilbronn<br>Louisiana Museum of Modern Art, Humleb\u00e6k (D\u00e4nemark)<br>ZKM | Zentrum f\u00fcr Kunst und Medien, Karlsruhe<br>Museum Ludwig, K\u00f6ln<br>The Tate Gallery, London<br>National Gallery of Victoria, Melbourne<br>Bayerische Staatsgem\u00e4ldesammlungen, M\u00fcnchen<br>Pinakothek der Moderne, M\u00fcnchen<br>The Metropolitan Museum of Art, New York City<br>Museum of Modern Art, New York City<br>Neues Museum N\u00fcrnberg<br>Mus\u00e9e d&#8217;Art Moderne de la Ville de Paris<br>Museum Boijmans Van Beuningen, Rotterdam<br>National Museum of Modern and Contemporary Art, Seoul<br>Saint Louis Art Museum, St. Louis (USA)<br>Mus\u00e9e d&#8217;Art Moderne et Contemporain, Stra\u00dfburg<br>Daimler Art Collection, Stuttgart<br>Kunstmuseum Liechtenstein, Vaduz<br>Museum moderner Kunst Stiftung Ludwig Wien<br>Staatsgalerie Stuttgart<br>Kunsthaus Z\u00fcrich<br>Flick Collection, Z\u00fcrich<br>Migros Museum f\u00fcr Gegenwartskunst, Z\u00fcrich<br><\/p>\n","protected":false},"excerpt":{"rendered":"<p>Werke in Sammlungen Stedelijk Museum, AmsterdamKunstmuseum Walter, AugsburgKunstbibliothek der Staatlichen Museen zu BerlinKupferstichkabinett der Staatlichen Museen zu BerlinSammlung Ingrid und Dr. Georg B\u00f6ckmann, BerlinSammlung Erika und Rolf Hoffmann, BerlinSammlung zeitgen\u00f6ssischer Kunst der Bundesrepublik Deutschland, BonnSammlung zeitgen\u00f6ssischer Kunst, Europ\u00e4isches Parlament, Br\u00fcsselMuseum of Contemporary Art, ChicagoGemeentemuseum, Den Haag (Niederlande)Albertinum der Staatlichen Kunstsammlungen DresdenArchiv der Avantgarden \u2013 Egidio [&hellip;]<\/p>\n","protected":false},"author":1,"featured_media":0,"parent":937,"menu_order":2,"comment_status":"closed","ping_status":"closed","template":"kuenstler-text.php","meta":{"_acf_changed":false,"footnotes":""},"class_list":["post-1359","page","type-page","status-publish","hentry"],"acf":[],"_links":{"self":[{"href":"https:\/\/poll-berlin.de\/galerie\/wp-json\/wp\/v2\/pages\/1359","targetHints":{"allow":["GET"]}}],"collection":[{"href":"https:\/\/poll-berlin.de\/galerie\/wp-json\/wp\/v2\/pages"}],"about":[{"href":"https:\/\/poll-berlin.de\/galerie\/wp-json\/wp\/v2\/types\/page"}],"author":[{"embeddable":true,"href":"https:\/\/poll-berlin.de\/galerie\/wp-json\/wp\/v2\/users\/1"}],"replies":[{"embeddable":true,"href":"https:\/\/poll-berlin.de\/galerie\/wp-json\/wp\/v2\/comments?post=1359"}],"version-history":[{"count":11,"href":"https:\/\/poll-berlin.de\/galerie\/wp-json\/wp\/v2\/pages\/1359\/revisions"}],"predecessor-version":[{"id":44928,"href":"https:\/\/poll-berlin.de\/galerie\/wp-json\/wp\/v2\/pages\/1359\/revisions\/44928"}],"up":[{"embeddable":true,"href":"https:\/\/poll-berlin.de\/galerie\/wp-json\/wp\/v2\/pages\/937"}],"wp:attachment":[{"href":"https:\/\/poll-berlin.de\/galerie\/wp-json\/wp\/v2\/media?parent=1359"}],"curies":[{"name":"wp","href":"https:\/\/api.w.org\/{rel}","templated":true}]}}