{"id":1358,"date":"2022-03-03T18:05:51","date_gmt":"2022-03-03T17:05:51","guid":{"rendered":"https:\/\/poll-berlin.de\/galerie\/?page_id=1358"},"modified":"2025-12-10T17:41:51","modified_gmt":"2025-12-10T16:41:51","slug":"ausstellungen","status":"publish","type":"page","link":"https:\/\/poll-berlin.de\/galerie\/weitere-kuenstler\/a-r-penck\/ausstellungen\/","title":{"rendered":"Ausstellungen"},"content":{"rendered":"\n<p><strong>Einzelausstellungen (Auswahl)<\/strong><\/p>\n\n\n\n<div style=\"height:10px\" aria-hidden=\"true\" class=\"wp-block-spacer\"><\/div>\n\n\n\n<figure class=\"wp-block-table\"><table><tbody><tr><td>2023<\/td><td>Neues Museum N\u00fcrnberg<\/td><\/tr><tr><td>2022<\/td><td>Museum Jorn, Silkeborg (D\u00e4nemark)<br>White Cube, London<\/td><\/tr><tr><td>2021<\/td><td>Galerie Knoell, Basel<br>Museo d\u2019Arte, Mendrisio (Schweiz)<br>Michael Werner Gallery, London<\/td><\/tr><tr><td>2020<\/td><td>Kunstmuseum Den Haag<\/td><\/tr><tr><td>2019<\/td><td>Albertinum der Staatliche Kunstsammlungen Dresden<\/td><\/tr><tr><td>2018<\/td><td>Kunsthalle Erfurt<br>Galerie Michael Haas, Berlin<br>Michael Werner Gallery, London<\/td><\/tr><tr><td>2017<\/td><td>Fosun Foundation, Shanghai<\/td><\/tr><tr><td>2016<\/td><td>Michael Werner Gallery, New York City<\/td><\/tr><tr><td>2014<\/td><td>St\u00e4dtische Galerie Dresden<br>Kunstkabinett, Regensburg<\/td><\/tr><tr><td>2012<\/td><td>Hall Art Foundation, Reading (USA)<\/td><\/tr><tr><td>2011<\/td><td>Kunstsammlungen Chemnitz<br>Bundeskunsthalle, Bonn<\/td><\/tr><tr><td>2010<\/td><td>Museum Ludwig, K\u00f6ln<br>Kunsthalle Rostock<\/td><\/tr><tr><td>2009<\/td><td>Weserburg Museum f\u00fcr moderene Kunst, Bremen<br>Michael Werner Gallery, New York City<\/td><\/tr><tr><td>2008<\/td><td>St\u00e4dtische Galerie Dresden<br>Mus\u00e9e d\u2019Art Moderne de la Ville de Paris<\/td><\/tr><tr><td>2007-2008<\/td><td>Schirn Kunsthalle Frankfurt<\/td><\/tr><tr><td>2007<\/td><td>Kunsthalle zu Kiel<br>Neues Museum N\u00fcrnberg<br>Aargauer Kunsthaus (Schweiz)<\/td><\/tr><tr><td>2005<\/td><td>Ludwig Museum &#8211; Museum zeitgen\u00f6ssischer Kunst, Budapest<br>Deutsche Guggenheim, Berlin<br>Kunsthalle Emden<\/td><\/tr><tr><td>2004<\/td><td>Patrick Painter Inc., Santa Monica (USA)<\/td><\/tr><tr><td>2003<\/td><td>Museum K\u00fcppersm\u00fchle f\u00fcr Moderne Kunst, Duisburg<br>St\u00e4dtische Galerie Sonneberg<br>Kunsthalle, T\u00fcbingen<\/td><\/tr><tr><td>1999-2000<\/td><td>St\u00e4dtische Museen Heilbronn<br>Gerhard-Marcks-Haus, Bremen<br>Kunsthalle Recklinghausen<br>Deutsche Bank Luxembourg<br>Georg Kolbe Museum, Berlin<br>Museum Sinclair-Haus, Bad Homburg<\/td><\/tr><tr><td>1996<\/td><td>Michael Werner Gallery, New York City<\/td><\/tr><tr><td>1992<\/td><td>Albertinum der Staatlichen Kunstsammlungen Dresden<\/td><\/tr><tr><td>1988<\/td><td>Neue Nationalgalerie der Staatlichen Museen zu Berlin<br>Kestner Gesellschaft, Hannover<\/td><\/tr><tr><td>1980<\/td><td>Gerhard-Marcks-Haus, Bremen<\/td><\/tr><tr><td>1975<\/td><td>Kunsthalle Bern<\/td><\/tr><tr><td>1968<\/td><td>Galerie Hake, K\u00f6ln<\/td><\/tr><\/tbody><\/table><\/figure>\n\n\n\n<div style=\"height:10px\" aria-hidden=\"true\" class=\"wp-block-spacer\"><\/div>\n\n\n\n<p><strong>Gruppenausstellungen (Auswahl)<\/strong><\/p>\n\n\n\n<div style=\"height:10px\" aria-hidden=\"true\" class=\"wp-block-spacer\"><\/div>\n\n\n\n<figure class=\"wp-block-table\"><table><tbody><tr><td>2023<\/td><td>Museum Jorn, Silkeborg (D\u00e4nemark)<br>Pinakothek der Moderne, M\u00fcnchen<br>Neuer Berliner Kunstverein (NBK)<br>Neue Nationalgalerie der Staatlichen Museen zu Berlin<\/td><\/tr><tr><td>2022<\/td><td>Ashmolean Museum, Oxford<\/td><\/tr><tr><td>2020<\/td><td>Galerie Jochen Hempel, Leipzig<\/td><\/tr><tr><td>2018<\/td><td>Ludwig Forum f\u00fcr Internationale Kunst, Aachen<\/td><\/tr><tr><td>2017<\/td><td>Imperial Ancestral Temple, Peking<br>CAFA Art Museum, Peking<br>Albertinum der Staatlichen Kunstsammlungen Dresden<br>Kupferstichkabinett der Staatlichen Museen zu Berlin<br>Kunsthaus Dresden<\/td><\/tr><tr><td>2016<\/td><td>Martin-Gropius-Bau, Berlin<br>Arsen\u0101ls Exhibition Hall, Riga<br>Stedelijk Museum Amsterdam<br>ZKM | Zentrum f\u00fcr Kunst und Medien, Karlsruhe<br>Bozar Centre for Fine Arts, Br\u00fcssel<br>Puschkin-Museum, Moskau<\/td><\/tr><tr><td>2013<\/td><td>Galerie Winter, Wiesbaden<\/td><\/tr><tr><td>2011<\/td><td>Martin-Gropius-Bau, Berlin<br>Chinesisches Nationalmuseum, Peking<\/td><\/tr><tr><td>2012<\/td><td>Neues Museum Weimar<br>Kunstakademie D\u00fcsseldorf<\/td><\/tr><tr><td>2010<\/td><td>St\u00e4dtische Galerie Dresden<\/td><\/tr><tr><td>2009<\/td><td>Los Angeles County Museum of Art<br>Germanisches Nationalmuseum, N\u00fcrnberg<br>Deutsches Historisches Museum, Berlin<\/td><\/tr><tr><td>2006<\/td><td>Nationalmuseum f\u00fcr moderne und zeitgen\u00f6ssische Kunst, Seoul<br>Lehmbruck-Museum, Duisburg<br>Museum of Modern Art, New York City<br>Museum Liner, Appenzell (Schweiz)<br>Kunstverein Kassel<br>Leopold Museum, Wien<\/td><\/tr><tr><td>2004<\/td><td>White Space Gallery, Peking<br>St\u00e4del Museum, Frankfurt am Main<br>Museo Nacional de Bellas Artes, Santiago<br>Museo Nacional de Arte Decorativo, Buenos Aires<\/td><\/tr><tr><td>2003<\/td><td>Museu de Arte Moderna, S\u00e3o Paulo<br>Saint Louis Art Museum (USA)<br>Martin-Gropius-Bau, Berlin<br>Museum Dhondt-Dhaenens, Deurle (Belgien)<br>Neue Nationalgalerie der Staatlichen Mussen zu Berlin<\/td><\/tr><tr><td>1997<\/td><td>Fondation Maeght, Saint-Paul-de-Vence (Frankreich)<\/td><\/tr><tr><td>1994<\/td><td>Galerie Eva Poll, Berlin<\/td><\/tr><tr><td>1985<\/td><td>Royal Academy of Arts, London<\/td><\/tr><tr><td>1984<\/td><td>41. Biennale in Venedig<\/td><\/tr><tr><td>1982<\/td><td>documenta 7, Kassel<br>Martin-Gropius-Bau, Berlin<\/td><\/tr><tr><td>1979<\/td><td>Kunstverein Hamburg<\/td><\/tr><tr><td>1976<\/td><td>documenta 6, Kassel<\/td><\/tr><tr><td>1972<\/td><td>documenta 5, Kassel<\/td><\/tr><\/tbody><\/table><\/figure>\n","protected":false},"excerpt":{"rendered":"<p>Einzelausstellungen (Auswahl) 2023 Neues Museum N\u00fcrnberg 2022 Museum Jorn, Silkeborg (D\u00e4nemark)White Cube, London 2021 Galerie Knoell, BaselMuseo d\u2019Arte, Mendrisio (Schweiz)Michael Werner Gallery, London 2020 Kunstmuseum Den Haag 2019 Albertinum der Staatliche Kunstsammlungen Dresden 2018 Kunsthalle ErfurtGalerie Michael Haas, BerlinMichael Werner Gallery, London 2017 Fosun Foundation, Shanghai 2016 Michael Werner Gallery, New York City 2014 St\u00e4dtische [&hellip;]<\/p>\n","protected":false},"author":1,"featured_media":0,"parent":937,"menu_order":1,"comment_status":"closed","ping_status":"closed","template":"kuenstler-text.php","meta":{"_acf_changed":false,"footnotes":""},"class_list":["post-1358","page","type-page","status-publish","hentry"],"acf":[],"_links":{"self":[{"href":"https:\/\/poll-berlin.de\/galerie\/wp-json\/wp\/v2\/pages\/1358","targetHints":{"allow":["GET"]}}],"collection":[{"href":"https:\/\/poll-berlin.de\/galerie\/wp-json\/wp\/v2\/pages"}],"about":[{"href":"https:\/\/poll-berlin.de\/galerie\/wp-json\/wp\/v2\/types\/page"}],"author":[{"embeddable":true,"href":"https:\/\/poll-berlin.de\/galerie\/wp-json\/wp\/v2\/users\/1"}],"replies":[{"embeddable":true,"href":"https:\/\/poll-berlin.de\/galerie\/wp-json\/wp\/v2\/comments?post=1358"}],"version-history":[{"count":8,"href":"https:\/\/poll-berlin.de\/galerie\/wp-json\/wp\/v2\/pages\/1358\/revisions"}],"predecessor-version":[{"id":44927,"href":"https:\/\/poll-berlin.de\/galerie\/wp-json\/wp\/v2\/pages\/1358\/revisions\/44927"}],"up":[{"embeddable":true,"href":"https:\/\/poll-berlin.de\/galerie\/wp-json\/wp\/v2\/pages\/937"}],"wp:attachment":[{"href":"https:\/\/poll-berlin.de\/galerie\/wp-json\/wp\/v2\/media?parent=1358"}],"curies":[{"name":"wp","href":"https:\/\/api.w.org\/{rel}","templated":true}]}}