{"id":1357,"date":"2022-03-03T14:32:17","date_gmt":"2022-03-03T13:32:17","guid":{"rendered":"https:\/\/poll-berlin.de\/galerie\/?page_id=1357"},"modified":"2024-03-12T18:41:18","modified_gmt":"2024-03-12T17:41:18","slug":"biografie","status":"publish","type":"page","link":"https:\/\/poll-berlin.de\/galerie\/weitere-kuenstler\/a-r-penck\/biografie\/","title":{"rendered":"Biografie"},"content":{"rendered":"\n<p><strong>Biografie<\/strong><\/p>\n\n\n\n<div style=\"height:10px\" aria-hidden=\"true\" class=\"wp-block-spacer\"><\/div>\n\n\n\n<figure class=\"wp-block-table\"><table><tbody><tr><td>1939<\/td><td>geboren als Ralf Winkler in Dresden<\/td><\/tr><tr><td>1953-1954<\/td><td>Malkurs an der Volkshochschule bei J\u00fcrgen B\u00f6ttcher (Strawalde)<\/td><\/tr><tr><td>1955-1956<\/td><td>Lehre zum Werbezeichner bei der DEWAG Dresden<br>Abbruch und Arbeit als Heizer, Postbote und Nachtw\u00e4chter<\/td><\/tr><tr><td>1956-1957<\/td><td>Abendkurs an der Hochschule f\u00fcr Bildende K\u00fcnste Dresden bei Prof. Bernhard Kretzschmar<\/td><\/tr><tr><td>1968<\/td><td>Annahme des Pseudonyms A. R. Penck<\/td><\/tr><tr><td>1970<\/td><td>Mitbegr\u00fcnder der K\u00fcnstlergruppe \u201eL\u00fccke\u201c in Dresden<\/td><\/tr><tr><td>1972-1973<\/td><td>Umzug nach Lindenau (Schneeberg), Milit\u00e4rdienst, Annahme des Pseudonyms Mike Hammer<\/td><\/tr><tr><td>1976<\/td><td>Aufenthalt in Budapest, Umzug nach Dresden, Zusammenarbeit mit J\u00f6rg Immendorff<\/td><\/tr><tr><td>1978<\/td><td>Mitbegr\u00fcnder der Obergrabenpresse Dresden<\/td><\/tr><tr><td>1980<\/td><td>gezwungen die DDR zu verlassen, Ausreise nach Kerpen<\/td><\/tr><tr><td>1983<\/td><td>Aufenthalt in Israel, Umzug nach London<\/td><\/tr><tr><td>1988-2003<\/td><td>Professur f\u00fcr Malerei an der Kunstakademie D\u00fcsseldorf<\/td><\/tr><tr><td>2003<\/td><td>Umzug nach Dublin<\/td><\/tr><tr><td>2017<\/td><td>gestorben in Z\u00fcrich<\/td><\/tr><\/tbody><\/table><\/figure>\n\n\n\n<div style=\"height:10px\" aria-hidden=\"true\" class=\"wp-block-spacer\"><\/div>\n\n\n\n<p><strong>Preise und Stipendien<\/strong><\/p>\n\n\n\n<div style=\"height:10px\" aria-hidden=\"true\" class=\"wp-block-spacer\"><\/div>\n\n\n\n<figure class=\"wp-block-table\"><table><tbody><tr><td>1987<\/td><td>Preistr\u00e4ger der Nord-LB, Hannover<\/td><\/tr><tr><td>1985<\/td><td>Kunstpreis Aachen<\/td><\/tr><tr><td>1981<\/td><td>Rembrandt-Preis der Goethe-Stiftung in Basel<\/td><\/tr><tr><td>1975<\/td><td>Will-Grohmann-Preis der Akademie der K\u00fcnste, Berlin<\/td><\/tr><\/tbody><\/table><\/figure>\n","protected":false},"excerpt":{"rendered":"<p>Biografie 1939 geboren als Ralf Winkler in Dresden 1953-1954 Malkurs an der Volkshochschule bei J\u00fcrgen B\u00f6ttcher (Strawalde) 1955-1956 Lehre zum Werbezeichner bei der DEWAG DresdenAbbruch und Arbeit als Heizer, Postbote und Nachtw\u00e4chter 1956-1957 Abendkurs an der Hochschule f\u00fcr Bildende K\u00fcnste Dresden bei Prof. Bernhard Kretzschmar 1968 Annahme des Pseudonyms A. R. Penck 1970 Mitbegr\u00fcnder der [&hellip;]<\/p>\n","protected":false},"author":1,"featured_media":0,"parent":937,"menu_order":0,"comment_status":"closed","ping_status":"closed","template":"kuenstler-text.php","meta":{"_acf_changed":false,"footnotes":""},"class_list":["post-1357","page","type-page","status-publish","hentry"],"acf":[],"_links":{"self":[{"href":"https:\/\/poll-berlin.de\/galerie\/wp-json\/wp\/v2\/pages\/1357","targetHints":{"allow":["GET"]}}],"collection":[{"href":"https:\/\/poll-berlin.de\/galerie\/wp-json\/wp\/v2\/pages"}],"about":[{"href":"https:\/\/poll-berlin.de\/galerie\/wp-json\/wp\/v2\/types\/page"}],"author":[{"embeddable":true,"href":"https:\/\/poll-berlin.de\/galerie\/wp-json\/wp\/v2\/users\/1"}],"replies":[{"embeddable":true,"href":"https:\/\/poll-berlin.de\/galerie\/wp-json\/wp\/v2\/comments?post=1357"}],"version-history":[{"count":8,"href":"https:\/\/poll-berlin.de\/galerie\/wp-json\/wp\/v2\/pages\/1357\/revisions"}],"predecessor-version":[{"id":36502,"href":"https:\/\/poll-berlin.de\/galerie\/wp-json\/wp\/v2\/pages\/1357\/revisions\/36502"}],"up":[{"embeddable":true,"href":"https:\/\/poll-berlin.de\/galerie\/wp-json\/wp\/v2\/pages\/937"}],"wp:attachment":[{"href":"https:\/\/poll-berlin.de\/galerie\/wp-json\/wp\/v2\/media?parent=1357"}],"curies":[{"name":"wp","href":"https:\/\/api.w.org\/{rel}","templated":true}]}}