{"id":1350,"date":"2022-02-17T14:59:26","date_gmt":"2022-02-17T13:59:26","guid":{"rendered":"https:\/\/poll-berlin.de\/galerie\/?page_id=1350"},"modified":"2025-12-10T17:40:11","modified_gmt":"2025-12-10T16:40:11","slug":"ausstellungen","status":"publish","type":"page","link":"https:\/\/poll-berlin.de\/galerie\/weitere-kuenstler\/siegfried-neuenhausen\/ausstellungen\/","title":{"rendered":"Ausstellungen"},"content":{"rendered":"\n<p><strong>Einzelausstellungen (Auswahl)<\/strong><\/p>\n\n\n\n<div style=\"height:10px\" aria-hidden=\"true\" class=\"wp-block-spacer\"><\/div>\n\n\n\n<figure class=\"wp-block-table\"><table><tbody><tr><td>2024<\/td><td>St\u00e4dtisches Museum Braunschweig<\/td><\/tr><tr><td>2023<\/td><td>St\u00e4dtische Galerie KUBUS, Hannover<\/td><\/tr><tr><td>2022<\/td><td>Kunstverein Wolfenb\u00fcttel<br>St\u00e4dtische Galerie KUBUS, Hannover<br>Galerie vom Zufall und vom Gl\u00fcck, Hannover<\/td><\/tr><tr><td>2016-2017<\/td><td>Sprengel Museum Hannover<\/td><\/tr><tr><td>2015<\/td><td>Forum Kunst Rottweil<br>Gerhard-Marcks-Haus, Bremen<\/td><\/tr><tr><td>2011<\/td><td>Kunstverein Hannover<br>Sprengel Museum Hannover<br>St\u00e4dtische Galerie KUBUS, Hannover<\/td><\/tr><tr><td>2005<\/td><td>Kunstverein Soltau<\/td><\/tr><tr><td>2004<\/td><td>Galerie Tiedt (mit Lienhard von Monkiewitsch)<\/td><\/tr><tr><td>2001<\/td><td>M\u00f6nchehaus Museum, Goslar<br>Galerie der Norddeutschen Landesbank Hannover<\/td><\/tr><tr><td>1997<\/td><td>Kumho Museum of Art, Seoul<\/td><\/tr><tr><td>1996<\/td><td>Kunstverein Wolfenb\u00fcttel<\/td><\/tr><tr><td>1991<\/td><td>Moody Gallery, Houston (USA)<\/td><\/tr><tr><td>1990<\/td><td>Kunsthalle Poznan (Polen)<br>Kunstverein Langenhagen<br>The Art Institute of San Antonio (USA)<\/td><\/tr><tr><td>1989<\/td><td>Kunsthalle Rostock<\/td><\/tr><tr><td>1983<\/td><td>Kunstverein Hannover<\/td><\/tr><tr><td>1982<\/td><td>Ladengalerie, Berlin<\/td><\/tr><tr><td>1975<\/td><td>Galerie Apex, G\u00f6ttingen<br>Neue Gesellschaft f\u00fcr bildende Kunst, Berlin<\/td><\/tr><tr><td>1974<\/td><td>Kunstverein Oldenburg<\/td><\/tr><tr><td>1973<\/td><td>Museum Folkwang, Essen<br>Herzog Anton Ulrich-Museum, Braunschweig<br>LVR-LandesMuseum Bonn<\/td><\/tr><tr><td>1972<\/td><td>Kunsthalle Kiel<br>Karl-Ernst-Osthaus-Museum, Hagen<\/td><\/tr><tr><td>1971<\/td><td>Museum Bochum<br>Neue Galerie &#8211; Sammlung Ludwig, Aachen<\/td><\/tr><tr><td>1970<\/td><td>Galerie Eva Poll, Berlin<\/td><\/tr><tr><td>1968<\/td><td>Von der Heydt-Museum, Wuppertal<\/td><\/tr><tr><td>1967<\/td><td>Gro\u00dfg\u00f6rschen 35, Berlin<\/td><\/tr><tr><td>1965<\/td><td>Galerie H., Hannover<\/td><\/tr><tr><td>1962<\/td><td>Galerie Seide, Hannover<\/td><\/tr><\/tbody><\/table><\/figure>\n\n\n\n<div style=\"height:10px\" aria-hidden=\"true\" class=\"wp-block-spacer\"><\/div>\n\n\n\n<p><strong>Gruppenausstellungen (Auswahl)<\/strong><\/p>\n\n\n\n<div style=\"height:10px\" aria-hidden=\"true\" class=\"wp-block-spacer\"><\/div>\n\n\n\n<figure class=\"wp-block-table\"><table><tbody><tr><td>2023<\/td><td>Wilhelm-Hack-Museum, Ludwigshafen am Rhein<\/td><\/tr><tr><td>2020<\/td><td>Ludwig Forum f\u00fcr Internationale Kunst, Aachen<\/td><\/tr><tr><td>2018<\/td><td>Kornbrennerei Hainholz, Hannover<br>Ludwig Forum f\u00fcr Internationale Kunst, Aachen<\/td><\/tr><tr><td>2015<\/td><td>Galerie Alte Schule Adlershof, Berlin<\/td><\/tr><tr><td>2013<\/td><td>Edelhof Ricklingen, Hannover<\/td><\/tr><tr><td>2010<\/td><td>Museum Schloss Salder, Salzgitter<\/td><\/tr><tr><td>2007<\/td><td>Sprengel Museum Hannover<\/td><\/tr><tr><td>2006<\/td><td>Ludwiggalerie Schloss Oberhausen<\/td><\/tr><tr><td>2002-2003<\/td><td>\u201eKunst auf Rezept\u201c, Wanderausstellung<\/td><\/tr><tr><td>2000<\/td><td>St\u00e4dtische Galerie KUBUS, Hannover<br>Ludwig Forum f\u00fcr Internationale Kunst, Aachen<\/td><\/tr><tr><td>1999<\/td><td>St\u00e4dtische Museen Heilbronn<\/td><\/tr><tr><td>1996<\/td><td>Galerie Brose-Eiermann, Dresden<\/td><\/tr><tr><td>1993<\/td><td>Galerie Eva Poll, Berlin<\/td><\/tr><tr><td>1991<\/td><td>Kunstverein Wolfenb\u00fcttel<br>St\u00e4dtische Galerie KUBUS, Hannover<\/td><\/tr><tr><td>1989<\/td><td>Kunsthalle Rostock<\/td><\/tr><tr><td>1985<\/td><td>Kunstverein Hannover<\/td><\/tr><tr><td>1984<\/td><td>Galerie Eva Poll, Berlin<\/td><\/tr><tr><td>1981<\/td><td>Neuer Berliner Kunstverein (NBK)<\/td><\/tr><tr><td>1980<\/td><td>Neue Nationalgalerie der Staatlichen Museen zu Berlin<\/td><\/tr><tr><td>1978<\/td><td>Haus am Waldsee, Berlin<br>Kunstverein Hannover<br>Kunstverein Hamburg<\/td><\/tr><tr><td>1976<\/td><td>Kunsthalle Mannheim<br>Lehmbruck-Museum, Duisburg<\/td><\/tr><tr><td>1975<\/td><td>Kupferstichkabinett der Staatlichen Museen zu Berlin<\/td><\/tr><tr><td>1974<\/td><td>Kunstverein Konstanz<br>Ateneum, Helsinki<br>Kunstverein Hamburg<\/td><\/tr><tr><td>1972<\/td><td>St\u00e4dtisches Museum Schloss Morsbroich, Leverkusen<\/td><\/tr><tr><td>1971<\/td><td>Haus am Waldsee, Berlin<\/td><\/tr><tr><td>1968<\/td><td>Lehmbruck-Museum, Duisburg<br>Kunstverein Hannover<br>Karl-Ernst-Osthaus-Museum, Hagen<\/td><\/tr><\/tbody><\/table><\/figure>\n","protected":false},"excerpt":{"rendered":"<p>Einzelausstellungen (Auswahl) 2024 St\u00e4dtisches Museum Braunschweig 2023 St\u00e4dtische Galerie KUBUS, Hannover 2022 Kunstverein Wolfenb\u00fcttelSt\u00e4dtische Galerie KUBUS, HannoverGalerie vom Zufall und vom Gl\u00fcck, Hannover 2016-2017 Sprengel Museum Hannover 2015 Forum Kunst RottweilGerhard-Marcks-Haus, Bremen 2011 Kunstverein HannoverSprengel Museum HannoverSt\u00e4dtische Galerie KUBUS, Hannover 2005 Kunstverein Soltau 2004 Galerie Tiedt (mit Lienhard von Monkiewitsch) 2001 M\u00f6nchehaus Museum, GoslarGalerie der [&hellip;]<\/p>\n","protected":false},"author":1,"featured_media":0,"parent":936,"menu_order":1,"comment_status":"closed","ping_status":"closed","template":"kuenstler-text.php","meta":{"_acf_changed":false,"footnotes":""},"class_list":["post-1350","page","type-page","status-publish","hentry"],"acf":[],"_links":{"self":[{"href":"https:\/\/poll-berlin.de\/galerie\/wp-json\/wp\/v2\/pages\/1350","targetHints":{"allow":["GET"]}}],"collection":[{"href":"https:\/\/poll-berlin.de\/galerie\/wp-json\/wp\/v2\/pages"}],"about":[{"href":"https:\/\/poll-berlin.de\/galerie\/wp-json\/wp\/v2\/types\/page"}],"author":[{"embeddable":true,"href":"https:\/\/poll-berlin.de\/galerie\/wp-json\/wp\/v2\/users\/1"}],"replies":[{"embeddable":true,"href":"https:\/\/poll-berlin.de\/galerie\/wp-json\/wp\/v2\/comments?post=1350"}],"version-history":[{"count":13,"href":"https:\/\/poll-berlin.de\/galerie\/wp-json\/wp\/v2\/pages\/1350\/revisions"}],"predecessor-version":[{"id":44926,"href":"https:\/\/poll-berlin.de\/galerie\/wp-json\/wp\/v2\/pages\/1350\/revisions\/44926"}],"up":[{"embeddable":true,"href":"https:\/\/poll-berlin.de\/galerie\/wp-json\/wp\/v2\/pages\/936"}],"wp:attachment":[{"href":"https:\/\/poll-berlin.de\/galerie\/wp-json\/wp\/v2\/media?parent=1350"}],"curies":[{"name":"wp","href":"https:\/\/api.w.org\/{rel}","templated":true}]}}