{"id":1349,"date":"2022-02-17T14:23:52","date_gmt":"2022-02-17T13:23:52","guid":{"rendered":"https:\/\/poll-berlin.de\/galerie\/?page_id=1349"},"modified":"2024-03-12T18:31:53","modified_gmt":"2024-03-12T17:31:53","slug":"biografie","status":"publish","type":"page","link":"https:\/\/poll-berlin.de\/galerie\/weitere-kuenstler\/siegfried-neuenhausen\/biografie\/","title":{"rendered":"Biografie"},"content":{"rendered":"\n<p><strong>Biografie<\/strong><\/p>\n\n\n\n<div style=\"height:10px\" aria-hidden=\"true\" class=\"wp-block-spacer\"><\/div>\n\n\n\n<figure class=\"wp-block-table\"><table><tbody><tr><td>1931<\/td><td>geboren in Dormagen<\/td><\/tr><tr><td>1952-1959<\/td><td>Studium der Malerei an der Kunstakademie D\u00fcsseldorf und Philosophie an der Universit\u00e4t zu K\u00f6ln<\/td><\/tr><tr><td>1960-1964<\/td><td>Arbeit als Kunsterzieher in Hannover<\/td><\/tr><tr><td>1964-1996<\/td><td>Professur an der Hochschule f\u00fcr Bildende K\u00fcnste Braunschweig<\/td><\/tr><tr><td>1969-1987<\/td><td>Mitherausgeber der Zeitschrift \u201eKunst+Unterricht\u201d<\/td><\/tr><tr><td>1977-1982<\/td><td>Bildhauerprojekte im Bremer Gef\u00e4ngnis und in den Psychiatrien Wunstorf und Ochsenzoll (Hamburg)<\/td><\/tr><tr><td>1983<\/td><td>Kauf der Kornbrennerei in Hannover-Hainholz<\/td><\/tr><tr><td>1985-1988<\/td><td>Erster Vorsitzender des Deutschen K\u00fcnstlerbundes<\/td><\/tr><tr><td>1990<\/td><td>Gastprofessur in San Antonio (USA)<\/td><\/tr><tr><td>1996<\/td><td>Gastprofessur in Bandung (Indonesien)<\/td><\/tr><\/tbody><\/table><\/figure>\n\n\n\n<p>Siegfried Neuenhausen lebt und arbeitet in Hannover.<\/p>\n\n\n\n<div style=\"height:10px\" aria-hidden=\"true\" class=\"wp-block-spacer\"><\/div>\n\n\n\n<p><strong>Preise und Stipendien<\/strong><\/p>\n\n\n\n<div style=\"height:10px\" aria-hidden=\"true\" class=\"wp-block-spacer\"><\/div>\n\n\n\n<figure class=\"wp-block-table\"><table><tbody><tr><td>2011<\/td><td>Innovationspreis Soziokultur (Fonds Soziokultur)<\/td><\/tr><tr><td>1989<\/td><td>Kunstpreis der Nieders\u00e4chsischen SPD-Landtagsfraktion<\/td><\/tr><tr><td>1988<\/td><td>Bundesverdienstkreuz, 1. Klasse<\/td><\/tr><tr><td>1986<\/td><td>Kunstpreis der Stadtsparkasse Hannover und des Kunstvereins Hannover<\/td><\/tr><tr><td>1956-1960<\/td><td>Stipendium der Studienstiftung des Deutschen Volkes<\/td><\/tr><\/tbody><\/table><\/figure>\n","protected":false},"excerpt":{"rendered":"<p>Biografie 1931 geboren in Dormagen 1952-1959 Studium der Malerei an der Kunstakademie D\u00fcsseldorf und Philosophie an der Universit\u00e4t zu K\u00f6ln 1960-1964 Arbeit als Kunsterzieher in Hannover 1964-1996 Professur an der Hochschule f\u00fcr Bildende K\u00fcnste Braunschweig 1969-1987 Mitherausgeber der Zeitschrift \u201eKunst+Unterricht\u201d 1977-1982 Bildhauerprojekte im Bremer Gef\u00e4ngnis und in den Psychiatrien Wunstorf und Ochsenzoll (Hamburg) 1983 Kauf [&hellip;]<\/p>\n","protected":false},"author":1,"featured_media":0,"parent":936,"menu_order":0,"comment_status":"closed","ping_status":"closed","template":"kuenstler-text.php","meta":{"_acf_changed":false,"footnotes":""},"class_list":["post-1349","page","type-page","status-publish","hentry"],"acf":[],"_links":{"self":[{"href":"https:\/\/poll-berlin.de\/galerie\/wp-json\/wp\/v2\/pages\/1349","targetHints":{"allow":["GET"]}}],"collection":[{"href":"https:\/\/poll-berlin.de\/galerie\/wp-json\/wp\/v2\/pages"}],"about":[{"href":"https:\/\/poll-berlin.de\/galerie\/wp-json\/wp\/v2\/types\/page"}],"author":[{"embeddable":true,"href":"https:\/\/poll-berlin.de\/galerie\/wp-json\/wp\/v2\/users\/1"}],"replies":[{"embeddable":true,"href":"https:\/\/poll-berlin.de\/galerie\/wp-json\/wp\/v2\/comments?post=1349"}],"version-history":[{"count":6,"href":"https:\/\/poll-berlin.de\/galerie\/wp-json\/wp\/v2\/pages\/1349\/revisions"}],"predecessor-version":[{"id":36494,"href":"https:\/\/poll-berlin.de\/galerie\/wp-json\/wp\/v2\/pages\/1349\/revisions\/36494"}],"up":[{"embeddable":true,"href":"https:\/\/poll-berlin.de\/galerie\/wp-json\/wp\/v2\/pages\/936"}],"wp:attachment":[{"href":"https:\/\/poll-berlin.de\/galerie\/wp-json\/wp\/v2\/media?parent=1349"}],"curies":[{"name":"wp","href":"https:\/\/api.w.org\/{rel}","templated":true}]}}