{"id":1330,"date":"2024-10-16T13:50:17","date_gmt":"2024-10-16T11:50:17","guid":{"rendered":"https:\/\/poll-berlin.de\/galerie\/?page_id=1330"},"modified":"2024-12-04T15:16:37","modified_gmt":"2024-12-04T14:16:37","slug":"katalog-1-klasen","status":"publish","type":"page","link":"https:\/\/poll-berlin.de\/galerie\/weitere-kuenstler\/peter-klasen\/kataloge\/katalog-1-klasen\/","title":{"rendered":"Katalog 1 &#8211; Klasen"},"content":{"rendered":"\n<p><strong>Peter Klasen<\/strong><br>Bernhard No\u00ebl (Hrsg.), Texte von Bernhard No\u00ebl, G\u00e9rald Gassiot-Talabaut und Gilbert Lascault, frz., Paris 1983, 28,8 x 21,1 cm, 140 Seiten, 200 S\/W- und Farbabbildungen<br>15 Euro<\/p>\n\n\n<a id=\"mailinger\" href=\"mailto:galerie@poll-berlin.de?subject=Bestellung Katalog 1 &#8211; Klasen&amp;body=Hiermit bestelle ich verbindlich den Katalog \u201ePeter Klasen\u201c zu einem Preis von 15 Euro (zzgl. Versand). Bitte teilen Sie mir die entsprechende Bankverbindung mit.%0D%0AMeine Adresse lautet:%0D%0A%0D%0AInstitution:%0D%0AVorname, Name:%0D%0AStra\u00dfe, Haus-Nr.:%0D%0APLZ, Stadt:%0D%0ALand:\" title=\"Bestellung\">Bestellung<\/a>\n","protected":false},"excerpt":{"rendered":"<p>Peter KlasenBernhard No\u00ebl (Hrsg.), Texte von Bernhard No\u00ebl, G\u00e9rald Gassiot-Talabaut und Gilbert Lascault, frz., Paris 1983, 28,8 x 21,1 cm, 140 Seiten, 200 S\/W- und Farbabbildungen15 Euro<\/p>\n","protected":false},"author":1,"featured_media":39195,"parent":1329,"menu_order":0,"comment_status":"closed","ping_status":"closed","template":"kuenstler-katalog.php","meta":{"_acf_changed":false,"footnotes":""},"class_list":["post-1330","page","type-page","status-publish","has-post-thumbnail","hentry"],"acf":{"photo_gallery":{"bilder":[[]]}},"_links":{"self":[{"href":"https:\/\/poll-berlin.de\/galerie\/wp-json\/wp\/v2\/pages\/1330","targetHints":{"allow":["GET"]}}],"collection":[{"href":"https:\/\/poll-berlin.de\/galerie\/wp-json\/wp\/v2\/pages"}],"about":[{"href":"https:\/\/poll-berlin.de\/galerie\/wp-json\/wp\/v2\/types\/page"}],"author":[{"embeddable":true,"href":"https:\/\/poll-berlin.de\/galerie\/wp-json\/wp\/v2\/users\/1"}],"replies":[{"embeddable":true,"href":"https:\/\/poll-berlin.de\/galerie\/wp-json\/wp\/v2\/comments?post=1330"}],"version-history":[{"count":2,"href":"https:\/\/poll-berlin.de\/galerie\/wp-json\/wp\/v2\/pages\/1330\/revisions"}],"predecessor-version":[{"id":40244,"href":"https:\/\/poll-berlin.de\/galerie\/wp-json\/wp\/v2\/pages\/1330\/revisions\/40244"}],"up":[{"embeddable":true,"href":"https:\/\/poll-berlin.de\/galerie\/wp-json\/wp\/v2\/pages\/1329"}],"wp:featuredmedia":[{"embeddable":true,"href":"https:\/\/poll-berlin.de\/galerie\/wp-json\/wp\/v2\/media\/39195"}],"wp:attachment":[{"href":"https:\/\/poll-berlin.de\/galerie\/wp-json\/wp\/v2\/media?parent=1330"}],"curies":[{"name":"wp","href":"https:\/\/api.w.org\/{rel}","templated":true}]}}