{"id":1327,"date":"2025-07-09T13:30:26","date_gmt":"2025-07-09T11:30:26","guid":{"rendered":"https:\/\/poll-berlin.de\/galerie\/?page_id=1327"},"modified":"2025-12-10T17:38:09","modified_gmt":"2025-12-10T16:38:09","slug":"werke-in-sammlungen","status":"publish","type":"page","link":"https:\/\/poll-berlin.de\/galerie\/weitere-kuenstler\/peter-klasen\/werke-in-sammlungen\/","title":{"rendered":"Werke in Sammlungen"},"content":{"rendered":"\n<p><strong>Werke in Sammlungen (Auswahl)<\/strong><\/p>\n\n\n\n<p>Sammlung Ludwig, Aachen (Frankreich)<br>Kupferstichkabinett der Staatlichen Museen zu Berlin<br>Sammlung zeitgen\u00f6ssischer Kunst der Bundesrepublik Deutschland, Bonn<br>Art and Design Atomium Museum, Br\u00fcssel<br>Palais des Beaux-Arts, Br\u00fcssel<br>P\u2019Art Sino-Fran\u00e7ais, Canton (China)<br>Frac Auvergne, Clermont-Ferrand (Frankreich)<br>Mus\u00e9e CCC, Cuauht\u00e9moc (Mexiko)<br>Sammlung Karl Str\u00f6her, Darmstadt<br>Stiftung Wilhelm Lehmbruck Museum, Duisburg<br>Fondation Gandur pour l&#8217;Art, Genf<br>Museo Nacional de Bellas Artes, Havanna<br>Ito Cultural Foundation, Himeji (Japan)<br>Kunsthalle zu Kiel<br>Ludwig Museum, Koblenz<br>St\u00e4dtisches Museum Schloss Morsbroich, Leverkusen<br>Mus\u00e9e des Beaux-Arts de Li\u00e8ge (Belgien)<br>Museu Cole\u00e7\u00e3o Berardo, Lissabon<br>Muzeum Sztuki, Lodz (Polen)<br>Victoria and Albert Museum, London<br>Museum Behnhaus, L\u00fcbeck<br>Nationalmuseum f\u00fcr Geschichte und Kunst (Luxemburg)<br>Frac Rh\u00f4ne-Alpes, Lyon (Frankreich)<br>Centre Pompidou M\u00e1laga (Spanien)<br>Frac Provence-C\u00f4te d\u2019Azur,<strong> <\/strong>Marseille<br>Mus\u00e9e Cantini, Marseille<br>Frac Lorraine, Metz (Frankreich)<br>Mus\u00e9e des Beaux-Arts de Mons (Belgien)<br>Mus\u00e9e des Beaux-Arts de Nantes<br>Museum of Modern Art, New York City<br>Kunsthalle N\u00fcrnberg<br>Sammlung Ludwig der St\u00e4dtischen Galerie, Oberhausen<br>Provinciaal Museum voor Moderne Kunst, Ostende<br>Assembl\u00e9e nationale, Paris<br>Biblioth\u00e8que nationale de France, Paris<br>Centre Georges-Pompidou, Paris<br>Fonds national d&#8217;art contemporain, Paris<br>Maison Europ\u00e9enne de la Photographie, Paris<br>Mus\u00e9e d&#8217;Art Moderne de la Ville de Paris<br>Kunsthalle Recklinghausen<br>Frac Champagne-Ardenne, Reims<br>Schlumberger Research Center, Ridgefield (USA)<br>Museum Boijmans Van Beuningen, Rotterdam<br>Fondation Maeght, Saint-Paul-de-Vence (Frankreich)<br>Museo de la Solidaridad Salvador Allende, Santiago<br>Stiftung Schleswig-Holsteinische Landesmuseen, Schleswig<br>National Museum of Modern and Contemporary Art, Seoul<br>Mus\u00e9e d&#8217;art Moderne, Stra\u00dfburg<br>Tel Aviv Museum of Art (Israel)<br>Hara Museum of Contemporary Art, Tokio<br>Hedendaagse Kunst Utrecht<br>Museum moderner Kunst Stiftung Ludwig Wien<br><br><br><br><\/p>\n","protected":false},"excerpt":{"rendered":"<p>Werke in Sammlungen (Auswahl) Sammlung Ludwig, Aachen (Frankreich)Kupferstichkabinett der Staatlichen Museen zu BerlinSammlung zeitgen\u00f6ssischer Kunst der Bundesrepublik Deutschland, BonnArt and Design Atomium Museum, Br\u00fcsselPalais des Beaux-Arts, Br\u00fcsselP\u2019Art Sino-Fran\u00e7ais, Canton (China)Frac Auvergne, Clermont-Ferrand (Frankreich)Mus\u00e9e CCC, Cuauht\u00e9moc (Mexiko)Sammlung Karl Str\u00f6her, DarmstadtStiftung Wilhelm Lehmbruck Museum, DuisburgFondation Gandur pour l&#8217;Art, GenfMuseo Nacional de Bellas Artes, HavannaIto Cultural Foundation, Himeji [&hellip;]<\/p>\n","protected":false},"author":1,"featured_media":0,"parent":933,"menu_order":2,"comment_status":"closed","ping_status":"closed","template":"kuenstler-text.php","meta":{"_acf_changed":false,"footnotes":""},"class_list":["post-1327","page","type-page","status-publish","hentry"],"acf":[],"_links":{"self":[{"href":"https:\/\/poll-berlin.de\/galerie\/wp-json\/wp\/v2\/pages\/1327","targetHints":{"allow":["GET"]}}],"collection":[{"href":"https:\/\/poll-berlin.de\/galerie\/wp-json\/wp\/v2\/pages"}],"about":[{"href":"https:\/\/poll-berlin.de\/galerie\/wp-json\/wp\/v2\/types\/page"}],"author":[{"embeddable":true,"href":"https:\/\/poll-berlin.de\/galerie\/wp-json\/wp\/v2\/users\/1"}],"replies":[{"embeddable":true,"href":"https:\/\/poll-berlin.de\/galerie\/wp-json\/wp\/v2\/comments?post=1327"}],"version-history":[{"count":16,"href":"https:\/\/poll-berlin.de\/galerie\/wp-json\/wp\/v2\/pages\/1327\/revisions"}],"predecessor-version":[{"id":44924,"href":"https:\/\/poll-berlin.de\/galerie\/wp-json\/wp\/v2\/pages\/1327\/revisions\/44924"}],"up":[{"embeddable":true,"href":"https:\/\/poll-berlin.de\/galerie\/wp-json\/wp\/v2\/pages\/933"}],"wp:attachment":[{"href":"https:\/\/poll-berlin.de\/galerie\/wp-json\/wp\/v2\/media?parent=1327"}],"curies":[{"name":"wp","href":"https:\/\/api.w.org\/{rel}","templated":true}]}}