{"id":1318,"date":"2022-02-01T16:09:22","date_gmt":"2022-02-01T15:09:22","guid":{"rendered":"https:\/\/poll-berlin.de\/galerie\/?page_id=1318"},"modified":"2023-11-22T15:43:42","modified_gmt":"2023-11-22T14:43:42","slug":"ausstellungen","status":"publish","type":"page","link":"https:\/\/poll-berlin.de\/galerie\/weitere-kuenstler\/andreas-kaps\/ausstellungen\/","title":{"rendered":"Ausstellungen"},"content":{"rendered":"\n<p><strong>Einzelausstellungen<\/strong><\/p>\n\n\n\n<div style=\"height:10px\" aria-hidden=\"true\" class=\"wp-block-spacer\"><\/div>\n\n\n\n<figure class=\"wp-block-table\"><table><tbody><tr><td>2016<\/td><td>Schaulager der Galerie Poll, Berlin<\/td><\/tr><tr><td>2011<\/td><td>Kunststiftung Poll, Berlin<\/td><\/tr><tr><td>2006<\/td><td>Kunststiftung Poll, Berlin<\/td><\/tr><tr><td>2005<\/td><td>POLLstudio, Berlin<\/td><\/tr><tr><td>1992<\/td><td>Fabrikhalle Zauchwitz<\/td><\/tr><tr><td>1987<\/td><td>Galerie Poll, Berlin<\/td><\/tr><tr><td>1983<\/td><td>Galerie Poll, Berlin (mit Anne-Marie Nordin)<\/td><\/tr><tr><td>1981<\/td><td>Galerie Poll, Berlin<\/td><\/tr><\/tbody><\/table><\/figure>\n\n\n\n<div style=\"height:10px\" aria-hidden=\"true\" class=\"wp-block-spacer\"><\/div>\n\n\n\n<p><strong>Gruppenausstellungen<\/strong> <strong>(Auswahl)<\/strong><\/p>\n\n\n\n<div style=\"height:10px\" aria-hidden=\"true\" class=\"wp-block-spacer\"><\/div>\n\n\n\n<figure class=\"wp-block-table\"><table><tbody><tr><td>2016<\/td><td>Kunststiftung Poll, Berlin<\/td><\/tr><tr><td>2007<\/td><td>Kunststiftung Poll, Berlin<\/td><\/tr><tr><td>1996<\/td><td>Galerie Poll, Berlin<\/td><\/tr><tr><td>1982<\/td><td>Kunsthuset Stockholm<br>Kunstverein M\u00fcnchen<br>Galerie Eva Poll, Berlin<br>\u00c9cole Nationale Sup\u00e9rieure des Beaux-Arts, Paris<br>Hochschule der K\u00fcnste Berlin<\/td><\/tr><tr><td>1981<\/td><td>Goethe-Institut London<br>Centre National d&#8217;Art Contemporain, Nizza<\/td><\/tr><tr><td>1980<\/td><td>Galerie Eva Poll, Berlin<\/td><\/tr><tr><td>1979<\/td><td>Galerie B\u00f6ttcherstra\u00dfe, Bremen<\/td><\/tr><tr><td>1978<\/td><td>Galerie Eva Poll, Berlin<\/td><\/tr><\/tbody><\/table><\/figure>\n","protected":false},"excerpt":{"rendered":"<p>Einzelausstellungen 2016 Schaulager der Galerie Poll, Berlin 2011 Kunststiftung Poll, Berlin 2006 Kunststiftung Poll, Berlin 2005 POLLstudio, Berlin 1992 Fabrikhalle Zauchwitz 1987 Galerie Poll, Berlin 1983 Galerie Poll, Berlin (mit Anne-Marie Nordin) 1981 Galerie Poll, Berlin Gruppenausstellungen (Auswahl) 2016 Kunststiftung Poll, Berlin 2007 Kunststiftung Poll, Berlin 1996 Galerie Poll, Berlin 1982 Kunsthuset StockholmKunstverein M\u00fcnchenGalerie Eva [&hellip;]<\/p>\n","protected":false},"author":1,"featured_media":0,"parent":932,"menu_order":1,"comment_status":"closed","ping_status":"closed","template":"kuenstler-text.php","meta":{"_acf_changed":false,"footnotes":""},"class_list":["post-1318","page","type-page","status-publish","hentry"],"acf":[],"_links":{"self":[{"href":"https:\/\/poll-berlin.de\/galerie\/wp-json\/wp\/v2\/pages\/1318","targetHints":{"allow":["GET"]}}],"collection":[{"href":"https:\/\/poll-berlin.de\/galerie\/wp-json\/wp\/v2\/pages"}],"about":[{"href":"https:\/\/poll-berlin.de\/galerie\/wp-json\/wp\/v2\/types\/page"}],"author":[{"embeddable":true,"href":"https:\/\/poll-berlin.de\/galerie\/wp-json\/wp\/v2\/users\/1"}],"replies":[{"embeddable":true,"href":"https:\/\/poll-berlin.de\/galerie\/wp-json\/wp\/v2\/comments?post=1318"}],"version-history":[{"count":8,"href":"https:\/\/poll-berlin.de\/galerie\/wp-json\/wp\/v2\/pages\/1318\/revisions"}],"predecessor-version":[{"id":35512,"href":"https:\/\/poll-berlin.de\/galerie\/wp-json\/wp\/v2\/pages\/1318\/revisions\/35512"}],"up":[{"embeddable":true,"href":"https:\/\/poll-berlin.de\/galerie\/wp-json\/wp\/v2\/pages\/932"}],"wp:attachment":[{"href":"https:\/\/poll-berlin.de\/galerie\/wp-json\/wp\/v2\/media?parent=1318"}],"curies":[{"name":"wp","href":"https:\/\/api.w.org\/{rel}","templated":true}]}}