{"id":1317,"date":"2021-08-02T19:49:46","date_gmt":"2021-08-02T17:49:46","guid":{"rendered":"https:\/\/poll-berlin.de\/galerie\/?page_id=1317"},"modified":"2023-11-22T15:33:23","modified_gmt":"2023-11-22T14:33:23","slug":"biografie","status":"publish","type":"page","link":"https:\/\/poll-berlin.de\/galerie\/weitere-kuenstler\/andreas-kaps\/biografie\/","title":{"rendered":"Biografie"},"content":{"rendered":"\n<p><strong>Biografie<\/strong><\/p>\n\n\n\n<div style=\"height:10px\" aria-hidden=\"true\" class=\"wp-block-spacer\"><\/div>\n\n\n\n<figure class=\"wp-block-table\"><table><tbody><tr><td>1946<\/td><td>geboren in Langenberg (T\u00fcringen)<\/td><\/tr><tr><td>1966-1975<\/td><td>Studium der Wirtschaftswissenschaften an der Freien Universit\u00e4t Berlin und Stadtplanung an der Technischen Universit\u00e4t Berlin<\/td><\/tr><tr><td>1976-1981<\/td><td>Studium der Malerei an der Hochschule der K\u00fcnste Berlin bei Prof. Wolfgang Petrick<\/td><\/tr><tr><td>1978-1981<\/td><td>Kunstkritiken f\u00fcr die Berliner Tageszeitung \u201eDer Tagesspiegel\u201c, das Stadtmagazin \u201etip\u201c und zahlreiche Kunstmagazine<\/td><\/tr><tr><td>1983-2000<\/td><td>Verfassen von zahlreichen Manuskripten<\/td><\/tr><tr><td>1985<\/td><td>Mitarbeit im astrologischen Computer-Zentrum Berlin<\/td><\/tr><tr><td>2007<\/td><td>erste Hip-Hop-Improvisationsges\u00e4nge, Entwurf einer Globalfahne, Planung eines Musikkabaretts \u201eDer kulturelle Aufschwung\u201c<\/td><\/tr><tr><td>2017<\/td><td>gestorben in Berlin (Verkehrsunfall)<\/td><\/tr><\/tbody><\/table><\/figure>\n\n\n\n<div style=\"height:10px\" aria-hidden=\"true\" class=\"wp-block-spacer\"><\/div>\n\n\n\n<p><strong>Preise und Stipendien<\/strong><\/p>\n\n\n\n<div style=\"height:10px\" aria-hidden=\"true\" class=\"wp-block-spacer\"><\/div>\n\n\n\n<figure class=\"wp-block-table\"><table><tbody><tr><td>1985<\/td><td>Jahreskunstpreis des Frankfurter Vereins f\u00fcr K\u00fcnstlerhilfe<\/td><\/tr><tr><td>1980-1981<\/td><td>Studienstiftung des Deutschen Volkes<\/td><\/tr><\/tbody><\/table><\/figure>\n","protected":false},"excerpt":{"rendered":"<p>Biografie 1946 geboren in Langenberg (T\u00fcringen) 1966-1975 Studium der Wirtschaftswissenschaften an der Freien Universit\u00e4t Berlin und Stadtplanung an der Technischen Universit\u00e4t Berlin 1976-1981 Studium der Malerei an der Hochschule der K\u00fcnste Berlin bei Prof. Wolfgang Petrick 1978-1981 Kunstkritiken f\u00fcr die Berliner Tageszeitung \u201eDer Tagesspiegel\u201c, das Stadtmagazin \u201etip\u201c und zahlreiche Kunstmagazine 1983-2000 Verfassen von zahlreichen Manuskripten [&hellip;]<\/p>\n","protected":false},"author":1,"featured_media":0,"parent":932,"menu_order":0,"comment_status":"closed","ping_status":"closed","template":"kuenstler-text.php","meta":{"_acf_changed":false,"footnotes":""},"class_list":["post-1317","page","type-page","status-publish","hentry"],"acf":[],"_links":{"self":[{"href":"https:\/\/poll-berlin.de\/galerie\/wp-json\/wp\/v2\/pages\/1317","targetHints":{"allow":["GET"]}}],"collection":[{"href":"https:\/\/poll-berlin.de\/galerie\/wp-json\/wp\/v2\/pages"}],"about":[{"href":"https:\/\/poll-berlin.de\/galerie\/wp-json\/wp\/v2\/types\/page"}],"author":[{"embeddable":true,"href":"https:\/\/poll-berlin.de\/galerie\/wp-json\/wp\/v2\/users\/1"}],"replies":[{"embeddable":true,"href":"https:\/\/poll-berlin.de\/galerie\/wp-json\/wp\/v2\/comments?post=1317"}],"version-history":[{"count":17,"href":"https:\/\/poll-berlin.de\/galerie\/wp-json\/wp\/v2\/pages\/1317\/revisions"}],"predecessor-version":[{"id":35510,"href":"https:\/\/poll-berlin.de\/galerie\/wp-json\/wp\/v2\/pages\/1317\/revisions\/35510"}],"up":[{"embeddable":true,"href":"https:\/\/poll-berlin.de\/galerie\/wp-json\/wp\/v2\/pages\/932"}],"wp:attachment":[{"href":"https:\/\/poll-berlin.de\/galerie\/wp-json\/wp\/v2\/media?parent=1317"}],"curies":[{"name":"wp","href":"https:\/\/api.w.org\/{rel}","templated":true}]}}