{"id":1311,"date":"2025-07-08T16:39:17","date_gmt":"2025-07-08T14:39:17","guid":{"rendered":"https:\/\/poll-berlin.de\/galerie\/?page_id=1311"},"modified":"2025-07-08T16:49:28","modified_gmt":"2025-07-08T14:49:28","slug":"werke-in-sammlungen","status":"publish","type":"page","link":"https:\/\/poll-berlin.de\/galerie\/weitere-kuenstler\/jean-helion\/werke-in-sammlungen\/","title":{"rendered":"Werke in Sammlungen"},"content":{"rendered":"\n<p><strong>Werke in Sammlungen<\/strong><\/p>\n\n\n\n<p>Albright-Knox Art Gallery, Buffalo (USA)<br>The Art Institute of Chicago<br>Mus\u00e9e de l&#8217;Abbaye Sainte-Croix, Les Sables d\u2019Olonne<br>The Tate Gallery, London<br>Nationalmuseum f\u00fcr Geschichte und Kunst, Luxemburg<br>Collection of Morris &amp; Frelinghuysen, Massachusetts<br>St\u00e4dtische Galerie im Lenbachhaus, M\u00fcnchen<br>Guggenheim Museum, New York City<br>Metropolitan Museum of Art, New York City<br>Museum of Modern Art, New York City<br>Centre Georges-Pompidou, Paris<br>Mus\u00e9e d\u2019Art Moderne de la Ville de Paris<br>Frac Bretagne, Rennes (Frankreich)<br>San Francisco Museum of Modern Art<br>Museo de la Solidaridad Salvador Allende, Santiago<br>IVAM Centro Julio Gonz\u00e1lez, Valencia (Spanien)<br>Peggy Guggenheim Collection, Venedig<br><\/p>\n","protected":false},"excerpt":{"rendered":"<p>Werke in Sammlungen Albright-Knox Art Gallery, Buffalo (USA)The Art Institute of ChicagoMus\u00e9e de l&#8217;Abbaye Sainte-Croix, Les Sables d\u2019OlonneThe Tate Gallery, LondonNationalmuseum f\u00fcr Geschichte und Kunst, LuxemburgCollection of Morris &amp; Frelinghuysen, MassachusettsSt\u00e4dtische Galerie im Lenbachhaus, M\u00fcnchenGuggenheim Museum, New York CityMetropolitan Museum of Art, New York CityMuseum of Modern Art, New York CityCentre Georges-Pompidou, ParisMus\u00e9e d\u2019Art Moderne [&hellip;]<\/p>\n","protected":false},"author":1,"featured_media":0,"parent":931,"menu_order":2,"comment_status":"closed","ping_status":"closed","template":"kuenstler-text.php","meta":{"_acf_changed":false,"footnotes":""},"class_list":["post-1311","page","type-page","status-publish","hentry"],"acf":[],"_links":{"self":[{"href":"https:\/\/poll-berlin.de\/galerie\/wp-json\/wp\/v2\/pages\/1311","targetHints":{"allow":["GET"]}}],"collection":[{"href":"https:\/\/poll-berlin.de\/galerie\/wp-json\/wp\/v2\/pages"}],"about":[{"href":"https:\/\/poll-berlin.de\/galerie\/wp-json\/wp\/v2\/types\/page"}],"author":[{"embeddable":true,"href":"https:\/\/poll-berlin.de\/galerie\/wp-json\/wp\/v2\/users\/1"}],"replies":[{"embeddable":true,"href":"https:\/\/poll-berlin.de\/galerie\/wp-json\/wp\/v2\/comments?post=1311"}],"version-history":[{"count":5,"href":"https:\/\/poll-berlin.de\/galerie\/wp-json\/wp\/v2\/pages\/1311\/revisions"}],"predecessor-version":[{"id":43376,"href":"https:\/\/poll-berlin.de\/galerie\/wp-json\/wp\/v2\/pages\/1311\/revisions\/43376"}],"up":[{"embeddable":true,"href":"https:\/\/poll-berlin.de\/galerie\/wp-json\/wp\/v2\/pages\/931"}],"wp:attachment":[{"href":"https:\/\/poll-berlin.de\/galerie\/wp-json\/wp\/v2\/media?parent=1311"}],"curies":[{"name":"wp","href":"https:\/\/api.w.org\/{rel}","templated":true}]}}