{"id":1309,"date":"2022-01-27T15:14:53","date_gmt":"2022-01-27T14:14:53","guid":{"rendered":"https:\/\/poll-berlin.de\/galerie\/?page_id=1309"},"modified":"2024-03-12T18:09:42","modified_gmt":"2024-03-12T17:09:42","slug":"biografie","status":"publish","type":"page","link":"https:\/\/poll-berlin.de\/galerie\/weitere-kuenstler\/jean-helion\/biografie\/","title":{"rendered":"Biografie"},"content":{"rendered":"\n<p><strong>Biografie<\/strong><\/p>\n\n\n\n<div style=\"height:10px\" aria-hidden=\"true\" class=\"wp-block-spacer\"><\/div>\n\n\n\n<figure class=\"wp-block-table\"><table><tbody><tr><td>1904<\/td><td>geboren als Jean Bichier in Couterne (Frankreich)<\/td><\/tr><tr><td>1921<\/td><td>Lehre in einem Architekturb\u00fcro in Paris<\/td><\/tr><tr><td>1922-1923<\/td><td>Arbeit als Zeichner bei einem Architekten, erste Bilder und Aquarelle<\/td><\/tr><tr><td>1929<\/td><td>Mitbegr\u00fcnder der K\u00fcnstlergruppe \u201eArt concret\u201d in Paris<\/td><\/tr><tr><td>1931<\/td><td>Mitbegr\u00fcnder der K\u00fcnstlerbewegung \u201eAbstraction \u2013 Cr\u00e9ation\u201d in Paris<\/td><\/tr><tr><td>1933-1934<\/td><td>Reisen nach England und in die USA<\/td><\/tr><tr><td>1940-1944<\/td><td>Wehrdienst, deutsche Kriegsgefangenschaft, Flucht und R\u00fcckkehr \u00fcber Frankreich in die USA, Niederlassung in New York City<\/td><\/tr><tr><td>1946<\/td><td>R\u00fcckkehr nach Paris<\/td><\/tr><tr><td>1948\/1955<\/td><td>Reisen nach Italien (Venedig, Genua, Rom)<\/td><\/tr><tr><td>1971-1972<\/td><td>Reisen in den Tschad, nach Kamerun, Deutschland und in die \u010cSSR<\/td><\/tr><tr><td>1973<\/td><td>\u00dcbersiedlung nach Bigeonnette bei Chartres<\/td><\/tr><tr><td>1987<\/td><td>gestorben in Paris<\/td><\/tr><\/tbody><\/table><\/figure>\n\n\n\n<div style=\"height:10px\" aria-hidden=\"true\" class=\"wp-block-spacer\"><\/div>\n\n\n\n<p><strong>Preise und Stipendien<\/strong><\/p>\n\n\n\n<div style=\"height:10px\" aria-hidden=\"true\" class=\"wp-block-spacer\"><\/div>\n\n\n\n<figure class=\"wp-block-table\"><table><tbody><tr><td>1980<\/td><td>Kunstpreis der Stadt Paris<\/td><\/tr><\/tbody><\/table><\/figure>\n","protected":false},"excerpt":{"rendered":"<p>Biografie 1904 geboren als Jean Bichier in Couterne (Frankreich) 1921 Lehre in einem Architekturb\u00fcro in Paris 1922-1923 Arbeit als Zeichner bei einem Architekten, erste Bilder und Aquarelle 1929 Mitbegr\u00fcnder der K\u00fcnstlergruppe \u201eArt concret\u201d in Paris 1931 Mitbegr\u00fcnder der K\u00fcnstlerbewegung \u201eAbstraction \u2013 Cr\u00e9ation\u201d in Paris 1933-1934 Reisen nach England und in die USA 1940-1944 Wehrdienst, deutsche [&hellip;]<\/p>\n","protected":false},"author":1,"featured_media":0,"parent":931,"menu_order":0,"comment_status":"closed","ping_status":"closed","template":"kuenstler-text.php","meta":{"_acf_changed":false,"footnotes":""},"class_list":["post-1309","page","type-page","status-publish","hentry"],"acf":[],"_links":{"self":[{"href":"https:\/\/poll-berlin.de\/galerie\/wp-json\/wp\/v2\/pages\/1309","targetHints":{"allow":["GET"]}}],"collection":[{"href":"https:\/\/poll-berlin.de\/galerie\/wp-json\/wp\/v2\/pages"}],"about":[{"href":"https:\/\/poll-berlin.de\/galerie\/wp-json\/wp\/v2\/types\/page"}],"author":[{"embeddable":true,"href":"https:\/\/poll-berlin.de\/galerie\/wp-json\/wp\/v2\/users\/1"}],"replies":[{"embeddable":true,"href":"https:\/\/poll-berlin.de\/galerie\/wp-json\/wp\/v2\/comments?post=1309"}],"version-history":[{"count":11,"href":"https:\/\/poll-berlin.de\/galerie\/wp-json\/wp\/v2\/pages\/1309\/revisions"}],"predecessor-version":[{"id":36477,"href":"https:\/\/poll-berlin.de\/galerie\/wp-json\/wp\/v2\/pages\/1309\/revisions\/36477"}],"up":[{"embeddable":true,"href":"https:\/\/poll-berlin.de\/galerie\/wp-json\/wp\/v2\/pages\/931"}],"wp:attachment":[{"href":"https:\/\/poll-berlin.de\/galerie\/wp-json\/wp\/v2\/media?parent=1309"}],"curies":[{"name":"wp","href":"https:\/\/api.w.org\/{rel}","templated":true}]}}