{"id":1295,"date":"2023-01-23T15:54:39","date_gmt":"2023-01-23T14:54:39","guid":{"rendered":"https:\/\/poll-berlin.de\/galerie\/?page_id=1295"},"modified":"2025-12-10T17:34:52","modified_gmt":"2025-12-10T16:34:52","slug":"werke-in-sammlungen","status":"publish","type":"page","link":"https:\/\/poll-berlin.de\/galerie\/weitere-kuenstler\/g-l-gabriel\/werke-in-sammlungen\/","title":{"rendered":"Werke in Sammlungen"},"content":{"rendered":"\n<p><strong>Werke in Sammlungen<\/strong><\/p>\n\n\n\n<p>Ulster Museum, Belfast (Irland)<br>Allianz AG, Treptowers, Berlin<br>Artothek des Neuen Berliner Kunstvereins (NBK)<br>Berliner Sparkasse<br>Berlinische Galerie &#8211; Museum f\u00fcr Moderne Kunst<br>Deutsche Bank AG, Berlin<br>Kunstsammlung der Schering Stiftung, Berlin<br>Kunstsammlung des Deutschen Bundestages, Berlin<br>Kupferstichkabinett der Staatlichen Museen zu Berlin<br>Otto-Scheurmann-Bank, Berlin<br>Sammlung Penz, Berlin<br>Stiftung Stadtmuseum Berlin<br>Verlag Der Tagesspiegel, Berlin<br>Weberbank AG, Berlin<br>Ausw\u00e4rtiges Amt, Bonn<br>Bundesministerium f\u00fcr Arbeit, Bonn<br>Sammlung zeitgen\u00f6ssischer Kunst der Bundesrepublik Deutschland, Bonn<br>Goethe-Institut Lissabon<br>Zweites Deutsches Fernsehen, Mainz<br>Deutsche Botschaft Maskat (Oman)<\/p>\n","protected":false},"excerpt":{"rendered":"<p>Werke in Sammlungen Ulster Museum, Belfast (Irland)Allianz AG, Treptowers, BerlinArtothek des Neuen Berliner Kunstvereins (NBK)Berliner SparkasseBerlinische Galerie &#8211; Museum f\u00fcr Moderne KunstDeutsche Bank AG, BerlinKunstsammlung der Schering Stiftung, BerlinKunstsammlung des Deutschen Bundestages, BerlinKupferstichkabinett der Staatlichen Museen zu BerlinOtto-Scheurmann-Bank, BerlinSammlung Penz, BerlinStiftung Stadtmuseum BerlinVerlag Der Tagesspiegel, BerlinWeberbank AG, BerlinAusw\u00e4rtiges Amt, BonnBundesministerium f\u00fcr Arbeit, BonnSammlung zeitgen\u00f6ssischer Kunst [&hellip;]<\/p>\n","protected":false},"author":1,"featured_media":0,"parent":929,"menu_order":2,"comment_status":"closed","ping_status":"closed","template":"kuenstler-text.php","meta":{"_acf_changed":false,"footnotes":""},"class_list":["post-1295","page","type-page","status-publish","hentry"],"acf":[],"_links":{"self":[{"href":"https:\/\/poll-berlin.de\/galerie\/wp-json\/wp\/v2\/pages\/1295","targetHints":{"allow":["GET"]}}],"collection":[{"href":"https:\/\/poll-berlin.de\/galerie\/wp-json\/wp\/v2\/pages"}],"about":[{"href":"https:\/\/poll-berlin.de\/galerie\/wp-json\/wp\/v2\/types\/page"}],"author":[{"embeddable":true,"href":"https:\/\/poll-berlin.de\/galerie\/wp-json\/wp\/v2\/users\/1"}],"replies":[{"embeddable":true,"href":"https:\/\/poll-berlin.de\/galerie\/wp-json\/wp\/v2\/comments?post=1295"}],"version-history":[{"count":10,"href":"https:\/\/poll-berlin.de\/galerie\/wp-json\/wp\/v2\/pages\/1295\/revisions"}],"predecessor-version":[{"id":44923,"href":"https:\/\/poll-berlin.de\/galerie\/wp-json\/wp\/v2\/pages\/1295\/revisions\/44923"}],"up":[{"embeddable":true,"href":"https:\/\/poll-berlin.de\/galerie\/wp-json\/wp\/v2\/pages\/929"}],"wp:attachment":[{"href":"https:\/\/poll-berlin.de\/galerie\/wp-json\/wp\/v2\/media?parent=1295"}],"curies":[{"name":"wp","href":"https:\/\/api.w.org\/{rel}","templated":true}]}}