{"id":1293,"date":"2022-01-20T18:20:21","date_gmt":"2022-01-20T17:20:21","guid":{"rendered":"https:\/\/poll-berlin.de\/galerie\/?page_id=1293"},"modified":"2025-11-27T15:42:25","modified_gmt":"2025-11-27T14:42:25","slug":"biografie","status":"publish","type":"page","link":"https:\/\/poll-berlin.de\/galerie\/weitere-kuenstler\/g-l-gabriel\/biografie\/","title":{"rendered":"Biografie"},"content":{"rendered":"\n<p><strong>Biografie<\/strong><\/p>\n\n\n\n<div style=\"height:10px\" aria-hidden=\"true\" class=\"wp-block-spacer\"><\/div>\n\n\n\n<figure class=\"wp-block-table\"><table><tbody><tr><td>1958<\/td><td>geboren als Gabriele Thieler in M\u00fcnchen, aufgewachsen in Berlin<\/td><\/tr><tr><td>1976-1981<\/td><td>Studium der Malerei an der Hochschule der K\u00fcnste Berlin bei K.H. H\u00f6dicke<\/td><\/tr><tr><td>1981<\/td><td>Meistersch\u00fclerin bei K.H. H\u00f6dicke<\/td><\/tr><tr><td>1979<\/td><td>Mitglied der \u201eGalerie am Moritzplatz\u201c, Berlin<\/td><\/tr><tr><td>1982<\/td><td>Aufenthalt in Santo Domingo (Dominikanische Republik )<\/td><\/tr><tr><td>1986<\/td><td>Arbeitsaufenthalte in Argentinien und Brasilien<\/td><\/tr><tr><td>1987-1988<\/td><td>Studienreise nach Japan und Chile mit Arbeitsaufenthalt in der Atacama-W\u00fcste<\/td><\/tr><tr><td>1994-1999<\/td><td>Mitglied der Jury des Fred-Thieler-Preises f\u00fcr Malerei<\/td><\/tr><tr><td>1998<\/td><td>Studienreise durch Syrien<\/td><\/tr><\/tbody><\/table><\/figure>\n\n\n\n<p>G.L. Gabriel lebt und arbeitet in Berlin und Brandenburg.<\/p>\n\n\n\n<div style=\"height:10px\" aria-hidden=\"true\" class=\"wp-block-spacer\"><\/div>\n\n\n\n<p><strong>Preise und Stipendien<\/strong><\/p>\n\n\n\n<div style=\"height:10px\" aria-hidden=\"true\" class=\"wp-block-spacer\"><\/div>\n\n\n\n<figure class=\"wp-block-table\"><table><tbody><tr><td>1984<\/td><td>Arbeitsstipendium der Stiftung Kunstfonds, Bonn<\/td><\/tr><tr><td>1981<\/td><td>1. Preis bei der Ausschreibung \u201eKunst am Bau\u201c, Berlin<\/td><\/tr><\/tbody><\/table><\/figure>\n","protected":false},"excerpt":{"rendered":"<p>Biografie 1958 geboren als Gabriele Thieler in M\u00fcnchen, aufgewachsen in Berlin 1976-1981 Studium der Malerei an der Hochschule der K\u00fcnste Berlin bei K.H. H\u00f6dicke 1981 Meistersch\u00fclerin bei K.H. H\u00f6dicke 1979 Mitglied der \u201eGalerie am Moritzplatz\u201c, Berlin 1982 Aufenthalt in Santo Domingo (Dominikanische Republik ) 1986 Arbeitsaufenthalte in Argentinien und Brasilien 1987-1988 Studienreise nach Japan und [&hellip;]<\/p>\n","protected":false},"author":1,"featured_media":0,"parent":929,"menu_order":0,"comment_status":"closed","ping_status":"closed","template":"kuenstler-text.php","meta":{"_acf_changed":false,"footnotes":""},"class_list":["post-1293","page","type-page","status-publish","hentry"],"acf":[],"_links":{"self":[{"href":"https:\/\/poll-berlin.de\/galerie\/wp-json\/wp\/v2\/pages\/1293","targetHints":{"allow":["GET"]}}],"collection":[{"href":"https:\/\/poll-berlin.de\/galerie\/wp-json\/wp\/v2\/pages"}],"about":[{"href":"https:\/\/poll-berlin.de\/galerie\/wp-json\/wp\/v2\/types\/page"}],"author":[{"embeddable":true,"href":"https:\/\/poll-berlin.de\/galerie\/wp-json\/wp\/v2\/users\/1"}],"replies":[{"embeddable":true,"href":"https:\/\/poll-berlin.de\/galerie\/wp-json\/wp\/v2\/comments?post=1293"}],"version-history":[{"count":10,"href":"https:\/\/poll-berlin.de\/galerie\/wp-json\/wp\/v2\/pages\/1293\/revisions"}],"predecessor-version":[{"id":44833,"href":"https:\/\/poll-berlin.de\/galerie\/wp-json\/wp\/v2\/pages\/1293\/revisions\/44833"}],"up":[{"embeddable":true,"href":"https:\/\/poll-berlin.de\/galerie\/wp-json\/wp\/v2\/pages\/929"}],"wp:attachment":[{"href":"https:\/\/poll-berlin.de\/galerie\/wp-json\/wp\/v2\/media?parent=1293"}],"curies":[{"name":"wp","href":"https:\/\/api.w.org\/{rel}","templated":true}]}}